{"id":3136,"date":"2021-05-03T07:27:39","date_gmt":"2021-05-03T07:27:39","guid":{"rendered":"https:\/\/www.bdrdiagnostics.com\/cookies-policy\/"},"modified":"2024-08-29T13:19:43","modified_gmt":"2024-08-29T12:19:43","slug":"politica-de-cookies","status":"publish","type":"page","link":"https:\/\/www.bdrdiagnostics.com\/es\/politica-de-cookies\/","title":{"rendered":"Pol\u00edtica de cookies"},"content":{"rendered":"\t\t<div data-elementor-type=\"wp-page\" data-elementor-id=\"3136\" class=\"elementor elementor-3136 elementor-31\" data-elementor-post-type=\"page\">\n\t\t\t\t\t\t<section class=\"elementor-section elementor-top-section elementor-element elementor-element-f0e34ec elementor-section-boxed elementor-section-height-default elementor-section-height-default\" data-id=\"f0e34ec\" data-element_type=\"section\" data-e-type=\"section\" data-settings=\"{&quot;jet_parallax_layout_list&quot;:[{&quot;jet_parallax_layout_image&quot;:{&quot;url&quot;:&quot;&quot;,&quot;id&quot;:&quot;&quot;,&quot;size&quot;:&quot;&quot;},&quot;_id&quot;:&quot;6c5a817&quot;,&quot;jet_parallax_layout_image_tablet&quot;:{&quot;url&quot;:&quot;&quot;,&quot;id&quot;:&quot;&quot;,&quot;size&quot;:&quot;&quot;},&quot;jet_parallax_layout_image_mobile&quot;:{&quot;url&quot;:&quot;&quot;,&quot;id&quot;:&quot;&quot;,&quot;size&quot;:&quot;&quot;},&quot;jet_parallax_layout_speed&quot;:{&quot;unit&quot;:&quot;%&quot;,&quot;size&quot;:50,&quot;sizes&quot;:[]},&quot;jet_parallax_layout_type&quot;:&quot;scroll&quot;,&quot;jet_parallax_layout_direction&quot;:&quot;1&quot;,&quot;jet_parallax_layout_fx_direction&quot;:null,&quot;jet_parallax_layout_z_index&quot;:&quot;&quot;,&quot;jet_parallax_layout_bg_x&quot;:50,&quot;jet_parallax_layout_bg_x_tablet&quot;:&quot;&quot;,&quot;jet_parallax_layout_bg_x_mobile&quot;:&quot;&quot;,&quot;jet_parallax_layout_bg_y&quot;:50,&quot;jet_parallax_layout_bg_y_tablet&quot;:&quot;&quot;,&quot;jet_parallax_layout_bg_y_mobile&quot;:&quot;&quot;,&quot;jet_parallax_layout_bg_size&quot;:&quot;auto&quot;,&quot;jet_parallax_layout_bg_size_tablet&quot;:&quot;&quot;,&quot;jet_parallax_layout_bg_size_mobile&quot;:&quot;&quot;,&quot;jet_parallax_layout_animation_prop&quot;:&quot;transform&quot;,&quot;jet_parallax_layout_on&quot;:[&quot;desktop&quot;,&quot;tablet&quot;]}]}\">\n\t\t\t\t\t\t<div class=\"elementor-container elementor-column-gap-default\">\n\t\t\t\t\t<div class=\"elementor-column elementor-col-100 elementor-top-column elementor-element elementor-element-4fba49a\" data-id=\"4fba49a\" data-element_type=\"column\" data-e-type=\"column\">\n\t\t\t<div class=\"elementor-widget-wrap elementor-element-populated\">\n\t\t\t\t\t\t<div class=\"elementor-element elementor-element-9afbfe4 elementor-widget elementor-widget-text-editor\" data-id=\"9afbfe4\" data-element_type=\"widget\" data-e-type=\"widget\" data-widget_type=\"text-editor.default\">\n\t\t\t\t<div class=\"elementor-widget-container\">\n\t\t\t\t\t\t\t\t\t<h1>Pol\u00edtica de cookies<\/h1><p><strong>\u00bfQUE SON LAS COOKIES?<\/strong><\/p><p>Una cookie es un fichero que se descarga en el ordenador del usuario al acceder a determinadas p\u00e1ginas web y que almacena y recupera informaci\u00f3n cuando navega. Las cookies permiten, entre otras cosas, reconocerte como usuario, obtener informaci\u00f3n sobre los h\u00e1bitos de navegaci\u00f3n del usuario, o personalizar la forma en que se muestra el contenido. Los usos de las cookies realizado por esta p\u00e1gina web, se describen en esta Pol\u00edtica de Cookies.<\/p><p><strong>TIPOS DE COOKIES<\/strong><\/p><p>Las cookies se pueden clasificar de la siguiente forma:<\/p><p><strong>Cookies seg\u00fan la entidad que las gestiona<\/strong>:<\/p><p>1.-\u00a0<strong>Cookies propias<\/strong>: Son aqu\u00e9llas que se env\u00edan al equipo terminal del usuario desde un equipo o dominio gestionado por el propio editor y desde el que se presta el servicio solicitado por el usuario.<\/p><p>2.-\u00a0<strong>Cookies de terceros<\/strong>: Son aqu\u00e9llas que se env\u00edan al equipo terminal del usuario desde un equipo o dominio que no es gestionado por el editor, sino por otra entidad que trata los datos obtenidos trav\u00e9s de las cookies.<\/p><p><strong>Cookies seg\u00fan la finalidad<\/strong>:<\/p><p>1.-\u00a0<strong>Cookies necesarias o t\u00e9cnicas:<\/strong>\u00a0son aquellas que permiten al usuario la navegaci\u00f3n a trav\u00e9s de una p\u00e1gina web, plataforma o aplicaci\u00f3n y la utilizaci\u00f3n de las diferentes opciones o servicios que en ella existan, incluyendo aquellas que el editor utiliza para permitir la gesti\u00f3n y operativa de la p\u00e1gina web y habilitar sus funciones y servicios.<\/p><p>2.-<strong>\u00a0Cookies de preferencias o personalizaci\u00f3n:<\/strong>\u00a0son aquellas que permiten recordar informaci\u00f3n para que el usuario acceda al servicio con determinadas caracter\u00edsticas que pueden diferencias su experiencia de la de otros usuarios.<\/p><p>3.-\u00a0<strong>Cookies de estad\u00edstica, an\u00e1lisis o medici\u00f3n<\/strong>: Son aqu\u00e9llas que permiten al responsable de las mismas el seguimiento y an\u00e1lisis del comportamiento de los usuarios de los sitios web a los que est\u00e1n vinculadas.<\/p><p>4.-\u00a0<strong>Cookies de marketing o publicidad comportamental<\/strong>: Son aqu\u00e9llas que almacenan informaci\u00f3n del comportamiento de los usuarios obtenida a trav\u00e9s de la observaci\u00f3n continuada de sus h\u00e1bitos de navegaci\u00f3n, lo que permite desarrollar un perfil espec\u00edfico para mostrar publicidad en funci\u00f3n del mismo.<\/p><p><strong>Cookies seg\u00fan el plazo de tiempo que permanecen activadas<\/strong>:<\/p><p>1.-\u00a0<strong>Cookies de sesi\u00f3n:<\/strong>\u00a0son aquellas dise\u00f1adas para recabar y almacenar datos mientras el usuario accede a una p\u00e1gina web.<\/p><p>2.-\u00a0<strong>Cookies persistentes<\/strong>: son aquellas en las que los datos siguen almacenados en el terminal y pueden ser accedidos y tratados durante un periodo definido por el responsable de la cookie, y que puede ir de unos minutos a varios a\u00f1os.<\/p><p><strong>\u00bfQu\u00e9 cookies se usan en este sitio web?<\/strong><\/p><p>Se utilizan cookies propias y de terceros:<\/p><p>Resumen de cookies<\/p><ul><li><strong>moove_gpdr_popup<\/strong>\u00a0Guarda las preferencias del aviso de cookies<\/li><li><strong>PHPSESSID<\/strong>\u00a0Esta cookie es nativa de las aplicaciones PHP. La cookie se utiliza para almacenar<br \/>e identificar el ID de sesi\u00f3n \u00fanico de un usuario con el fin de gestionar la sesi\u00f3n del usuario en<br \/>el sitio web. La cookie es una cookie de sesi\u00f3n y se elimina cuando se cierran todas las ventanas<br \/>del navegador.<\/li><li><strong>_GRECAPTCHA<\/strong>\u00a0Duraci\u00f3n: 6 meses. Es una cookie propia de Google que se utiliza para realizar<br \/>an\u00e1lisis de riesgo. No almacena ning\u00fan dato personal.<\/li><li><strong>_ga:<\/strong> Duraci\u00f3n: 2 a\u00f1os. La cookie_ga, instalada por Google Analytics, calcula los datos de visitantes, sesiones y campa\u00f1as y tambi\u00e9n realiza un seguimiento del uso del sitio para el informe de an\u00e1lisis del sitio. La cookie almacena la informaci\u00f3n de forma an\u00f3nima y asigna un n\u00famero generado aleatoriamente para reconocer a los visitantes \u00fanicos.<\/li><li><strong>_gid:<\/strong> Duraci\u00f3n: 1 d\u00eda. Instalada por Google Analytics, la cookie _gid almacena informaci\u00f3n sobre c\u00f3mo los visitantes utilizan un sitio web, al tiempo que crea un informe anal\u00edtico del rendimiento del sitio web. Algunos de los datos que se recopilan son el n\u00famero de visitantes, su procedencia y las p\u00e1ginas que visitan de forma an\u00f3nima.<\/li><li><strong>_git_gatg_*, _gat:<\/strong> Esta cookie se utiliza para limitar el n\u00famero de solicitudes a Google Analytics realizadas por un solo navegador. Se trata de una cookie de sesi\u00f3n que caduca cuando se cierra el navegador.<\/li><\/ul><div>\u00a0<\/div><p><strong>REVOCACI\u00d3N Y ELIMINACI\u00d3N DE COOKIES<\/strong><\/p><p>Cuando acceda por primera vez a nuestra web podr\u00e1 aceptar o rechazar el uso de todas nuestras cookies o si lo prefiere, podr\u00e1 acceder a la configuraci\u00f3n y aceptar las cookies atendiendo al tipo de las mismas, exceptuando las cookies t\u00e9cnicas, las cuales est\u00e1n exceptuadas de necesitar consentimiento del usuario. Podr\u00e1 cambiar sus preferencias en cualquier momento accediendo a nuestro panel de configuraci\u00f3n.<\/p><p>Adem\u00e1s, puede acceder a la configuraci\u00f3n de su navegador para restringir, bloquear o borrar las cookies, siguiendo uno de los siguientes procedimientos, que depende del navegador que utilice:<\/p><p><strong>Google Chrome<\/strong><\/p><p><a href=\"https:\/\/support.google.com\/chrome\/answer\/95647?hl=es\">https:\/\/support.google.com\/chrome\/answer\/95647?hl=es<\/a><\/p><p><strong>Microsoft Edge<\/strong><\/p><p><a href=\"http:\/\/windows.microsoft.com\/es-es\/internet-explorer\/delete-manage-cookies#ie=ie-9\">http:\/\/windows.microsoft.com\/es-es\/internet-explorer\/delete-manage-cookies#ie=ie-9<\/a><\/p><p><strong>Firefox<\/strong><br \/><a href=\"http:\/\/support.mozilla.org\/es\/kb\/habilitar-y-deshabilitar-cookies-que-los-sitios-we\" target=\"_blank\" rel=\"noreferrer noopener\">http:\/\/support.mozilla.org\/es\/kb\/habilitar-y-deshabilitar-cookies-que-los-sitios-we\u00a0<\/a><\/p><p><strong>Safari , iPad e iPhone<\/strong><br \/><a href=\"https:\/\/support.apple.com\/es-es\/HT201265\">https:\/\/support.apple.com\/es-es\/HT201265<\/a><\/p><p><strong>Opera (Enlace en ingl\u00e9s)<\/strong><br \/><a href=\"http:\/\/help.opera.com\/Linux\/10.60\/es-ES\/cookies.html\" target=\"_blank\" rel=\"noreferrer noopener\">http:\/\/help.opera.com\/Linux\/10.60\/es-ES\/cookies.html\u00a0<\/a><\/p><p><strong style=\"color: inherit; font-family: 'Playfair Display', sans-serif; font-size: 42px;\">Terceros prestadores de servicios<\/strong><\/p><p>En concreto los terceros prestadores de servicios con los que hemos<br \/>contratado alg\u00fan servicio para el que es necesario la utilizaci\u00f3n de<br \/>cookies son:<\/p><div><div><p><strong>Proveedor<\/strong><\/p><p>Google Analytics<\/p><\/div><div><p><strong>Finalidad del Servicio y de la Cookie<\/strong><\/p><p>Destinadas al an\u00e1lisis de la web, por ejemplo cu\u00e1ntas p\u00e1ginas ha visitado un usuario o el tiempo de sesi\u00f3n<\/p><\/div><div><p><strong>Informaci\u00f3n del Proveedor<\/strong><\/p><p><a href=\"https:\/\/developers.google.com\/analytics\/devguides\/collection\/gajs\/cookie-usage\">https:\/\/developers.google.com\/analytics\/devguides\/collection\/gajs\/cookie-usage<\/a><\/p><\/div><\/div><p>En caso de aceptar las cookies de terceros, est\u00e1s deber\u00e1n ser<br \/>eliminadas desde las opciones del navegador, tal y como se describe en<br \/>el punto anterior de esta pol\u00edtica o desde el sistema ofrecido por el<br \/>tercero.<\/p><p>Adem\u00e1s, puedes informarte de las transferencias internacionales a<br \/>terceros pa\u00edses, que en su caso realizan los terceros identificados en<br \/>la tabla anterior, en sus correspondientes pol\u00edticas accediendo a trav\u00e9s<br \/>del enlace ubicado en \u201cinformaci\u00f3n del proveedor\u201d de la tabla anterior.<\/p>\t\t\t\t\t\t\t\t<\/div>\n\t\t\t\t<\/div>\n\t\t\t\t\t<\/div>\n\t\t<\/div>\n\t\t\t\t\t<\/div>\n\t\t<\/section>\n\t\t\t\t<\/div>\n\t\t","protected":false},"excerpt":{"rendered":"<p>Pol\u00edtica de cookies \u00bfQUE SON LAS COOKIES? Una cookie es un fichero que se descarga en el ordenador del usuario al acceder a determinadas p\u00e1ginas web y que almacena y recupera informaci\u00f3n cuando navega. Las cookies permiten, entre otras cosas, reconocerte como usuario, obtener informaci\u00f3n sobre los h\u00e1bitos de navegaci\u00f3n del usuario, o personalizar la [&hellip;]<\/p>\n","protected":false},"author":1,"featured_media":0,"parent":0,"menu_order":0,"comment_status":"closed","ping_status":"closed","template":"","meta":{"footnotes":""},"class_list":["post-3136","page","type-page","status-publish","hentry"],"yoast_head":"<!-- This site is optimized with the Yoast SEO plugin v27.2 - https:\/\/yoast.com\/product\/yoast-seo-wordpress\/ -->\n<title>Pol\u00edtica de cookies - BDR | Blackhills Diagnostics Resources<\/title>\n<meta name=\"robots\" content=\"index, follow, max-snippet:-1, max-image-preview:large, max-video-preview:-1\" \/>\n<link rel=\"canonical\" href=\"https:\/\/www.bdrdiagnostics.com\/es\/politica-de-cookies\/\" \/>\n<meta property=\"og:locale\" content=\"es_ES\" \/>\n<meta property=\"og:type\" content=\"article\" \/>\n<meta property=\"og:title\" content=\"Pol\u00edtica de cookies - BDR | Blackhills Diagnostics Resources\" \/>\n<meta property=\"og:description\" content=\"Pol\u00edtica de cookies \u00bfQUE SON LAS COOKIES? Una cookie es un fichero que se descarga en el ordenador del usuario al acceder a determinadas p\u00e1ginas web y que almacena y recupera informaci\u00f3n cuando navega. Las cookies permiten, entre otras cosas, reconocerte como usuario, obtener informaci\u00f3n sobre los h\u00e1bitos de navegaci\u00f3n del usuario, o personalizar la [&hellip;]\" \/>\n<meta property=\"og:url\" content=\"https:\/\/www.bdrdiagnostics.com\/es\/politica-de-cookies\/\" \/>\n<meta property=\"og:site_name\" content=\"BDR | Blackhills Diagnostics Resources\" \/>\n<meta property=\"article:modified_time\" content=\"2024-08-29T12:19:43+00:00\" \/>\n<meta name=\"twitter:card\" content=\"summary_large_image\" \/>\n<meta name=\"twitter:label1\" content=\"Tiempo de lectura\" \/>\n\t<meta name=\"twitter:data1\" content=\"5 minutos\" \/>\n<script type=\"application\/ld+json\" class=\"yoast-schema-graph\">{\"@context\":\"https:\/\/schema.org\",\"@graph\":[{\"@type\":\"WebPage\",\"@id\":\"https:\/\/www.bdrdiagnostics.com\/es\/politica-de-cookies\/\",\"url\":\"https:\/\/www.bdrdiagnostics.com\/es\/politica-de-cookies\/\",\"name\":\"Pol\u00edtica de cookies - BDR | Blackhills Diagnostics Resources\",\"isPartOf\":{\"@id\":\"https:\/\/www.bdrdiagnostics.com\/es\/#website\"},\"datePublished\":\"2021-05-03T07:27:39+00:00\",\"dateModified\":\"2024-08-29T12:19:43+00:00\",\"breadcrumb\":{\"@id\":\"https:\/\/www.bdrdiagnostics.com\/es\/politica-de-cookies\/#breadcrumb\"},\"inLanguage\":\"es\",\"potentialAction\":[{\"@type\":\"ReadAction\",\"target\":[\"https:\/\/www.bdrdiagnostics.com\/es\/politica-de-cookies\/\"]}]},{\"@type\":\"BreadcrumbList\",\"@id\":\"https:\/\/www.bdrdiagnostics.com\/es\/politica-de-cookies\/#breadcrumb\",\"itemListElement\":[{\"@type\":\"ListItem\",\"position\":1,\"name\":\"Home\",\"item\":\"https:\/\/www.bdrdiagnostics.com\/es\/\"},{\"@type\":\"ListItem\",\"position\":2,\"name\":\"Pol\u00edtica de cookies\"}]},{\"@type\":\"WebSite\",\"@id\":\"https:\/\/www.bdrdiagnostics.com\/es\/#website\",\"url\":\"https:\/\/www.bdrdiagnostics.com\/es\/\",\"name\":\"BDR | Blackhills Diagnostics Resources\",\"description\":\"Desarrollo de productos para el diagn\u00f3stico in vitro\",\"publisher\":{\"@id\":\"https:\/\/www.bdrdiagnostics.com\/es\/#organization\"},\"potentialAction\":[{\"@type\":\"SearchAction\",\"target\":{\"@type\":\"EntryPoint\",\"urlTemplate\":\"https:\/\/www.bdrdiagnostics.com\/es\/?s={search_term_string}\"},\"query-input\":{\"@type\":\"PropertyValueSpecification\",\"valueRequired\":true,\"valueName\":\"search_term_string\"}}],\"inLanguage\":\"es\"},{\"@type\":\"Organization\",\"@id\":\"https:\/\/www.bdrdiagnostics.com\/es\/#organization\",\"name\":\"BDR | Blackhills Diagnostics Resources\",\"url\":\"https:\/\/www.bdrdiagnostics.com\/es\/\",\"logo\":{\"@type\":\"ImageObject\",\"inLanguage\":\"es\",\"@id\":\"https:\/\/www.bdrdiagnostics.com\/es\/#\/schema\/logo\/image\/\",\"url\":\"https:\/\/www.bdrdiagnostics.com\/wp-content\/uploads\/2021\/09\/bdr-logo.svg\",\"contentUrl\":\"https:\/\/www.bdrdiagnostics.com\/wp-content\/uploads\/2021\/09\/bdr-logo.svg\",\"width\":127,\"height\":53,\"caption\":\"BDR | Blackhills Diagnostics Resources\"},\"image\":{\"@id\":\"https:\/\/www.bdrdiagnostics.com\/es\/#\/schema\/logo\/image\/\"}}]}<\/script>\n<!-- \/ Yoast SEO plugin. -->","yoast_head_json":{"title":"Pol\u00edtica de cookies - BDR | Blackhills Diagnostics Resources","robots":{"index":"index","follow":"follow","max-snippet":"max-snippet:-1","max-image-preview":"max-image-preview:large","max-video-preview":"max-video-preview:-1"},"canonical":"https:\/\/www.bdrdiagnostics.com\/es\/politica-de-cookies\/","og_locale":"es_ES","og_type":"article","og_title":"Pol\u00edtica de cookies - BDR | Blackhills Diagnostics Resources","og_description":"Pol\u00edtica de cookies \u00bfQUE SON LAS COOKIES? Una cookie es un fichero que se descarga en el ordenador del usuario al acceder a determinadas p\u00e1ginas web y que almacena y recupera informaci\u00f3n cuando navega. Las cookies permiten, entre otras cosas, reconocerte como usuario, obtener informaci\u00f3n sobre los h\u00e1bitos de navegaci\u00f3n del usuario, o personalizar la [&hellip;]","og_url":"https:\/\/www.bdrdiagnostics.com\/es\/politica-de-cookies\/","og_site_name":"BDR | Blackhills Diagnostics Resources","article_modified_time":"2024-08-29T12:19:43+00:00","twitter_card":"summary_large_image","twitter_misc":{"Tiempo de lectura":"5 minutos"},"schema":{"@context":"https:\/\/schema.org","@graph":[{"@type":"WebPage","@id":"https:\/\/www.bdrdiagnostics.com\/es\/politica-de-cookies\/","url":"https:\/\/www.bdrdiagnostics.com\/es\/politica-de-cookies\/","name":"Pol\u00edtica de cookies - BDR | Blackhills Diagnostics Resources","isPartOf":{"@id":"https:\/\/www.bdrdiagnostics.com\/es\/#website"},"datePublished":"2021-05-03T07:27:39+00:00","dateModified":"2024-08-29T12:19:43+00:00","breadcrumb":{"@id":"https:\/\/www.bdrdiagnostics.com\/es\/politica-de-cookies\/#breadcrumb"},"inLanguage":"es","potentialAction":[{"@type":"ReadAction","target":["https:\/\/www.bdrdiagnostics.com\/es\/politica-de-cookies\/"]}]},{"@type":"BreadcrumbList","@id":"https:\/\/www.bdrdiagnostics.com\/es\/politica-de-cookies\/#breadcrumb","itemListElement":[{"@type":"ListItem","position":1,"name":"Home","item":"https:\/\/www.bdrdiagnostics.com\/es\/"},{"@type":"ListItem","position":2,"name":"Pol\u00edtica de cookies"}]},{"@type":"WebSite","@id":"https:\/\/www.bdrdiagnostics.com\/es\/#website","url":"https:\/\/www.bdrdiagnostics.com\/es\/","name":"BDR | Blackhills Diagnostics Resources","description":"Desarrollo de productos para el diagn\u00f3stico in vitro","publisher":{"@id":"https:\/\/www.bdrdiagnostics.com\/es\/#organization"},"potentialAction":[{"@type":"SearchAction","target":{"@type":"EntryPoint","urlTemplate":"https:\/\/www.bdrdiagnostics.com\/es\/?s={search_term_string}"},"query-input":{"@type":"PropertyValueSpecification","valueRequired":true,"valueName":"search_term_string"}}],"inLanguage":"es"},{"@type":"Organization","@id":"https:\/\/www.bdrdiagnostics.com\/es\/#organization","name":"BDR | Blackhills Diagnostics Resources","url":"https:\/\/www.bdrdiagnostics.com\/es\/","logo":{"@type":"ImageObject","inLanguage":"es","@id":"https:\/\/www.bdrdiagnostics.com\/es\/#\/schema\/logo\/image\/","url":"https:\/\/www.bdrdiagnostics.com\/wp-content\/uploads\/2021\/09\/bdr-logo.svg","contentUrl":"https:\/\/www.bdrdiagnostics.com\/wp-content\/uploads\/2021\/09\/bdr-logo.svg","width":127,"height":53,"caption":"BDR | Blackhills Diagnostics Resources"},"image":{"@id":"https:\/\/www.bdrdiagnostics.com\/es\/#\/schema\/logo\/image\/"}}]}},"_links":{"self":[{"href":"https:\/\/www.bdrdiagnostics.com\/es\/wp-json\/wp\/v2\/pages\/3136","targetHints":{"allow":["GET"]}}],"collection":[{"href":"https:\/\/www.bdrdiagnostics.com\/es\/wp-json\/wp\/v2\/pages"}],"about":[{"href":"https:\/\/www.bdrdiagnostics.com\/es\/wp-json\/wp\/v2\/types\/page"}],"author":[{"embeddable":true,"href":"https:\/\/www.bdrdiagnostics.com\/es\/wp-json\/wp\/v2\/users\/1"}],"replies":[{"embeddable":true,"href":"https:\/\/www.bdrdiagnostics.com\/es\/wp-json\/wp\/v2\/comments?post=3136"}],"version-history":[{"count":43,"href":"https:\/\/www.bdrdiagnostics.com\/es\/wp-json\/wp\/v2\/pages\/3136\/revisions"}],"predecessor-version":[{"id":7687,"href":"https:\/\/www.bdrdiagnostics.com\/es\/wp-json\/wp\/v2\/pages\/3136\/revisions\/7687"}],"wp:attachment":[{"href":"https:\/\/www.bdrdiagnostics.com\/es\/wp-json\/wp\/v2\/media?parent=3136"}],"curies":[{"name":"wp","href":"https:\/\/api.w.org\/{rel}","templated":true}]}}