{"id":3202,"date":"2022-03-22T10:31:27","date_gmt":"2022-03-22T09:31:27","guid":{"rendered":"https:\/\/www.bdrdiagnostics.com\/data-policy\/"},"modified":"2022-03-22T10:33:35","modified_gmt":"2022-03-22T09:33:35","slug":"politica-de-datos","status":"publish","type":"page","link":"https:\/\/www.bdrdiagnostics.com\/es\/politica-de-datos\/","title":{"rendered":"Pol\u00edtica de datos"},"content":{"rendered":"\t\t<div data-elementor-type=\"wp-page\" data-elementor-id=\"3202\" class=\"elementor elementor-3202 elementor-3193\" data-elementor-post-type=\"page\">\n\t\t\t\t\t\t<section class=\"elementor-section elementor-top-section elementor-element elementor-element-5555e0d elementor-section-boxed elementor-section-height-default elementor-section-height-default\" data-id=\"5555e0d\" data-element_type=\"section\" data-e-type=\"section\" data-settings=\"{&quot;jet_parallax_layout_list&quot;:[{&quot;jet_parallax_layout_image&quot;:{&quot;url&quot;:&quot;&quot;,&quot;id&quot;:&quot;&quot;,&quot;size&quot;:&quot;&quot;},&quot;_id&quot;:&quot;6c5a817&quot;,&quot;jet_parallax_layout_image_tablet&quot;:{&quot;url&quot;:&quot;&quot;,&quot;id&quot;:&quot;&quot;,&quot;size&quot;:&quot;&quot;},&quot;jet_parallax_layout_image_mobile&quot;:{&quot;url&quot;:&quot;&quot;,&quot;id&quot;:&quot;&quot;,&quot;size&quot;:&quot;&quot;},&quot;jet_parallax_layout_speed&quot;:{&quot;unit&quot;:&quot;%&quot;,&quot;size&quot;:50,&quot;sizes&quot;:[]},&quot;jet_parallax_layout_type&quot;:&quot;scroll&quot;,&quot;jet_parallax_layout_direction&quot;:&quot;1&quot;,&quot;jet_parallax_layout_fx_direction&quot;:null,&quot;jet_parallax_layout_z_index&quot;:&quot;&quot;,&quot;jet_parallax_layout_bg_x&quot;:50,&quot;jet_parallax_layout_bg_x_tablet&quot;:&quot;&quot;,&quot;jet_parallax_layout_bg_x_mobile&quot;:&quot;&quot;,&quot;jet_parallax_layout_bg_y&quot;:50,&quot;jet_parallax_layout_bg_y_tablet&quot;:&quot;&quot;,&quot;jet_parallax_layout_bg_y_mobile&quot;:&quot;&quot;,&quot;jet_parallax_layout_bg_size&quot;:&quot;auto&quot;,&quot;jet_parallax_layout_bg_size_tablet&quot;:&quot;&quot;,&quot;jet_parallax_layout_bg_size_mobile&quot;:&quot;&quot;,&quot;jet_parallax_layout_animation_prop&quot;:&quot;transform&quot;,&quot;jet_parallax_layout_on&quot;:[&quot;desktop&quot;,&quot;tablet&quot;]}]}\">\n\t\t\t\t\t\t<div class=\"elementor-container elementor-column-gap-default\">\n\t\t\t\t\t<div class=\"elementor-column elementor-col-100 elementor-top-column elementor-element elementor-element-8628d53\" data-id=\"8628d53\" data-element_type=\"column\" data-e-type=\"column\">\n\t\t\t<div class=\"elementor-widget-wrap elementor-element-populated\">\n\t\t\t\t\t\t<div class=\"elementor-element elementor-element-90bc3e8 elementor-widget elementor-widget-text-editor\" data-id=\"90bc3e8\" data-element_type=\"widget\" data-e-type=\"widget\" data-widget_type=\"text-editor.default\">\n\t\t\t\t<div class=\"elementor-widget-container\">\n\t\t\t\t\t\t\t\t\t<h1>Pol\u00edtica de datos<\/h1><p>\u00a0<\/p><p>BLACKHILLS DIAGNOSTIC RESOURCES S.L.U. en cumplimiento de lo establecido en el Reglamento General de Protecci\u00f3n de datos (Reglamento (UE) 2016\/679), as\u00ed como en la Ley Org\u00e1nica 3\/2018, de 5 de diciembre, de Protecci\u00f3n de Datos Personales y garant\u00eda de los derechos digitales, informa:<\/p><p><strong>\u00bfQui\u00e9n es el responsable del tratamiento de sus datos?<\/strong><\/p><p>BLACKHILLS DIAGNOSTIC RESOURCES S.L.U. con CIF B99350316 y domicilio a efectos de notificaciones en Camino del Pil\u00f3n, n\u00ba 86, casa 7, local, 50011 de Zaragoza (Espa\u00f1a).<\/p><p>Puede contactar llamando al 976320849 o a trav\u00e9s del correo electr\u00f3nico info@bdrdiagnostics.com.<\/p><p><strong>\u00bfCon que finalidad recogemos sus datos y base jur\u00eddica parar tratar sus datos?<\/strong><\/p><div class=\"wp-block-spacer\" aria-hidden=\"true\">\u00a0<\/div><p><strong>DATOS PERSONALES DE CLIENTES POTENCIALES<\/strong><\/p><div class=\"wp-block-spacer\" aria-hidden=\"true\">\u00a0<\/div><table class=\"wp-block-table\"><tbody><tr><td><strong>FINALIDAD<\/strong><\/td><td><strong>BASE JUR\u00cdDICA<\/strong><\/td><\/tr><tr><td>Presupuestar los servicios solicitados<\/td><td>Es la ejecuci\u00f3n de medidas precontractuales a petici\u00f3n del interesado (presupuestos)<\/td><\/tr><tr><td>Env\u00edo de informaci\u00f3n comercial<\/td><td>Es el consentimiento<\/td><\/tr><\/tbody><\/table><div class=\"wp-block-spacer\" aria-hidden=\"true\">\u00a0<\/div><p><strong>DATOS PERSONALES DE CLIENTES<\/strong><\/p><div class=\"wp-block-spacer\" aria-hidden=\"true\">\u00a0<\/div><table class=\"wp-block-table\"><tbody><tr><td><strong>FINALIDAD<\/strong><\/td><td><strong>BASE JUR\u00cdDICA<\/strong><\/td><\/tr><tr><td>Presupuestar los servicios solicitados<\/td><td>Es la ejecuci\u00f3n de medidas precontractuales a petici\u00f3n del interesado (presupuestos)<\/td><\/tr><tr><td>Prestaci\u00f3n de los servicios solicitados\u00a0<\/td><td>Es la ejecuci\u00f3n de un contrato<\/td><\/tr><tr><td>Gesti\u00f3n interna cliente-empresa<\/td><td>Es la obligaci\u00f3n legal de BLACKHILLS DIAGNOSTIC RESOURCES S.L.U. de cumplir con sus obligaciones fiscales y tributarias<\/td><\/tr><tr><td>Gesti\u00f3n administrativa de nuestra empresa<\/td><td>Es la ejecuci\u00f3n de un contrato<\/td><\/tr><tr><td>Facturaci\u00f3n de los servicios solicitados, en su caso<\/td><td>Es la obligaci\u00f3n legal de BLACKHILLS DIAGNOSTIC RESOURCES S.L.U. de cumplir con sus obligaciones fiscales y tributarias<\/td><\/tr><tr><td>Env\u00edo de informaci\u00f3n comercial<\/td><td>Inter\u00e9s leg\u00edtimo en base al art. 21.2 de la Ley de Servicios de la Sociedad de la Informaci\u00f3n y de comercio electr\u00f3nico (LSSI+CE)<\/td><\/tr><\/tbody><\/table><div class=\"wp-block-spacer\" aria-hidden=\"true\">\u00a0<\/div><p><strong>DATOS PERSONALES DE PROVEEDORES<\/strong><\/p><div class=\"wp-block-spacer\" aria-hidden=\"true\">\u00a0<\/div><table class=\"wp-block-table\"><tbody><tr><td><strong>FINALIDAD<\/strong><\/td><td><strong>BASE JUR\u00cdDICA<\/strong><\/td><\/tr><tr><td>Gesti\u00f3n del servicio prestado y\/o del aprovisionamiento de productos<\/td><td>Es la ejecuci\u00f3n de un contrato<\/td><\/tr><tr><td>Gesti\u00f3n interna proveedor-empresa<\/td><td>Es la obligaci\u00f3n legal de BLACKHILLS DIAGNOSTIC RESOURCES S.L.U. de cumplir con sus obligaciones fiscales y tributarias<\/td><\/tr><tr><td>Gesti\u00f3n administrativa de nuestra empresa<\/td><td>Es la ejecuci\u00f3n de un contrato<\/td><\/tr><tr><td>Pago de los servicios prestados, en su caso<\/td><td>Es la obligaci\u00f3n legal de BLACKHILLS DIAGNOSTIC RESOURCES S.L.U. de cumplir con sus obligaciones fiscales y tributarias<\/td><\/tr><tr><td>\u00a0<\/td><td>\u00a0<\/td><\/tr><\/tbody><\/table><div class=\"wp-block-spacer\" aria-hidden=\"true\">\u00a0<\/div><p><strong>DATOS PERSONALES DE CANDIDATOS<\/strong><\/p><div class=\"wp-block-spacer\" aria-hidden=\"true\">\u00a0<\/div><table class=\"wp-block-table\"><tbody><tr><td><strong>FINALIDAD<\/strong><\/td><td><strong>BASE JUR\u00cdDICA<\/strong><\/td><\/tr><tr><td>Que el candidato pueda formar parte de los procesos de selecci\u00f3n realizados por BLACKHILLS DIAGNOSTIC RESOURCES S.L.U.<\/td><td>Consentimiento del candidato<\/td><\/tr><\/tbody><\/table><div class=\"wp-block-spacer\" aria-hidden=\"true\">\u00a0<\/div><p><strong>\u00bfCu\u00e1nto tiempo conservamos sus datos?<\/strong><\/p><p><strong>DATOS PERSONALES DE CLIENTES POTENCIALES<\/strong><\/p><p>Los datos personales ser\u00e1n conservados mientras est\u00e9 vigente el presupuesto realizado o el usuario solicite su supresi\u00f3n. Una vez deje de tener validez el presupuesto u oferta realizada sus datos ser\u00e1n suprimidos.<\/p><p>Los datos personales necesarios para el env\u00edo de comunicaciones comerciales, en caso de que los haya autorizado, ser\u00e1n conservados siempre que no solicite su supresi\u00f3n.<\/p><p><strong>DATOS PERSONALES DE CLIENTES Y PROVEEDORES<\/strong><\/p><p>Los datos personales facilitados ser\u00e1n conservados mientras se mantenga la relaci\u00f3n comercial o el usuario solicite su supresi\u00f3n. Finalizada la relaci\u00f3n comercial los datos ser\u00e1n conservados mientras sea necesario para dar cumplimiento a las obligaciones legales. Una vez prescritas las responsabilidades derivadas de dichas obligaciones legales sus datos ser\u00e1n suprimidos.<\/p><p>Los datos personales necesarios para el env\u00edo de comunicaciones comerciales, ser\u00e1n conservados siempre que no solicite su supresi\u00f3n.<\/p><p><strong>DATOS PERSONALES DE CANDIDATOS<\/strong><\/p><p>Los datos facilitados por el candidato ser\u00e1n conservados durante 1 a\u00f1o.<\/p><p><strong>\u00bfRealizamos perfiles con sus datos?<\/strong><\/p><p>En el caso de los candidatos, con la informaci\u00f3n facilitada por el solicitante a trav\u00e9s de su CV, BLACKHILLS DIAGNOSTIC RESOURCES S.L.U. podr\u00e1 realizar perfiles con el fin de poder seleccionar el mejor candidato para un puesto de trabajo determinado.<\/p><p><strong>\u00bfA qui\u00e9n cedemos sus datos?<\/strong><\/p><p>No se prev\u00e9n cesiones de datos ni transferencias internacionales de sus datos, a excepci\u00f3n de las autorizadas por la legislaci\u00f3n fiscal, mercantil y de telecomunicaciones, as\u00ed como en aquellos casos en los que una autoridad judicial nos lo requiera.<\/p><p><strong>\u00bfVan a ser cedidos sus datos a pa\u00edses fuera de la Uni\u00f3n Europea?<\/strong><\/p><p>En caso de que se haya suscrito a nuestro servicio de newsletter, le informamos que los env\u00edos se realizan con MailChimp, cuya base de datos est\u00e1 ubicada en servidores alojados en EEUU. En cualquier caso, MailChimp acata y procesa los datos conforme con las cl\u00e1usulas tipo de protecci\u00f3n de datos aprobadas por la Comisi\u00f3n Europea.<\/p><p><strong>\u00bfQu\u00e9 derechos tiene y como ejercerlos?<\/strong><\/p><p>El usuario tiene derecho a acceder a sus datos personales, a solicitar la rectificaci\u00f3n de los que sean inexactos, as\u00ed como a su supresi\u00f3n cuando, entre otros motivos, ya no sean necesarios para los fines que fueron recogidos. En determinadas circunstancias, tambi\u00e9n podr\u00e1 solicitar la limitaci\u00f3n de su tratamiento, en cuyo caso \u00fanicamente se conservar\u00e1n para el ejercicio o la defensa de reclamaciones, as\u00ed como pedir la portabilidad de sus datos. Por motivos relacionados con su situaci\u00f3n particular, podr\u00e1 oponerse al tratamiento de los mismos y BLACKHILLS DIAGNOSTIC RESOURCES S.L.U. dejar\u00e1 de tratarlos, salvo por motivos leg\u00edtimos imperiosos, o el ejercicio o la defensa de posibles reclamaciones.<\/p><p>El solicitante podr\u00e1 revocar los consentimientos prestados en cualquier momento. El solicitante podr\u00e1 ejercer sus derechos a trav\u00e9s del correo electr\u00f3nico info@bdrdiagnostics.com o en las oficinas situadas en Camino del Pil\u00f3n, n\u00ba 86, casa 7, local, 50011 de Zaragoza (Espa\u00f1a), adjuntando fotocopia del DNI e indicando el derecho que ejercita. Ud. tambi\u00e9n podr\u00e1 presentar una reclamaci\u00f3n ante la Agencia Espa\u00f1ola de Protecci\u00f3n de Datos.<\/p>\t\t\t\t\t\t\t\t<\/div>\n\t\t\t\t<\/div>\n\t\t\t\t\t<\/div>\n\t\t<\/div>\n\t\t\t\t\t<\/div>\n\t\t<\/section>\n\t\t\t\t<\/div>\n\t\t","protected":false},"excerpt":{"rendered":"<p>Pol\u00edtica de datos \u00a0 BLACKHILLS DIAGNOSTIC RESOURCES S.L.U. en cumplimiento de lo establecido en el Reglamento General de Protecci\u00f3n de datos (Reglamento (UE) 2016\/679), as\u00ed como en la Ley Org\u00e1nica 3\/2018, de 5 de diciembre, de Protecci\u00f3n de Datos Personales y garant\u00eda de los derechos digitales, informa: \u00bfQui\u00e9n es el responsable del tratamiento de sus [&hellip;]<\/p>\n","protected":false},"author":1,"featured_media":0,"parent":0,"menu_order":0,"comment_status":"closed","ping_status":"closed","template":"","meta":{"footnotes":""},"class_list":["post-3202","page","type-page","status-publish","hentry"],"yoast_head":"<!-- This site is optimized with the Yoast SEO plugin v27.2 - https:\/\/yoast.com\/product\/yoast-seo-wordpress\/ -->\n<title>Pol\u00edtica de datos - BDR | Blackhills Diagnostics Resources<\/title>\n<meta name=\"robots\" content=\"index, follow, max-snippet:-1, max-image-preview:large, max-video-preview:-1\" \/>\n<link rel=\"canonical\" href=\"https:\/\/www.bdrdiagnostics.com\/es\/politica-de-datos\/\" \/>\n<meta property=\"og:locale\" content=\"es_ES\" \/>\n<meta property=\"og:type\" content=\"article\" \/>\n<meta property=\"og:title\" content=\"Pol\u00edtica de datos - BDR | Blackhills Diagnostics Resources\" \/>\n<meta property=\"og:description\" content=\"Pol\u00edtica de datos \u00a0 BLACKHILLS DIAGNOSTIC RESOURCES S.L.U. en cumplimiento de lo establecido en el Reglamento General de Protecci\u00f3n de datos (Reglamento (UE) 2016\/679), as\u00ed como en la Ley Org\u00e1nica 3\/2018, de 5 de diciembre, de Protecci\u00f3n de Datos Personales y garant\u00eda de los derechos digitales, informa: \u00bfQui\u00e9n es el responsable del tratamiento de sus [&hellip;]\" \/>\n<meta property=\"og:url\" content=\"https:\/\/www.bdrdiagnostics.com\/es\/politica-de-datos\/\" \/>\n<meta property=\"og:site_name\" content=\"BDR | Blackhills Diagnostics Resources\" \/>\n<meta property=\"article:modified_time\" content=\"2022-03-22T09:33:35+00:00\" \/>\n<meta name=\"twitter:card\" content=\"summary_large_image\" \/>\n<meta name=\"twitter:label1\" content=\"Tiempo de lectura\" \/>\n\t<meta name=\"twitter:data1\" content=\"4 minutos\" \/>\n<script type=\"application\/ld+json\" class=\"yoast-schema-graph\">{\"@context\":\"https:\/\/schema.org\",\"@graph\":[{\"@type\":\"WebPage\",\"@id\":\"https:\/\/www.bdrdiagnostics.com\/es\/politica-de-datos\/\",\"url\":\"https:\/\/www.bdrdiagnostics.com\/es\/politica-de-datos\/\",\"name\":\"Pol\u00edtica de datos - BDR | Blackhills Diagnostics Resources\",\"isPartOf\":{\"@id\":\"https:\/\/www.bdrdiagnostics.com\/es\/#website\"},\"datePublished\":\"2022-03-22T09:31:27+00:00\",\"dateModified\":\"2022-03-22T09:33:35+00:00\",\"breadcrumb\":{\"@id\":\"https:\/\/www.bdrdiagnostics.com\/es\/politica-de-datos\/#breadcrumb\"},\"inLanguage\":\"es\",\"potentialAction\":[{\"@type\":\"ReadAction\",\"target\":[\"https:\/\/www.bdrdiagnostics.com\/es\/politica-de-datos\/\"]}]},{\"@type\":\"BreadcrumbList\",\"@id\":\"https:\/\/www.bdrdiagnostics.com\/es\/politica-de-datos\/#breadcrumb\",\"itemListElement\":[{\"@type\":\"ListItem\",\"position\":1,\"name\":\"Home\",\"item\":\"https:\/\/www.bdrdiagnostics.com\/es\/\"},{\"@type\":\"ListItem\",\"position\":2,\"name\":\"Pol\u00edtica de datos\"}]},{\"@type\":\"WebSite\",\"@id\":\"https:\/\/www.bdrdiagnostics.com\/es\/#website\",\"url\":\"https:\/\/www.bdrdiagnostics.com\/es\/\",\"name\":\"BDR | Blackhills Diagnostics Resources\",\"description\":\"Desarrollo de productos para el diagn\u00f3stico in vitro\",\"publisher\":{\"@id\":\"https:\/\/www.bdrdiagnostics.com\/es\/#organization\"},\"potentialAction\":[{\"@type\":\"SearchAction\",\"target\":{\"@type\":\"EntryPoint\",\"urlTemplate\":\"https:\/\/www.bdrdiagnostics.com\/es\/?s={search_term_string}\"},\"query-input\":{\"@type\":\"PropertyValueSpecification\",\"valueRequired\":true,\"valueName\":\"search_term_string\"}}],\"inLanguage\":\"es\"},{\"@type\":\"Organization\",\"@id\":\"https:\/\/www.bdrdiagnostics.com\/es\/#organization\",\"name\":\"BDR | Blackhills Diagnostics Resources\",\"url\":\"https:\/\/www.bdrdiagnostics.com\/es\/\",\"logo\":{\"@type\":\"ImageObject\",\"inLanguage\":\"es\",\"@id\":\"https:\/\/www.bdrdiagnostics.com\/es\/#\/schema\/logo\/image\/\",\"url\":\"https:\/\/www.bdrdiagnostics.com\/wp-content\/uploads\/2021\/09\/bdr-logo.svg\",\"contentUrl\":\"https:\/\/www.bdrdiagnostics.com\/wp-content\/uploads\/2021\/09\/bdr-logo.svg\",\"width\":127,\"height\":53,\"caption\":\"BDR | Blackhills Diagnostics Resources\"},\"image\":{\"@id\":\"https:\/\/www.bdrdiagnostics.com\/es\/#\/schema\/logo\/image\/\"}}]}<\/script>\n<!-- \/ Yoast SEO plugin. -->","yoast_head_json":{"title":"Pol\u00edtica de datos - BDR | Blackhills Diagnostics Resources","robots":{"index":"index","follow":"follow","max-snippet":"max-snippet:-1","max-image-preview":"max-image-preview:large","max-video-preview":"max-video-preview:-1"},"canonical":"https:\/\/www.bdrdiagnostics.com\/es\/politica-de-datos\/","og_locale":"es_ES","og_type":"article","og_title":"Pol\u00edtica de datos - BDR | Blackhills Diagnostics Resources","og_description":"Pol\u00edtica de datos \u00a0 BLACKHILLS DIAGNOSTIC RESOURCES S.L.U. en cumplimiento de lo establecido en el Reglamento General de Protecci\u00f3n de datos (Reglamento (UE) 2016\/679), as\u00ed como en la Ley Org\u00e1nica 3\/2018, de 5 de diciembre, de Protecci\u00f3n de Datos Personales y garant\u00eda de los derechos digitales, informa: \u00bfQui\u00e9n es el responsable del tratamiento de sus [&hellip;]","og_url":"https:\/\/www.bdrdiagnostics.com\/es\/politica-de-datos\/","og_site_name":"BDR | Blackhills Diagnostics Resources","article_modified_time":"2022-03-22T09:33:35+00:00","twitter_card":"summary_large_image","twitter_misc":{"Tiempo de lectura":"4 minutos"},"schema":{"@context":"https:\/\/schema.org","@graph":[{"@type":"WebPage","@id":"https:\/\/www.bdrdiagnostics.com\/es\/politica-de-datos\/","url":"https:\/\/www.bdrdiagnostics.com\/es\/politica-de-datos\/","name":"Pol\u00edtica de datos - BDR | Blackhills Diagnostics Resources","isPartOf":{"@id":"https:\/\/www.bdrdiagnostics.com\/es\/#website"},"datePublished":"2022-03-22T09:31:27+00:00","dateModified":"2022-03-22T09:33:35+00:00","breadcrumb":{"@id":"https:\/\/www.bdrdiagnostics.com\/es\/politica-de-datos\/#breadcrumb"},"inLanguage":"es","potentialAction":[{"@type":"ReadAction","target":["https:\/\/www.bdrdiagnostics.com\/es\/politica-de-datos\/"]}]},{"@type":"BreadcrumbList","@id":"https:\/\/www.bdrdiagnostics.com\/es\/politica-de-datos\/#breadcrumb","itemListElement":[{"@type":"ListItem","position":1,"name":"Home","item":"https:\/\/www.bdrdiagnostics.com\/es\/"},{"@type":"ListItem","position":2,"name":"Pol\u00edtica de datos"}]},{"@type":"WebSite","@id":"https:\/\/www.bdrdiagnostics.com\/es\/#website","url":"https:\/\/www.bdrdiagnostics.com\/es\/","name":"BDR | Blackhills Diagnostics Resources","description":"Desarrollo de productos para el diagn\u00f3stico in vitro","publisher":{"@id":"https:\/\/www.bdrdiagnostics.com\/es\/#organization"},"potentialAction":[{"@type":"SearchAction","target":{"@type":"EntryPoint","urlTemplate":"https:\/\/www.bdrdiagnostics.com\/es\/?s={search_term_string}"},"query-input":{"@type":"PropertyValueSpecification","valueRequired":true,"valueName":"search_term_string"}}],"inLanguage":"es"},{"@type":"Organization","@id":"https:\/\/www.bdrdiagnostics.com\/es\/#organization","name":"BDR | Blackhills Diagnostics Resources","url":"https:\/\/www.bdrdiagnostics.com\/es\/","logo":{"@type":"ImageObject","inLanguage":"es","@id":"https:\/\/www.bdrdiagnostics.com\/es\/#\/schema\/logo\/image\/","url":"https:\/\/www.bdrdiagnostics.com\/wp-content\/uploads\/2021\/09\/bdr-logo.svg","contentUrl":"https:\/\/www.bdrdiagnostics.com\/wp-content\/uploads\/2021\/09\/bdr-logo.svg","width":127,"height":53,"caption":"BDR | Blackhills Diagnostics Resources"},"image":{"@id":"https:\/\/www.bdrdiagnostics.com\/es\/#\/schema\/logo\/image\/"}}]}},"_links":{"self":[{"href":"https:\/\/www.bdrdiagnostics.com\/es\/wp-json\/wp\/v2\/pages\/3202","targetHints":{"allow":["GET"]}}],"collection":[{"href":"https:\/\/www.bdrdiagnostics.com\/es\/wp-json\/wp\/v2\/pages"}],"about":[{"href":"https:\/\/www.bdrdiagnostics.com\/es\/wp-json\/wp\/v2\/types\/page"}],"author":[{"embeddable":true,"href":"https:\/\/www.bdrdiagnostics.com\/es\/wp-json\/wp\/v2\/users\/1"}],"replies":[{"embeddable":true,"href":"https:\/\/www.bdrdiagnostics.com\/es\/wp-json\/wp\/v2\/comments?post=3202"}],"version-history":[{"count":4,"href":"https:\/\/www.bdrdiagnostics.com\/es\/wp-json\/wp\/v2\/pages\/3202\/revisions"}],"predecessor-version":[{"id":3207,"href":"https:\/\/www.bdrdiagnostics.com\/es\/wp-json\/wp\/v2\/pages\/3202\/revisions\/3207"}],"wp:attachment":[{"href":"https:\/\/www.bdrdiagnostics.com\/es\/wp-json\/wp\/v2\/media?parent=3202"}],"curies":[{"name":"wp","href":"https:\/\/api.w.org\/{rel}","templated":true}]}}