{"id":4307,"date":"2023-02-21T10:13:40","date_gmt":"2023-02-21T09:13:40","guid":{"rendered":"https:\/\/www.bdrdiagnostics.com\/?page_id=4307"},"modified":"2023-02-23T09:53:54","modified_gmt":"2023-02-23T08:53:54","slug":"icex-next","status":"publish","type":"page","link":"https:\/\/www.bdrdiagnostics.com\/es\/icex-next\/","title":{"rendered":"BDR, empresa elegida para ICEX Next"},"content":{"rendered":"\t\t<div data-elementor-type=\"wp-page\" data-elementor-id=\"4307\" class=\"elementor elementor-4307\" data-elementor-post-type=\"page\">\n\t\t\t\t\t\t<section class=\"elementor-section elementor-top-section elementor-element elementor-element-f0e34ec elementor-section-boxed elementor-section-height-default elementor-section-height-default\" data-id=\"f0e34ec\" data-element_type=\"section\" data-e-type=\"section\" data-settings=\"{&quot;jet_parallax_layout_list&quot;:[{&quot;jet_parallax_layout_image&quot;:{&quot;url&quot;:&quot;&quot;,&quot;id&quot;:&quot;&quot;,&quot;size&quot;:&quot;&quot;},&quot;_id&quot;:&quot;6c5a817&quot;,&quot;jet_parallax_layout_image_tablet&quot;:{&quot;url&quot;:&quot;&quot;,&quot;id&quot;:&quot;&quot;,&quot;size&quot;:&quot;&quot;},&quot;jet_parallax_layout_image_mobile&quot;:{&quot;url&quot;:&quot;&quot;,&quot;id&quot;:&quot;&quot;,&quot;size&quot;:&quot;&quot;},&quot;jet_parallax_layout_speed&quot;:{&quot;unit&quot;:&quot;%&quot;,&quot;size&quot;:50,&quot;sizes&quot;:[]},&quot;jet_parallax_layout_type&quot;:&quot;scroll&quot;,&quot;jet_parallax_layout_direction&quot;:&quot;1&quot;,&quot;jet_parallax_layout_fx_direction&quot;:null,&quot;jet_parallax_layout_z_index&quot;:&quot;&quot;,&quot;jet_parallax_layout_bg_x&quot;:50,&quot;jet_parallax_layout_bg_x_tablet&quot;:&quot;&quot;,&quot;jet_parallax_layout_bg_x_mobile&quot;:&quot;&quot;,&quot;jet_parallax_layout_bg_y&quot;:50,&quot;jet_parallax_layout_bg_y_tablet&quot;:&quot;&quot;,&quot;jet_parallax_layout_bg_y_mobile&quot;:&quot;&quot;,&quot;jet_parallax_layout_bg_size&quot;:&quot;auto&quot;,&quot;jet_parallax_layout_bg_size_tablet&quot;:&quot;&quot;,&quot;jet_parallax_layout_bg_size_mobile&quot;:&quot;&quot;,&quot;jet_parallax_layout_animation_prop&quot;:&quot;transform&quot;,&quot;jet_parallax_layout_on&quot;:[&quot;desktop&quot;,&quot;tablet&quot;]}]}\">\n\t\t\t\t\t\t<div class=\"elementor-container elementor-column-gap-default\">\n\t\t\t\t\t<div class=\"elementor-column elementor-col-100 elementor-top-column elementor-element elementor-element-4fba49a\" data-id=\"4fba49a\" data-element_type=\"column\" data-e-type=\"column\">\n\t\t\t<div class=\"elementor-widget-wrap elementor-element-populated\">\n\t\t\t\t\t\t<div class=\"elementor-element elementor-element-2805f48 elementor-widget elementor-widget-image\" data-id=\"2805f48\" data-element_type=\"widget\" data-e-type=\"widget\" data-widget_type=\"image.default\">\n\t\t\t\t<div class=\"elementor-widget-container\">\n\t\t\t\t\t\t\t\t\t\t\t\t\t\t\t<img fetchpriority=\"high\" decoding=\"async\" width=\"800\" height=\"245\" src=\"https:\/\/www.bdrdiagnostics.com\/wp-content\/uploads\/2023\/02\/IcexNextheader-2-1.png\" class=\"attachment-large size-large wp-image-4401\" alt=\"\" srcset=\"https:\/\/www.bdrdiagnostics.com\/wp-content\/uploads\/2023\/02\/IcexNextheader-2-1.png 823w, https:\/\/www.bdrdiagnostics.com\/wp-content\/uploads\/2023\/02\/IcexNextheader-2-1-300x92.png 300w, https:\/\/www.bdrdiagnostics.com\/wp-content\/uploads\/2023\/02\/IcexNextheader-2-1-768x235.png 768w\" sizes=\"(max-width: 800px) 100vw, 800px\" \/>\t\t\t\t\t\t\t\t\t\t\t\t\t\t\t<\/div>\n\t\t\t\t<\/div>\n\t\t\t\t<div class=\"elementor-element elementor-element-9afbfe4 elementor-widget elementor-widget-text-editor\" data-id=\"9afbfe4\" data-element_type=\"widget\" data-e-type=\"widget\" data-widget_type=\"text-editor.default\">\n\t\t\t\t<div class=\"elementor-widget-container\">\n\t\t\t\t\t\t\t\t\t<h2 style=\"text-align: left;\"><span style=\"color: #fbaf31;\">Blackhills Diagnostic Resources, empresa elegida para ICEX Next<\/span><\/h2>\t\t\t\t\t\t\t\t<\/div>\n\t\t\t\t<\/div>\n\t\t\t\t<div class=\"elementor-element elementor-element-d25986e elementor-widget-divider--view-line elementor-widget elementor-widget-divider\" data-id=\"d25986e\" data-element_type=\"widget\" data-e-type=\"widget\" data-widget_type=\"divider.default\">\n\t\t\t\t<div class=\"elementor-widget-container\">\n\t\t\t\t\t\t\t<div class=\"elementor-divider\">\n\t\t\t<span class=\"elementor-divider-separator\">\n\t\t\t\t\t\t<\/span>\n\t\t<\/div>\n\t\t\t\t\t\t<\/div>\n\t\t\t\t<\/div>\n\t\t\t\t<div class=\"elementor-element elementor-element-129d098 elementor-widget elementor-widget-text-editor\" data-id=\"129d098\" data-element_type=\"widget\" data-e-type=\"widget\" data-widget_type=\"text-editor.default\">\n\t\t\t\t<div class=\"elementor-widget-container\">\n\t\t\t\t\t\t\t\t\t<p style=\"text-align: justify;\">Blackhills Diagnostic Resources ha sido recientemente seleccionada para el programa <span style=\"color: #fbaf31;\"><strong>ICEX Next<\/strong><\/span>. ICEX es un organismo p\u00fablico nacional cuya misi\u00f3n es promover la internacionalizaci\u00f3n de las empresas espa\u00f1olas para contribuir a su competitividad global e internacionalizar su negocio. Con la participaci\u00f3n en el proyecto, BDR cuenta con el apoyo del ICEX as\u00ed como con la cofinanciaci\u00f3n de los fondos europeos FEDER.<\/p>\t\t\t\t\t\t\t\t<\/div>\n\t\t\t\t<\/div>\n\t\t\t\t<div class=\"elementor-element elementor-element-3a98d46 elementor-widget elementor-widget-image\" data-id=\"3a98d46\" data-element_type=\"widget\" data-e-type=\"widget\" data-widget_type=\"image.default\">\n\t\t\t\t<div class=\"elementor-widget-container\">\n\t\t\t\t\t\t\t\t\t\t\t\t\t\t\t<img decoding=\"async\" width=\"800\" height=\"112\" src=\"https:\/\/www.bdrdiagnostics.com\/wp-content\/uploads\/2023\/02\/bANNER-FEDER.jpg\" class=\"attachment-large size-large wp-image-4384\" alt=\"\" srcset=\"https:\/\/www.bdrdiagnostics.com\/wp-content\/uploads\/2023\/02\/bANNER-FEDER.jpg 805w, https:\/\/www.bdrdiagnostics.com\/wp-content\/uploads\/2023\/02\/bANNER-FEDER-300x42.jpg 300w, https:\/\/www.bdrdiagnostics.com\/wp-content\/uploads\/2023\/02\/bANNER-FEDER-768x108.jpg 768w\" sizes=\"(max-width: 800px) 100vw, 800px\" \/>\t\t\t\t\t\t\t\t\t\t\t\t\t\t\t<\/div>\n\t\t\t\t<\/div>\n\t\t\t\t<div class=\"elementor-element elementor-element-9d69fb4 elementor-widget elementor-widget-text-editor\" data-id=\"9d69fb4\" data-element_type=\"widget\" data-e-type=\"widget\" data-widget_type=\"text-editor.default\">\n\t\t\t\t<div class=\"elementor-widget-container\">\n\t\t\t\t\t\t\t\t\t<p style=\"text-align: justify;\"><span style=\"color: var( --e-global-color-text );\">Los analistas de ICEX han valorado positivamente que BDR est\u00e9 especializada en tecnolog\u00edas como PCR en tiempo real (qPCR), an\u00e1lisis de fragmentos (QF-PCR) y NGS, as\u00ed como en tener un departamento propio de bioinform\u00e1tica dedicado al desarrollo de software enfocado en el an\u00e1lisis de resultados. Esta especializaci\u00f3n ha permitido a la compa\u00f1\u00eda mantener una ventaja competitiva sobre otras empresas. Con el apoyo otorgado por ICEX, BDR podr\u00e1 expandir su \u00e1rea de negocio y mejorar su competitividad, lo que augura un gran potencial de crecimiento para la empresa.<\/span><\/p>\t\t\t\t\t\t\t\t<\/div>\n\t\t\t\t<\/div>\n\t\t\t\t\t<\/div>\n\t\t<\/div>\n\t\t\t\t\t<\/div>\n\t\t<\/section>\n\t\t\t\t<section class=\"elementor-section elementor-top-section elementor-element elementor-element-a8e058a elementor-section-boxed elementor-section-height-default elementor-section-height-default\" data-id=\"a8e058a\" data-element_type=\"section\" data-e-type=\"section\" data-settings=\"{&quot;jet_parallax_layout_list&quot;:[]}\">\n\t\t\t\t\t\t<div class=\"elementor-container elementor-column-gap-default\">\n\t\t\t\t\t<div class=\"elementor-column elementor-col-100 elementor-top-column elementor-element elementor-element-6869bd3\" data-id=\"6869bd3\" data-element_type=\"column\" data-e-type=\"column\">\n\t\t\t<div class=\"elementor-widget-wrap\">\n\t\t\t\t\t\t\t<\/div>\n\t\t<\/div>\n\t\t\t\t\t<\/div>\n\t\t<\/section>\n\t\t\t\t<\/div>\n\t\t","protected":false},"excerpt":{"rendered":"<p>Blackhills Diagnostic Resources, empresa elegida para ICEX Next Blackhills Diagnostic Resources ha sido recientemente seleccionada para el programa ICEX Next. ICEX es un organismo p\u00fablico nacional cuya misi\u00f3n es promover la internacionalizaci\u00f3n de las empresas espa\u00f1olas para contribuir a su competitividad global e internacionalizar su negocio. Con la participaci\u00f3n en el proyecto, BDR cuenta con [&hellip;]<\/p>\n","protected":false},"author":6,"featured_media":4343,"parent":0,"menu_order":0,"comment_status":"closed","ping_status":"closed","template":"","meta":{"footnotes":""},"class_list":["post-4307","page","type-page","status-publish","has-post-thumbnail","hentry"],"yoast_head":"<!-- This site is optimized with the Yoast SEO plugin v27.2 - https:\/\/yoast.com\/product\/yoast-seo-wordpress\/ -->\n<title>BDR, empresa elegida para ICEX Next - BDR | Blackhills Diagnostics Resources<\/title>\n<meta name=\"robots\" content=\"index, follow, max-snippet:-1, max-image-preview:large, max-video-preview:-1\" \/>\n<link rel=\"canonical\" href=\"https:\/\/www.bdrdiagnostics.com\/es\/icex-next\/\" \/>\n<meta property=\"og:locale\" content=\"es_ES\" \/>\n<meta property=\"og:type\" content=\"article\" \/>\n<meta property=\"og:title\" content=\"BDR, empresa elegida para ICEX Next - BDR | Blackhills Diagnostics Resources\" \/>\n<meta property=\"og:description\" content=\"Blackhills Diagnostic Resources, empresa elegida para ICEX Next Blackhills Diagnostic Resources ha sido recientemente seleccionada para el programa ICEX Next. ICEX es un organismo p\u00fablico nacional cuya misi\u00f3n es promover la internacionalizaci\u00f3n de las empresas espa\u00f1olas para contribuir a su competitividad global e internacionalizar su negocio. Con la participaci\u00f3n en el proyecto, BDR cuenta con [&hellip;]\" \/>\n<meta property=\"og:url\" content=\"https:\/\/www.bdrdiagnostics.com\/es\/icex-next\/\" \/>\n<meta property=\"og:site_name\" content=\"BDR | Blackhills Diagnostics Resources\" \/>\n<meta property=\"article:modified_time\" content=\"2023-02-23T08:53:54+00:00\" \/>\n<meta property=\"og:image\" content=\"https:\/\/www.bdrdiagnostics.com\/wp-content\/uploads\/2023\/02\/IcexNextheader-2.png\" \/>\n\t<meta property=\"og:image:width\" content=\"823\" \/>\n\t<meta property=\"og:image:height\" content=\"252\" \/>\n\t<meta property=\"og:image:type\" content=\"image\/png\" \/>\n<meta name=\"twitter:card\" content=\"summary_large_image\" \/>\n<meta name=\"twitter:label1\" content=\"Tiempo de lectura\" \/>\n\t<meta name=\"twitter:data1\" content=\"2 minutos\" \/>\n<script type=\"application\/ld+json\" class=\"yoast-schema-graph\">{\"@context\":\"https:\/\/schema.org\",\"@graph\":[{\"@type\":\"WebPage\",\"@id\":\"https:\/\/www.bdrdiagnostics.com\/es\/icex-next\/\",\"url\":\"https:\/\/www.bdrdiagnostics.com\/es\/icex-next\/\",\"name\":\"BDR, empresa elegida para ICEX Next - BDR | Blackhills Diagnostics Resources\",\"isPartOf\":{\"@id\":\"https:\/\/www.bdrdiagnostics.com\/es\/#website\"},\"primaryImageOfPage\":{\"@id\":\"https:\/\/www.bdrdiagnostics.com\/es\/icex-next\/#primaryimage\"},\"image\":{\"@id\":\"https:\/\/www.bdrdiagnostics.com\/es\/icex-next\/#primaryimage\"},\"thumbnailUrl\":\"https:\/\/www.bdrdiagnostics.com\/wp-content\/uploads\/2023\/02\/IcexNextheader-2.png\",\"datePublished\":\"2023-02-21T09:13:40+00:00\",\"dateModified\":\"2023-02-23T08:53:54+00:00\",\"breadcrumb\":{\"@id\":\"https:\/\/www.bdrdiagnostics.com\/es\/icex-next\/#breadcrumb\"},\"inLanguage\":\"es\",\"potentialAction\":[{\"@type\":\"ReadAction\",\"target\":[\"https:\/\/www.bdrdiagnostics.com\/es\/icex-next\/\"]}]},{\"@type\":\"ImageObject\",\"inLanguage\":\"es\",\"@id\":\"https:\/\/www.bdrdiagnostics.com\/es\/icex-next\/#primaryimage\",\"url\":\"https:\/\/www.bdrdiagnostics.com\/wp-content\/uploads\/2023\/02\/IcexNextheader-2.png\",\"contentUrl\":\"https:\/\/www.bdrdiagnostics.com\/wp-content\/uploads\/2023\/02\/IcexNextheader-2.png\",\"width\":823,\"height\":252},{\"@type\":\"BreadcrumbList\",\"@id\":\"https:\/\/www.bdrdiagnostics.com\/es\/icex-next\/#breadcrumb\",\"itemListElement\":[{\"@type\":\"ListItem\",\"position\":1,\"name\":\"Home\",\"item\":\"https:\/\/www.bdrdiagnostics.com\/es\/\"},{\"@type\":\"ListItem\",\"position\":2,\"name\":\"BDR, empresa elegida para ICEX Next\"}]},{\"@type\":\"WebSite\",\"@id\":\"https:\/\/www.bdrdiagnostics.com\/es\/#website\",\"url\":\"https:\/\/www.bdrdiagnostics.com\/es\/\",\"name\":\"BDR | Blackhills Diagnostics Resources\",\"description\":\"Desarrollo de productos para el diagn\u00f3stico in vitro\",\"publisher\":{\"@id\":\"https:\/\/www.bdrdiagnostics.com\/es\/#organization\"},\"potentialAction\":[{\"@type\":\"SearchAction\",\"target\":{\"@type\":\"EntryPoint\",\"urlTemplate\":\"https:\/\/www.bdrdiagnostics.com\/es\/?s={search_term_string}\"},\"query-input\":{\"@type\":\"PropertyValueSpecification\",\"valueRequired\":true,\"valueName\":\"search_term_string\"}}],\"inLanguage\":\"es\"},{\"@type\":\"Organization\",\"@id\":\"https:\/\/www.bdrdiagnostics.com\/es\/#organization\",\"name\":\"BDR | Blackhills Diagnostics Resources\",\"url\":\"https:\/\/www.bdrdiagnostics.com\/es\/\",\"logo\":{\"@type\":\"ImageObject\",\"inLanguage\":\"es\",\"@id\":\"https:\/\/www.bdrdiagnostics.com\/es\/#\/schema\/logo\/image\/\",\"url\":\"https:\/\/www.bdrdiagnostics.com\/wp-content\/uploads\/2021\/09\/bdr-logo.svg\",\"contentUrl\":\"https:\/\/www.bdrdiagnostics.com\/wp-content\/uploads\/2021\/09\/bdr-logo.svg\",\"width\":127,\"height\":53,\"caption\":\"BDR | Blackhills Diagnostics Resources\"},\"image\":{\"@id\":\"https:\/\/www.bdrdiagnostics.com\/es\/#\/schema\/logo\/image\/\"}}]}<\/script>\n<!-- \/ Yoast SEO plugin. -->","yoast_head_json":{"title":"BDR, empresa elegida para ICEX Next - BDR | Blackhills Diagnostics Resources","robots":{"index":"index","follow":"follow","max-snippet":"max-snippet:-1","max-image-preview":"max-image-preview:large","max-video-preview":"max-video-preview:-1"},"canonical":"https:\/\/www.bdrdiagnostics.com\/es\/icex-next\/","og_locale":"es_ES","og_type":"article","og_title":"BDR, empresa elegida para ICEX Next - BDR | Blackhills Diagnostics Resources","og_description":"Blackhills Diagnostic Resources, empresa elegida para ICEX Next Blackhills Diagnostic Resources ha sido recientemente seleccionada para el programa ICEX Next. ICEX es un organismo p\u00fablico nacional cuya misi\u00f3n es promover la internacionalizaci\u00f3n de las empresas espa\u00f1olas para contribuir a su competitividad global e internacionalizar su negocio. Con la participaci\u00f3n en el proyecto, BDR cuenta con [&hellip;]","og_url":"https:\/\/www.bdrdiagnostics.com\/es\/icex-next\/","og_site_name":"BDR | Blackhills Diagnostics Resources","article_modified_time":"2023-02-23T08:53:54+00:00","og_image":[{"width":823,"height":252,"url":"https:\/\/www.bdrdiagnostics.com\/wp-content\/uploads\/2023\/02\/IcexNextheader-2.png","type":"image\/png"}],"twitter_card":"summary_large_image","twitter_misc":{"Tiempo de lectura":"2 minutos"},"schema":{"@context":"https:\/\/schema.org","@graph":[{"@type":"WebPage","@id":"https:\/\/www.bdrdiagnostics.com\/es\/icex-next\/","url":"https:\/\/www.bdrdiagnostics.com\/es\/icex-next\/","name":"BDR, empresa elegida para ICEX Next - BDR | Blackhills Diagnostics Resources","isPartOf":{"@id":"https:\/\/www.bdrdiagnostics.com\/es\/#website"},"primaryImageOfPage":{"@id":"https:\/\/www.bdrdiagnostics.com\/es\/icex-next\/#primaryimage"},"image":{"@id":"https:\/\/www.bdrdiagnostics.com\/es\/icex-next\/#primaryimage"},"thumbnailUrl":"https:\/\/www.bdrdiagnostics.com\/wp-content\/uploads\/2023\/02\/IcexNextheader-2.png","datePublished":"2023-02-21T09:13:40+00:00","dateModified":"2023-02-23T08:53:54+00:00","breadcrumb":{"@id":"https:\/\/www.bdrdiagnostics.com\/es\/icex-next\/#breadcrumb"},"inLanguage":"es","potentialAction":[{"@type":"ReadAction","target":["https:\/\/www.bdrdiagnostics.com\/es\/icex-next\/"]}]},{"@type":"ImageObject","inLanguage":"es","@id":"https:\/\/www.bdrdiagnostics.com\/es\/icex-next\/#primaryimage","url":"https:\/\/www.bdrdiagnostics.com\/wp-content\/uploads\/2023\/02\/IcexNextheader-2.png","contentUrl":"https:\/\/www.bdrdiagnostics.com\/wp-content\/uploads\/2023\/02\/IcexNextheader-2.png","width":823,"height":252},{"@type":"BreadcrumbList","@id":"https:\/\/www.bdrdiagnostics.com\/es\/icex-next\/#breadcrumb","itemListElement":[{"@type":"ListItem","position":1,"name":"Home","item":"https:\/\/www.bdrdiagnostics.com\/es\/"},{"@type":"ListItem","position":2,"name":"BDR, empresa elegida para ICEX Next"}]},{"@type":"WebSite","@id":"https:\/\/www.bdrdiagnostics.com\/es\/#website","url":"https:\/\/www.bdrdiagnostics.com\/es\/","name":"BDR | Blackhills Diagnostics Resources","description":"Desarrollo de productos para el diagn\u00f3stico in vitro","publisher":{"@id":"https:\/\/www.bdrdiagnostics.com\/es\/#organization"},"potentialAction":[{"@type":"SearchAction","target":{"@type":"EntryPoint","urlTemplate":"https:\/\/www.bdrdiagnostics.com\/es\/?s={search_term_string}"},"query-input":{"@type":"PropertyValueSpecification","valueRequired":true,"valueName":"search_term_string"}}],"inLanguage":"es"},{"@type":"Organization","@id":"https:\/\/www.bdrdiagnostics.com\/es\/#organization","name":"BDR | Blackhills Diagnostics Resources","url":"https:\/\/www.bdrdiagnostics.com\/es\/","logo":{"@type":"ImageObject","inLanguage":"es","@id":"https:\/\/www.bdrdiagnostics.com\/es\/#\/schema\/logo\/image\/","url":"https:\/\/www.bdrdiagnostics.com\/wp-content\/uploads\/2021\/09\/bdr-logo.svg","contentUrl":"https:\/\/www.bdrdiagnostics.com\/wp-content\/uploads\/2021\/09\/bdr-logo.svg","width":127,"height":53,"caption":"BDR | Blackhills Diagnostics Resources"},"image":{"@id":"https:\/\/www.bdrdiagnostics.com\/es\/#\/schema\/logo\/image\/"}}]}},"_links":{"self":[{"href":"https:\/\/www.bdrdiagnostics.com\/es\/wp-json\/wp\/v2\/pages\/4307","targetHints":{"allow":["GET"]}}],"collection":[{"href":"https:\/\/www.bdrdiagnostics.com\/es\/wp-json\/wp\/v2\/pages"}],"about":[{"href":"https:\/\/www.bdrdiagnostics.com\/es\/wp-json\/wp\/v2\/types\/page"}],"author":[{"embeddable":true,"href":"https:\/\/www.bdrdiagnostics.com\/es\/wp-json\/wp\/v2\/users\/6"}],"replies":[{"embeddable":true,"href":"https:\/\/www.bdrdiagnostics.com\/es\/wp-json\/wp\/v2\/comments?post=4307"}],"version-history":[{"count":50,"href":"https:\/\/www.bdrdiagnostics.com\/es\/wp-json\/wp\/v2\/pages\/4307\/revisions"}],"predecessor-version":[{"id":4407,"href":"https:\/\/www.bdrdiagnostics.com\/es\/wp-json\/wp\/v2\/pages\/4307\/revisions\/4407"}],"wp:featuredmedia":[{"embeddable":true,"href":"https:\/\/www.bdrdiagnostics.com\/es\/wp-json\/wp\/v2\/media\/4343"}],"wp:attachment":[{"href":"https:\/\/www.bdrdiagnostics.com\/es\/wp-json\/wp\/v2\/media?parent=4307"}],"curies":[{"name":"wp","href":"https:\/\/api.w.org\/{rel}","templated":true}]}}