{"id":8299,"date":"2025-01-17T09:43:14","date_gmt":"2025-01-17T08:43:14","guid":{"rendered":"https:\/\/www.bdrdiagnostics.com\/?page_id=8299"},"modified":"2025-01-17T09:55:51","modified_gmt":"2025-01-17T08:55:51","slug":"mentoring-y-apoyo-a-la-internacionalizacion-de-la-pyme","status":"publish","type":"page","link":"https:\/\/www.bdrdiagnostics.com\/es\/mentoring-y-apoyo-a-la-internacionalizacion-de-la-pyme\/","title":{"rendered":"Blackhills Diagnostic Resources participa en el programa PAIP"},"content":{"rendered":"\t\t<div data-elementor-type=\"wp-page\" data-elementor-id=\"8299\" class=\"elementor elementor-8299 elementor-8298\" data-elementor-post-type=\"page\">\n\t\t\t\t\t\t<section class=\"elementor-section elementor-top-section elementor-element elementor-element-f0e34ec elementor-section-boxed elementor-section-height-default elementor-section-height-default\" data-id=\"f0e34ec\" data-element_type=\"section\" data-e-type=\"section\" data-settings=\"{&quot;jet_parallax_layout_list&quot;:[{&quot;jet_parallax_layout_image&quot;:{&quot;url&quot;:&quot;&quot;,&quot;id&quot;:&quot;&quot;,&quot;size&quot;:&quot;&quot;},&quot;_id&quot;:&quot;6c5a817&quot;,&quot;jet_parallax_layout_image_tablet&quot;:{&quot;url&quot;:&quot;&quot;,&quot;id&quot;:&quot;&quot;,&quot;size&quot;:&quot;&quot;},&quot;jet_parallax_layout_image_mobile&quot;:{&quot;url&quot;:&quot;&quot;,&quot;id&quot;:&quot;&quot;,&quot;size&quot;:&quot;&quot;},&quot;jet_parallax_layout_speed&quot;:{&quot;unit&quot;:&quot;%&quot;,&quot;size&quot;:50,&quot;sizes&quot;:[]},&quot;jet_parallax_layout_type&quot;:&quot;scroll&quot;,&quot;jet_parallax_layout_direction&quot;:&quot;1&quot;,&quot;jet_parallax_layout_fx_direction&quot;:null,&quot;jet_parallax_layout_z_index&quot;:&quot;&quot;,&quot;jet_parallax_layout_bg_x&quot;:50,&quot;jet_parallax_layout_bg_x_tablet&quot;:&quot;&quot;,&quot;jet_parallax_layout_bg_x_mobile&quot;:&quot;&quot;,&quot;jet_parallax_layout_bg_y&quot;:50,&quot;jet_parallax_layout_bg_y_tablet&quot;:&quot;&quot;,&quot;jet_parallax_layout_bg_y_mobile&quot;:&quot;&quot;,&quot;jet_parallax_layout_bg_size&quot;:&quot;auto&quot;,&quot;jet_parallax_layout_bg_size_tablet&quot;:&quot;&quot;,&quot;jet_parallax_layout_bg_size_mobile&quot;:&quot;&quot;,&quot;jet_parallax_layout_animation_prop&quot;:&quot;transform&quot;,&quot;jet_parallax_layout_on&quot;:[&quot;desktop&quot;,&quot;tablet&quot;]}]}\">\n\t\t\t\t\t\t<div class=\"elementor-container elementor-column-gap-default\">\n\t\t\t\t\t<div class=\"elementor-column elementor-col-100 elementor-top-column elementor-element elementor-element-4fba49a\" data-id=\"4fba49a\" data-element_type=\"column\" data-e-type=\"column\">\n\t\t\t<div class=\"elementor-widget-wrap elementor-element-populated\">\n\t\t\t\t\t\t<div class=\"elementor-element elementor-element-9afbfe4 elementor-widget elementor-widget-text-editor\" data-id=\"9afbfe4\" data-element_type=\"widget\" data-e-type=\"widget\" data-widget_type=\"text-editor.default\">\n\t\t\t\t<div class=\"elementor-widget-container\">\n\t\t\t\t\t\t\t\t\t<h2 style=\"text-align: left;\"><span style=\"color: #fbaf31;\">Ayudas 2024 de certificaci\u00f3n internacional del programa de \u00abmentoring y apoyo a la internacionalizaci\u00f3n de la PYME\u00bb de la C\u00e1mara de Comercio, Industria, Servicios y Navegaci\u00f3n de Espa\u00f1a, en el marco del Plan de Recuperaci\u00f3n, Transformaci\u00f3n y Resiliencia (PRTR).<\/span><\/h2>\t\t\t\t\t\t\t\t<\/div>\n\t\t\t\t<\/div>\n\t\t\t\t<div class=\"elementor-element elementor-element-d25986e elementor-widget-divider--view-line elementor-widget elementor-widget-divider\" data-id=\"d25986e\" data-element_type=\"widget\" data-e-type=\"widget\" data-widget_type=\"divider.default\">\n\t\t\t\t<div class=\"elementor-widget-container\">\n\t\t\t\t\t\t\t<div class=\"elementor-divider\">\n\t\t\t<span class=\"elementor-divider-separator\">\n\t\t\t\t\t\t<\/span>\n\t\t<\/div>\n\t\t\t\t\t\t<\/div>\n\t\t\t\t<\/div>\n\t\t\t\t<div class=\"elementor-element elementor-element-129d098 elementor-widget elementor-widget-text-editor\" data-id=\"129d098\" data-element_type=\"widget\" data-e-type=\"widget\" data-widget_type=\"text-editor.default\">\n\t\t\t\t<div class=\"elementor-widget-container\">\n\t\t\t\t\t\t\t\t\t<p>En Blackhills Diagnostic Resources nos complace anunciar que hemos sido beneficiarios de las Ayudas 2024 de certificaci\u00f3n internacional, en el marco del Programa de \u201c<strong>Mentoring y Apoyo a la Internacionalizaci\u00f3n de la pyme<\/strong>\u201d promovido por la C\u00e1mara de Comercio de Espa\u00f1a. Esta iniciativa, incluida en el Plan de Recuperaci\u00f3n, Transformaci\u00f3n y Resiliencia (PRTR), impulsa la competitividad y la apertura a nuevos mercados para las peque\u00f1as y medianas empresas espa\u00f1olas.<br \/><br \/>El objetivo del programa es <strong>reforzar las capacidades de internacionalizaci\u00f3n del tejido productivo<\/strong>, fomentando la innovaci\u00f3n, la digitalizaci\u00f3n y la sostenibilidad. Con estas ayudas, BDR podr\u00e1 seguir ampliando su presencia en el exterior, potenciando sus soluciones de diagn\u00f3stico in vitro y ofreciendo productos y servicios con certificaciones internacionales que garanticen la m\u00e1xima calidad.<br \/><br \/>En BDR continuaremos trabajando para consolidar nuestra actividad exportadora, mejorar la capacitaci\u00f3n de nuestro equipo y diversificar los mercados en los que operamos. Agradecemos el apoyo brindado por las entidades responsables de esta iniciativa y reafirmamos nuestro compromiso con la innovaci\u00f3n, la competitividad y el crecimiento sostenible.<\/p>\t\t\t\t\t\t\t\t<\/div>\n\t\t\t\t<\/div>\n\t\t\t\t\t<\/div>\n\t\t<\/div>\n\t\t\t\t\t<\/div>\n\t\t<\/section>\n\t\t\t\t<section class=\"elementor-section elementor-top-section elementor-element elementor-element-a8e058a elementor-section-boxed elementor-section-height-default elementor-section-height-default\" data-id=\"a8e058a\" data-element_type=\"section\" data-e-type=\"section\" data-settings=\"{&quot;jet_parallax_layout_list&quot;:[]}\">\n\t\t\t\t\t\t<div class=\"elementor-container elementor-column-gap-default\">\n\t\t\t\t\t<div class=\"elementor-column elementor-col-100 elementor-top-column elementor-element elementor-element-6869bd3\" data-id=\"6869bd3\" data-element_type=\"column\" data-e-type=\"column\">\n\t\t\t<div class=\"elementor-widget-wrap\">\n\t\t\t\t\t\t\t<\/div>\n\t\t<\/div>\n\t\t\t\t\t<\/div>\n\t\t<\/section>\n\t\t\t\t<\/div>\n\t\t","protected":false},"excerpt":{"rendered":"<p>Ayudas 2024 de certificaci\u00f3n internacional del programa de \u00abmentoring y apoyo a la internacionalizaci\u00f3n de la PYME\u00bb de la C\u00e1mara de Comercio, Industria, Servicios y Navegaci\u00f3n de Espa\u00f1a, en el marco del Plan de Recuperaci\u00f3n, Transformaci\u00f3n y Resiliencia (PRTR). En Blackhills Diagnostic Resources nos complace anunciar que hemos sido beneficiarios de las Ayudas 2024 de [&hellip;]<\/p>\n","protected":false},"author":6,"featured_media":4343,"parent":0,"menu_order":0,"comment_status":"closed","ping_status":"closed","template":"","meta":{"footnotes":""},"class_list":["post-8299","page","type-page","status-publish","has-post-thumbnail","hentry"],"yoast_head":"<!-- This site is optimized with the Yoast SEO plugin v27.2 - https:\/\/yoast.com\/product\/yoast-seo-wordpress\/ -->\n<title>Blackhills Diagnostic Resources participa en el programa PAIP - BDR | Blackhills Diagnostics Resources<\/title>\n<meta name=\"robots\" content=\"index, follow, max-snippet:-1, max-image-preview:large, max-video-preview:-1\" \/>\n<link rel=\"canonical\" href=\"https:\/\/www.bdrdiagnostics.com\/es\/mentoring-y-apoyo-a-la-internacionalizacion-de-la-pyme\/\" \/>\n<meta property=\"og:locale\" content=\"es_ES\" \/>\n<meta property=\"og:type\" content=\"article\" \/>\n<meta property=\"og:title\" content=\"Blackhills Diagnostic Resources participa en el programa PAIP - BDR | Blackhills Diagnostics Resources\" \/>\n<meta property=\"og:description\" content=\"Ayudas 2024 de certificaci\u00f3n internacional del programa de \u00abmentoring y apoyo a la internacionalizaci\u00f3n de la PYME\u00bb de la C\u00e1mara de Comercio, Industria, Servicios y Navegaci\u00f3n de Espa\u00f1a, en el marco del Plan de Recuperaci\u00f3n, Transformaci\u00f3n y Resiliencia (PRTR). En Blackhills Diagnostic Resources nos complace anunciar que hemos sido beneficiarios de las Ayudas 2024 de [&hellip;]\" \/>\n<meta property=\"og:url\" content=\"https:\/\/www.bdrdiagnostics.com\/es\/mentoring-y-apoyo-a-la-internacionalizacion-de-la-pyme\/\" \/>\n<meta property=\"og:site_name\" content=\"BDR | Blackhills Diagnostics Resources\" \/>\n<meta property=\"article:modified_time\" content=\"2025-01-17T08:55:51+00:00\" \/>\n<meta property=\"og:image\" content=\"https:\/\/www.bdrdiagnostics.com\/wp-content\/uploads\/2023\/02\/IcexNextheader-2.png\" \/>\n\t<meta property=\"og:image:width\" content=\"823\" \/>\n\t<meta property=\"og:image:height\" content=\"252\" \/>\n\t<meta property=\"og:image:type\" content=\"image\/png\" \/>\n<meta name=\"twitter:card\" content=\"summary_large_image\" \/>\n<meta name=\"twitter:label1\" content=\"Tiempo de lectura\" \/>\n\t<meta name=\"twitter:data1\" content=\"2 minutos\" \/>\n<script type=\"application\/ld+json\" class=\"yoast-schema-graph\">{\"@context\":\"https:\/\/schema.org\",\"@graph\":[{\"@type\":\"WebPage\",\"@id\":\"https:\/\/www.bdrdiagnostics.com\/es\/mentoring-y-apoyo-a-la-internacionalizacion-de-la-pyme\/\",\"url\":\"https:\/\/www.bdrdiagnostics.com\/es\/mentoring-y-apoyo-a-la-internacionalizacion-de-la-pyme\/\",\"name\":\"Blackhills Diagnostic Resources participa en el programa PAIP - BDR | Blackhills Diagnostics Resources\",\"isPartOf\":{\"@id\":\"https:\/\/www.bdrdiagnostics.com\/es\/#website\"},\"primaryImageOfPage\":{\"@id\":\"https:\/\/www.bdrdiagnostics.com\/es\/mentoring-y-apoyo-a-la-internacionalizacion-de-la-pyme\/#primaryimage\"},\"image\":{\"@id\":\"https:\/\/www.bdrdiagnostics.com\/es\/mentoring-y-apoyo-a-la-internacionalizacion-de-la-pyme\/#primaryimage\"},\"thumbnailUrl\":\"https:\/\/www.bdrdiagnostics.com\/wp-content\/uploads\/2023\/02\/IcexNextheader-2.png\",\"datePublished\":\"2025-01-17T08:43:14+00:00\",\"dateModified\":\"2025-01-17T08:55:51+00:00\",\"breadcrumb\":{\"@id\":\"https:\/\/www.bdrdiagnostics.com\/es\/mentoring-y-apoyo-a-la-internacionalizacion-de-la-pyme\/#breadcrumb\"},\"inLanguage\":\"es\",\"potentialAction\":[{\"@type\":\"ReadAction\",\"target\":[\"https:\/\/www.bdrdiagnostics.com\/es\/mentoring-y-apoyo-a-la-internacionalizacion-de-la-pyme\/\"]}]},{\"@type\":\"ImageObject\",\"inLanguage\":\"es\",\"@id\":\"https:\/\/www.bdrdiagnostics.com\/es\/mentoring-y-apoyo-a-la-internacionalizacion-de-la-pyme\/#primaryimage\",\"url\":\"https:\/\/www.bdrdiagnostics.com\/wp-content\/uploads\/2023\/02\/IcexNextheader-2.png\",\"contentUrl\":\"https:\/\/www.bdrdiagnostics.com\/wp-content\/uploads\/2023\/02\/IcexNextheader-2.png\",\"width\":823,\"height\":252},{\"@type\":\"BreadcrumbList\",\"@id\":\"https:\/\/www.bdrdiagnostics.com\/es\/mentoring-y-apoyo-a-la-internacionalizacion-de-la-pyme\/#breadcrumb\",\"itemListElement\":[{\"@type\":\"ListItem\",\"position\":1,\"name\":\"Home\",\"item\":\"https:\/\/www.bdrdiagnostics.com\/es\/\"},{\"@type\":\"ListItem\",\"position\":2,\"name\":\"Blackhills Diagnostic Resources participa en el programa PAIP\"}]},{\"@type\":\"WebSite\",\"@id\":\"https:\/\/www.bdrdiagnostics.com\/es\/#website\",\"url\":\"https:\/\/www.bdrdiagnostics.com\/es\/\",\"name\":\"BDR | Blackhills Diagnostics Resources\",\"description\":\"Desarrollo de productos para el diagn\u00f3stico in vitro\",\"publisher\":{\"@id\":\"https:\/\/www.bdrdiagnostics.com\/es\/#organization\"},\"potentialAction\":[{\"@type\":\"SearchAction\",\"target\":{\"@type\":\"EntryPoint\",\"urlTemplate\":\"https:\/\/www.bdrdiagnostics.com\/es\/?s={search_term_string}\"},\"query-input\":{\"@type\":\"PropertyValueSpecification\",\"valueRequired\":true,\"valueName\":\"search_term_string\"}}],\"inLanguage\":\"es\"},{\"@type\":\"Organization\",\"@id\":\"https:\/\/www.bdrdiagnostics.com\/es\/#organization\",\"name\":\"BDR | Blackhills Diagnostics Resources\",\"url\":\"https:\/\/www.bdrdiagnostics.com\/es\/\",\"logo\":{\"@type\":\"ImageObject\",\"inLanguage\":\"es\",\"@id\":\"https:\/\/www.bdrdiagnostics.com\/es\/#\/schema\/logo\/image\/\",\"url\":\"https:\/\/www.bdrdiagnostics.com\/wp-content\/uploads\/2021\/09\/bdr-logo.svg\",\"contentUrl\":\"https:\/\/www.bdrdiagnostics.com\/wp-content\/uploads\/2021\/09\/bdr-logo.svg\",\"width\":127,\"height\":53,\"caption\":\"BDR | Blackhills Diagnostics Resources\"},\"image\":{\"@id\":\"https:\/\/www.bdrdiagnostics.com\/es\/#\/schema\/logo\/image\/\"}}]}<\/script>\n<!-- \/ Yoast SEO plugin. -->","yoast_head_json":{"title":"Blackhills Diagnostic Resources participa en el programa PAIP - BDR | Blackhills Diagnostics Resources","robots":{"index":"index","follow":"follow","max-snippet":"max-snippet:-1","max-image-preview":"max-image-preview:large","max-video-preview":"max-video-preview:-1"},"canonical":"https:\/\/www.bdrdiagnostics.com\/es\/mentoring-y-apoyo-a-la-internacionalizacion-de-la-pyme\/","og_locale":"es_ES","og_type":"article","og_title":"Blackhills Diagnostic Resources participa en el programa PAIP - BDR | Blackhills Diagnostics Resources","og_description":"Ayudas 2024 de certificaci\u00f3n internacional del programa de \u00abmentoring y apoyo a la internacionalizaci\u00f3n de la PYME\u00bb de la C\u00e1mara de Comercio, Industria, Servicios y Navegaci\u00f3n de Espa\u00f1a, en el marco del Plan de Recuperaci\u00f3n, Transformaci\u00f3n y Resiliencia (PRTR). En Blackhills Diagnostic Resources nos complace anunciar que hemos sido beneficiarios de las Ayudas 2024 de [&hellip;]","og_url":"https:\/\/www.bdrdiagnostics.com\/es\/mentoring-y-apoyo-a-la-internacionalizacion-de-la-pyme\/","og_site_name":"BDR | Blackhills Diagnostics Resources","article_modified_time":"2025-01-17T08:55:51+00:00","og_image":[{"width":823,"height":252,"url":"https:\/\/www.bdrdiagnostics.com\/wp-content\/uploads\/2023\/02\/IcexNextheader-2.png","type":"image\/png"}],"twitter_card":"summary_large_image","twitter_misc":{"Tiempo de lectura":"2 minutos"},"schema":{"@context":"https:\/\/schema.org","@graph":[{"@type":"WebPage","@id":"https:\/\/www.bdrdiagnostics.com\/es\/mentoring-y-apoyo-a-la-internacionalizacion-de-la-pyme\/","url":"https:\/\/www.bdrdiagnostics.com\/es\/mentoring-y-apoyo-a-la-internacionalizacion-de-la-pyme\/","name":"Blackhills Diagnostic Resources participa en el programa PAIP - BDR | Blackhills Diagnostics Resources","isPartOf":{"@id":"https:\/\/www.bdrdiagnostics.com\/es\/#website"},"primaryImageOfPage":{"@id":"https:\/\/www.bdrdiagnostics.com\/es\/mentoring-y-apoyo-a-la-internacionalizacion-de-la-pyme\/#primaryimage"},"image":{"@id":"https:\/\/www.bdrdiagnostics.com\/es\/mentoring-y-apoyo-a-la-internacionalizacion-de-la-pyme\/#primaryimage"},"thumbnailUrl":"https:\/\/www.bdrdiagnostics.com\/wp-content\/uploads\/2023\/02\/IcexNextheader-2.png","datePublished":"2025-01-17T08:43:14+00:00","dateModified":"2025-01-17T08:55:51+00:00","breadcrumb":{"@id":"https:\/\/www.bdrdiagnostics.com\/es\/mentoring-y-apoyo-a-la-internacionalizacion-de-la-pyme\/#breadcrumb"},"inLanguage":"es","potentialAction":[{"@type":"ReadAction","target":["https:\/\/www.bdrdiagnostics.com\/es\/mentoring-y-apoyo-a-la-internacionalizacion-de-la-pyme\/"]}]},{"@type":"ImageObject","inLanguage":"es","@id":"https:\/\/www.bdrdiagnostics.com\/es\/mentoring-y-apoyo-a-la-internacionalizacion-de-la-pyme\/#primaryimage","url":"https:\/\/www.bdrdiagnostics.com\/wp-content\/uploads\/2023\/02\/IcexNextheader-2.png","contentUrl":"https:\/\/www.bdrdiagnostics.com\/wp-content\/uploads\/2023\/02\/IcexNextheader-2.png","width":823,"height":252},{"@type":"BreadcrumbList","@id":"https:\/\/www.bdrdiagnostics.com\/es\/mentoring-y-apoyo-a-la-internacionalizacion-de-la-pyme\/#breadcrumb","itemListElement":[{"@type":"ListItem","position":1,"name":"Home","item":"https:\/\/www.bdrdiagnostics.com\/es\/"},{"@type":"ListItem","position":2,"name":"Blackhills Diagnostic Resources participa en el programa PAIP"}]},{"@type":"WebSite","@id":"https:\/\/www.bdrdiagnostics.com\/es\/#website","url":"https:\/\/www.bdrdiagnostics.com\/es\/","name":"BDR | Blackhills Diagnostics Resources","description":"Desarrollo de productos para el diagn\u00f3stico in vitro","publisher":{"@id":"https:\/\/www.bdrdiagnostics.com\/es\/#organization"},"potentialAction":[{"@type":"SearchAction","target":{"@type":"EntryPoint","urlTemplate":"https:\/\/www.bdrdiagnostics.com\/es\/?s={search_term_string}"},"query-input":{"@type":"PropertyValueSpecification","valueRequired":true,"valueName":"search_term_string"}}],"inLanguage":"es"},{"@type":"Organization","@id":"https:\/\/www.bdrdiagnostics.com\/es\/#organization","name":"BDR | Blackhills Diagnostics Resources","url":"https:\/\/www.bdrdiagnostics.com\/es\/","logo":{"@type":"ImageObject","inLanguage":"es","@id":"https:\/\/www.bdrdiagnostics.com\/es\/#\/schema\/logo\/image\/","url":"https:\/\/www.bdrdiagnostics.com\/wp-content\/uploads\/2021\/09\/bdr-logo.svg","contentUrl":"https:\/\/www.bdrdiagnostics.com\/wp-content\/uploads\/2021\/09\/bdr-logo.svg","width":127,"height":53,"caption":"BDR | Blackhills Diagnostics Resources"},"image":{"@id":"https:\/\/www.bdrdiagnostics.com\/es\/#\/schema\/logo\/image\/"}}]}},"_links":{"self":[{"href":"https:\/\/www.bdrdiagnostics.com\/es\/wp-json\/wp\/v2\/pages\/8299","targetHints":{"allow":["GET"]}}],"collection":[{"href":"https:\/\/www.bdrdiagnostics.com\/es\/wp-json\/wp\/v2\/pages"}],"about":[{"href":"https:\/\/www.bdrdiagnostics.com\/es\/wp-json\/wp\/v2\/types\/page"}],"author":[{"embeddable":true,"href":"https:\/\/www.bdrdiagnostics.com\/es\/wp-json\/wp\/v2\/users\/6"}],"replies":[{"embeddable":true,"href":"https:\/\/www.bdrdiagnostics.com\/es\/wp-json\/wp\/v2\/comments?post=8299"}],"version-history":[{"count":7,"href":"https:\/\/www.bdrdiagnostics.com\/es\/wp-json\/wp\/v2\/pages\/8299\/revisions"}],"predecessor-version":[{"id":8316,"href":"https:\/\/www.bdrdiagnostics.com\/es\/wp-json\/wp\/v2\/pages\/8299\/revisions\/8316"}],"wp:featuredmedia":[{"embeddable":true,"href":"https:\/\/www.bdrdiagnostics.com\/es\/wp-json\/wp\/v2\/media\/4343"}],"wp:attachment":[{"href":"https:\/\/www.bdrdiagnostics.com\/es\/wp-json\/wp\/v2\/media?parent=8299"}],"curies":[{"name":"wp","href":"https:\/\/api.w.org\/{rel}","templated":true}]}}