{"id":5725,"date":"2023-02-21T10:55:26","date_gmt":"2023-02-21T09:55:26","guid":{"rendered":"https:\/\/www.bdrdiagnostics.com\/icex-next\/"},"modified":"2024-05-10T13:31:09","modified_gmt":"2024-05-10T12:31:09","slug":"icex-next","status":"publish","type":"page","link":"https:\/\/www.bdrdiagnostics.com\/fr\/icex-next\/","title":{"rendered":"BDR, entreprise choisie pour ICEX Next"},"content":{"rendered":"\t\t<div data-elementor-type=\"wp-page\" data-elementor-id=\"5725\" class=\"elementor elementor-5725 elementor-4308\" data-elementor-post-type=\"page\">\n\t\t\t\t\t\t<section class=\"elementor-section elementor-top-section elementor-element elementor-element-f0e34ec elementor-section-boxed elementor-section-height-default elementor-section-height-default\" data-id=\"f0e34ec\" data-element_type=\"section\" data-e-type=\"section\" data-settings=\"{&quot;jet_parallax_layout_list&quot;:[{&quot;jet_parallax_layout_image&quot;:{&quot;url&quot;:&quot;&quot;,&quot;id&quot;:&quot;&quot;,&quot;size&quot;:&quot;&quot;},&quot;_id&quot;:&quot;6c5a817&quot;,&quot;jet_parallax_layout_image_tablet&quot;:{&quot;url&quot;:&quot;&quot;,&quot;id&quot;:&quot;&quot;,&quot;size&quot;:&quot;&quot;},&quot;jet_parallax_layout_image_mobile&quot;:{&quot;url&quot;:&quot;&quot;,&quot;id&quot;:&quot;&quot;,&quot;size&quot;:&quot;&quot;},&quot;jet_parallax_layout_speed&quot;:{&quot;unit&quot;:&quot;%&quot;,&quot;size&quot;:50,&quot;sizes&quot;:[]},&quot;jet_parallax_layout_type&quot;:&quot;scroll&quot;,&quot;jet_parallax_layout_direction&quot;:&quot;1&quot;,&quot;jet_parallax_layout_fx_direction&quot;:null,&quot;jet_parallax_layout_z_index&quot;:&quot;&quot;,&quot;jet_parallax_layout_bg_x&quot;:50,&quot;jet_parallax_layout_bg_x_tablet&quot;:&quot;&quot;,&quot;jet_parallax_layout_bg_x_mobile&quot;:&quot;&quot;,&quot;jet_parallax_layout_bg_y&quot;:50,&quot;jet_parallax_layout_bg_y_tablet&quot;:&quot;&quot;,&quot;jet_parallax_layout_bg_y_mobile&quot;:&quot;&quot;,&quot;jet_parallax_layout_bg_size&quot;:&quot;auto&quot;,&quot;jet_parallax_layout_bg_size_tablet&quot;:&quot;&quot;,&quot;jet_parallax_layout_bg_size_mobile&quot;:&quot;&quot;,&quot;jet_parallax_layout_animation_prop&quot;:&quot;transform&quot;,&quot;jet_parallax_layout_on&quot;:[&quot;desktop&quot;,&quot;tablet&quot;]}]}\">\n\t\t\t\t\t\t<div class=\"elementor-container elementor-column-gap-default\">\n\t\t\t\t\t<div class=\"elementor-column elementor-col-100 elementor-top-column elementor-element elementor-element-4fba49a\" data-id=\"4fba49a\" data-element_type=\"column\" data-e-type=\"column\">\n\t\t\t<div class=\"elementor-widget-wrap elementor-element-populated\">\n\t\t\t\t\t\t<div class=\"elementor-element elementor-element-2805f48 elementor-widget elementor-widget-image\" data-id=\"2805f48\" data-element_type=\"widget\" data-e-type=\"widget\" data-widget_type=\"image.default\">\n\t\t\t\t<div class=\"elementor-widget-container\">\n\t\t\t\t\t\t\t\t\t\t\t\t\t\t\t<img fetchpriority=\"high\" decoding=\"async\" width=\"800\" height=\"245\" src=\"https:\/\/www.bdrdiagnostics.com\/wp-content\/uploads\/2023\/02\/IcexNextheader-2-1.png\" class=\"attachment-large size-large wp-image-5910\" alt=\"\" srcset=\"https:\/\/www.bdrdiagnostics.com\/wp-content\/uploads\/2023\/02\/IcexNextheader-2-1.png 823w, https:\/\/www.bdrdiagnostics.com\/wp-content\/uploads\/2023\/02\/IcexNextheader-2-1-300x92.png 300w, https:\/\/www.bdrdiagnostics.com\/wp-content\/uploads\/2023\/02\/IcexNextheader-2-1-768x235.png 768w\" sizes=\"(max-width: 800px) 100vw, 800px\" \/>\t\t\t\t\t\t\t\t\t\t\t\t\t\t\t<\/div>\n\t\t\t\t<\/div>\n\t\t\t\t<div class=\"elementor-element elementor-element-9afbfe4 elementor-widget elementor-widget-text-editor\" data-id=\"9afbfe4\" data-element_type=\"widget\" data-e-type=\"widget\" data-widget_type=\"text-editor.default\">\n\t\t\t\t<div class=\"elementor-widget-container\">\n\t\t\t\t\t\t\t\t\t<h2 style=\"text-align: left;\"><span style=\"color: #fbaf31;\">Blackhills Diagnostic Resources, entreprise choisie pour ICEX Next<\/span><\/h2>\n\t\t\t\t\t\t\t\t<\/div>\n\t\t\t\t<\/div>\n\t\t\t\t<div class=\"elementor-element elementor-element-d25986e elementor-widget-divider--view-line elementor-widget elementor-widget-divider\" data-id=\"d25986e\" data-element_type=\"widget\" data-e-type=\"widget\" data-widget_type=\"divider.default\">\n\t\t\t\t<div class=\"elementor-widget-container\">\n\t\t\t\t\t\t\t<div class=\"elementor-divider\">\n\t\t\t<span class=\"elementor-divider-separator\">\n\t\t\t\t\t\t<\/span>\n\t\t<\/div>\n\t\t\t\t\t\t<\/div>\n\t\t\t\t<\/div>\n\t\t\t\t<div class=\"elementor-element elementor-element-129d098 elementor-widget elementor-widget-text-editor\" data-id=\"129d098\" data-element_type=\"widget\" data-e-type=\"widget\" data-widget_type=\"text-editor.default\">\n\t\t\t\t<div class=\"elementor-widget-container\">\n\t\t\t\t\t\t\t\t\t<p style=\"text-align: justify;\">Blackhills Diagnostic Resources a \u00e9t\u00e9 r\u00e9cemment s\u00e9lectionn\u00e9e pour le programme <span style=\"color: #fbaf31;\"><strong>ICEX Next<\/strong><\/span>. ICEX est un organisme public national dont la mission est de promouvoir l&rsquo;internationalisation des entreprises espagnoles afin de contribuer \u00e0 leur comp\u00e9titivit\u00e9 mondiale et d&rsquo;internationaliser leurs activit\u00e9s. Avec la participation au projet, BDR b\u00e9n\u00e9ficie du soutien de l&rsquo;ICEX ainsi que du cofinancement des fonds europ\u00e9ens FEDER.<\/p>\n\t\t\t\t\t\t\t\t<\/div>\n\t\t\t\t<\/div>\n\t\t\t\t<div class=\"elementor-element elementor-element-3a98d46 elementor-widget elementor-widget-image\" data-id=\"3a98d46\" data-element_type=\"widget\" data-e-type=\"widget\" data-widget_type=\"image.default\">\n\t\t\t\t<div class=\"elementor-widget-container\">\n\t\t\t\t\t\t\t\t\t\t\t\t\t\t\t<img decoding=\"async\" width=\"800\" height=\"112\" src=\"https:\/\/www.bdrdiagnostics.com\/wp-content\/uploads\/2023\/02\/bANNER-FEDER.jpg\" class=\"attachment-large size-large wp-image-5909\" alt=\"\" srcset=\"https:\/\/www.bdrdiagnostics.com\/wp-content\/uploads\/2023\/02\/bANNER-FEDER.jpg 805w, https:\/\/www.bdrdiagnostics.com\/wp-content\/uploads\/2023\/02\/bANNER-FEDER-300x42.jpg 300w, https:\/\/www.bdrdiagnostics.com\/wp-content\/uploads\/2023\/02\/bANNER-FEDER-768x108.jpg 768w\" sizes=\"(max-width: 800px) 100vw, 800px\" \/>\t\t\t\t\t\t\t\t\t\t\t\t\t\t\t<\/div>\n\t\t\t\t<\/div>\n\t\t\t\t<div class=\"elementor-element elementor-element-9d69fb4 elementor-widget elementor-widget-text-editor\" data-id=\"9d69fb4\" data-element_type=\"widget\" data-e-type=\"widget\" data-widget_type=\"text-editor.default\">\n\t\t\t\t<div class=\"elementor-widget-container\">\n\t\t\t\t\t\t\t\t\t<p style=\"text-align: justify;\"><span style=\"color: var( --e-global-color-text );\">Les analystes d&rsquo;ICEX ont not\u00e9 positivement que BDR est sp\u00e9cialis\u00e9e dans les technologies telles que la PCR en temps r\u00e9el (qPCR), l&rsquo;analyse des fragments (QF-PCR) et NGS, ainsi que d&rsquo;avoir son propre d\u00e9partement de bioinformatique d\u00e9di\u00e9 au d\u00e9veloppement de logiciels ax\u00e9s sur l&rsquo;analyse des r\u00e9sultats. Cette sp\u00e9cialisation a permis \u00e0 l&rsquo;entreprise de conserver un avantage concurrentiel par rapport aux autres entreprises. Avec le soutien de l&rsquo;ICEX, BDR sera en mesure d&rsquo;\u00e9largir son secteur d&rsquo;activit\u00e9 et d&rsquo;am\u00e9liorer sa comp\u00e9titivit\u00e9, ce qui augure d&rsquo;un grand potentiel de croissance pour l&rsquo;entreprise.<\/span><\/p>\n\t\t\t\t\t\t\t\t<\/div>\n\t\t\t\t<\/div>\n\t\t\t\t\t<\/div>\n\t\t<\/div>\n\t\t\t\t\t<\/div>\n\t\t<\/section>\n\t\t\t\t<section class=\"elementor-section elementor-top-section elementor-element elementor-element-a8e058a elementor-section-boxed elementor-section-height-default elementor-section-height-default\" data-id=\"a8e058a\" data-element_type=\"section\" data-e-type=\"section\" data-settings=\"{&quot;jet_parallax_layout_list&quot;:[]}\">\n\t\t\t\t\t\t<div class=\"elementor-container elementor-column-gap-default\">\n\t\t\t\t\t<div class=\"elementor-column elementor-col-100 elementor-top-column elementor-element elementor-element-6869bd3\" data-id=\"6869bd3\" data-element_type=\"column\" data-e-type=\"column\">\n\t\t\t<div class=\"elementor-widget-wrap\">\n\t\t\t\t\t\t\t<\/div>\n\t\t<\/div>\n\t\t\t\t\t<\/div>\n\t\t<\/section>\n\t\t\t\t<\/div>\n\t\t","protected":false},"excerpt":{"rendered":"<p>Blackhills Diagnostic Resources, entreprise choisie pour ICEX Next Blackhills Diagnostic Resources a \u00e9t\u00e9 r\u00e9cemment s\u00e9lectionn\u00e9e pour le programme ICEX Next. ICEX est un organisme public national dont la mission est de promouvoir l&rsquo;internationalisation des entreprises espagnoles afin de contribuer \u00e0 leur comp\u00e9titivit\u00e9 mondiale et d&rsquo;internationaliser leurs activit\u00e9s. Avec la participation au projet, BDR b\u00e9n\u00e9ficie du [&hellip;]<\/p>\n","protected":false},"author":6,"featured_media":5727,"parent":0,"menu_order":0,"comment_status":"closed","ping_status":"closed","template":"","meta":{"footnotes":""},"class_list":["post-5725","page","type-page","status-publish","has-post-thumbnail","hentry"],"yoast_head":"<!-- This site is optimized with the Yoast SEO plugin v27.2 - https:\/\/yoast.com\/product\/yoast-seo-wordpress\/ -->\n<title>BDR, entreprise choisie pour ICEX Next - BDR | Blackhills Diagnostics Resources<\/title>\n<meta name=\"robots\" content=\"index, follow, max-snippet:-1, max-image-preview:large, max-video-preview:-1\" \/>\n<link rel=\"canonical\" href=\"https:\/\/www.bdrdiagnostics.com\/fr\/icex-next\/\" \/>\n<meta property=\"og:locale\" content=\"fr_FR\" \/>\n<meta property=\"og:type\" content=\"article\" \/>\n<meta property=\"og:title\" content=\"BDR, entreprise choisie pour ICEX Next - BDR | Blackhills Diagnostics Resources\" \/>\n<meta property=\"og:description\" content=\"Blackhills Diagnostic Resources, entreprise choisie pour ICEX Next Blackhills Diagnostic Resources a \u00e9t\u00e9 r\u00e9cemment s\u00e9lectionn\u00e9e pour le programme ICEX Next. ICEX est un organisme public national dont la mission est de promouvoir l&rsquo;internationalisation des entreprises espagnoles afin de contribuer \u00e0 leur comp\u00e9titivit\u00e9 mondiale et d&rsquo;internationaliser leurs activit\u00e9s. Avec la participation au projet, BDR b\u00e9n\u00e9ficie du [&hellip;]\" \/>\n<meta property=\"og:url\" content=\"https:\/\/www.bdrdiagnostics.com\/fr\/icex-next\/\" \/>\n<meta property=\"og:site_name\" content=\"BDR | Blackhills Diagnostics Resources\" \/>\n<meta property=\"article:modified_time\" content=\"2024-05-10T12:31:09+00:00\" \/>\n<meta property=\"og:image\" content=\"https:\/\/www.bdrdiagnostics.com\/wp-content\/uploads\/2023\/02\/IcexNextheader-2.png\" \/>\n\t<meta property=\"og:image:width\" content=\"823\" \/>\n\t<meta property=\"og:image:height\" content=\"252\" \/>\n\t<meta property=\"og:image:type\" content=\"image\/png\" \/>\n<meta name=\"twitter:card\" content=\"summary_large_image\" \/>\n<meta name=\"twitter:label1\" content=\"Dur\u00e9e de lecture estim\u00e9e\" \/>\n\t<meta name=\"twitter:data1\" content=\"2 minutes\" \/>\n<script type=\"application\/ld+json\" class=\"yoast-schema-graph\">{\"@context\":\"https:\/\/schema.org\",\"@graph\":[{\"@type\":\"WebPage\",\"@id\":\"https:\/\/www.bdrdiagnostics.com\/fr\/icex-next\/\",\"url\":\"https:\/\/www.bdrdiagnostics.com\/fr\/icex-next\/\",\"name\":\"BDR, entreprise choisie pour ICEX Next - BDR | Blackhills Diagnostics Resources\",\"isPartOf\":{\"@id\":\"https:\/\/www.bdrdiagnostics.com\/fr\/#website\"},\"primaryImageOfPage\":{\"@id\":\"https:\/\/www.bdrdiagnostics.com\/fr\/icex-next\/#primaryimage\"},\"image\":{\"@id\":\"https:\/\/www.bdrdiagnostics.com\/fr\/icex-next\/#primaryimage\"},\"thumbnailUrl\":\"https:\/\/www.bdrdiagnostics.com\/wp-content\/uploads\/2023\/02\/IcexNextheader-2.png\",\"datePublished\":\"2023-02-21T09:55:26+00:00\",\"dateModified\":\"2024-05-10T12:31:09+00:00\",\"breadcrumb\":{\"@id\":\"https:\/\/www.bdrdiagnostics.com\/fr\/icex-next\/#breadcrumb\"},\"inLanguage\":\"fr-FR\",\"potentialAction\":[{\"@type\":\"ReadAction\",\"target\":[\"https:\/\/www.bdrdiagnostics.com\/fr\/icex-next\/\"]}]},{\"@type\":\"ImageObject\",\"inLanguage\":\"fr-FR\",\"@id\":\"https:\/\/www.bdrdiagnostics.com\/fr\/icex-next\/#primaryimage\",\"url\":\"https:\/\/www.bdrdiagnostics.com\/wp-content\/uploads\/2023\/02\/IcexNextheader-2.png\",\"contentUrl\":\"https:\/\/www.bdrdiagnostics.com\/wp-content\/uploads\/2023\/02\/IcexNextheader-2.png\",\"width\":823,\"height\":252},{\"@type\":\"BreadcrumbList\",\"@id\":\"https:\/\/www.bdrdiagnostics.com\/fr\/icex-next\/#breadcrumb\",\"itemListElement\":[{\"@type\":\"ListItem\",\"position\":1,\"name\":\"Home\",\"item\":\"https:\/\/www.bdrdiagnostics.com\/fr\/\"},{\"@type\":\"ListItem\",\"position\":2,\"name\":\"BDR, entreprise choisie pour ICEX Next\"}]},{\"@type\":\"WebSite\",\"@id\":\"https:\/\/www.bdrdiagnostics.com\/fr\/#website\",\"url\":\"https:\/\/www.bdrdiagnostics.com\/fr\/\",\"name\":\"BDR | Blackhills Diagnostics Resources\",\"description\":\"Desarrollo de productos para el diagn\u00f3stico in vitro\",\"publisher\":{\"@id\":\"https:\/\/www.bdrdiagnostics.com\/fr\/#organization\"},\"potentialAction\":[{\"@type\":\"SearchAction\",\"target\":{\"@type\":\"EntryPoint\",\"urlTemplate\":\"https:\/\/www.bdrdiagnostics.com\/fr\/?s={search_term_string}\"},\"query-input\":{\"@type\":\"PropertyValueSpecification\",\"valueRequired\":true,\"valueName\":\"search_term_string\"}}],\"inLanguage\":\"fr-FR\"},{\"@type\":\"Organization\",\"@id\":\"https:\/\/www.bdrdiagnostics.com\/fr\/#organization\",\"name\":\"BDR | Blackhills Diagnostics Resources\",\"url\":\"https:\/\/www.bdrdiagnostics.com\/fr\/\",\"logo\":{\"@type\":\"ImageObject\",\"inLanguage\":\"fr-FR\",\"@id\":\"https:\/\/www.bdrdiagnostics.com\/fr\/#\/schema\/logo\/image\/\",\"url\":\"https:\/\/www.bdrdiagnostics.com\/wp-content\/uploads\/2021\/09\/bdr-logo.svg\",\"contentUrl\":\"https:\/\/www.bdrdiagnostics.com\/wp-content\/uploads\/2021\/09\/bdr-logo.svg\",\"width\":127,\"height\":53,\"caption\":\"BDR | Blackhills Diagnostics Resources\"},\"image\":{\"@id\":\"https:\/\/www.bdrdiagnostics.com\/fr\/#\/schema\/logo\/image\/\"}}]}<\/script>\n<!-- \/ Yoast SEO plugin. -->","yoast_head_json":{"title":"BDR, entreprise choisie pour ICEX Next - BDR | Blackhills Diagnostics Resources","robots":{"index":"index","follow":"follow","max-snippet":"max-snippet:-1","max-image-preview":"max-image-preview:large","max-video-preview":"max-video-preview:-1"},"canonical":"https:\/\/www.bdrdiagnostics.com\/fr\/icex-next\/","og_locale":"fr_FR","og_type":"article","og_title":"BDR, entreprise choisie pour ICEX Next - BDR | Blackhills Diagnostics Resources","og_description":"Blackhills Diagnostic Resources, entreprise choisie pour ICEX Next Blackhills Diagnostic Resources a \u00e9t\u00e9 r\u00e9cemment s\u00e9lectionn\u00e9e pour le programme ICEX Next. ICEX est un organisme public national dont la mission est de promouvoir l&rsquo;internationalisation des entreprises espagnoles afin de contribuer \u00e0 leur comp\u00e9titivit\u00e9 mondiale et d&rsquo;internationaliser leurs activit\u00e9s. Avec la participation au projet, BDR b\u00e9n\u00e9ficie du [&hellip;]","og_url":"https:\/\/www.bdrdiagnostics.com\/fr\/icex-next\/","og_site_name":"BDR | Blackhills Diagnostics Resources","article_modified_time":"2024-05-10T12:31:09+00:00","og_image":[{"width":823,"height":252,"url":"https:\/\/www.bdrdiagnostics.com\/wp-content\/uploads\/2023\/02\/IcexNextheader-2.png","type":"image\/png"}],"twitter_card":"summary_large_image","twitter_misc":{"Dur\u00e9e de lecture estim\u00e9e":"2 minutes"},"schema":{"@context":"https:\/\/schema.org","@graph":[{"@type":"WebPage","@id":"https:\/\/www.bdrdiagnostics.com\/fr\/icex-next\/","url":"https:\/\/www.bdrdiagnostics.com\/fr\/icex-next\/","name":"BDR, entreprise choisie pour ICEX Next - BDR | Blackhills Diagnostics Resources","isPartOf":{"@id":"https:\/\/www.bdrdiagnostics.com\/fr\/#website"},"primaryImageOfPage":{"@id":"https:\/\/www.bdrdiagnostics.com\/fr\/icex-next\/#primaryimage"},"image":{"@id":"https:\/\/www.bdrdiagnostics.com\/fr\/icex-next\/#primaryimage"},"thumbnailUrl":"https:\/\/www.bdrdiagnostics.com\/wp-content\/uploads\/2023\/02\/IcexNextheader-2.png","datePublished":"2023-02-21T09:55:26+00:00","dateModified":"2024-05-10T12:31:09+00:00","breadcrumb":{"@id":"https:\/\/www.bdrdiagnostics.com\/fr\/icex-next\/#breadcrumb"},"inLanguage":"fr-FR","potentialAction":[{"@type":"ReadAction","target":["https:\/\/www.bdrdiagnostics.com\/fr\/icex-next\/"]}]},{"@type":"ImageObject","inLanguage":"fr-FR","@id":"https:\/\/www.bdrdiagnostics.com\/fr\/icex-next\/#primaryimage","url":"https:\/\/www.bdrdiagnostics.com\/wp-content\/uploads\/2023\/02\/IcexNextheader-2.png","contentUrl":"https:\/\/www.bdrdiagnostics.com\/wp-content\/uploads\/2023\/02\/IcexNextheader-2.png","width":823,"height":252},{"@type":"BreadcrumbList","@id":"https:\/\/www.bdrdiagnostics.com\/fr\/icex-next\/#breadcrumb","itemListElement":[{"@type":"ListItem","position":1,"name":"Home","item":"https:\/\/www.bdrdiagnostics.com\/fr\/"},{"@type":"ListItem","position":2,"name":"BDR, entreprise choisie pour ICEX Next"}]},{"@type":"WebSite","@id":"https:\/\/www.bdrdiagnostics.com\/fr\/#website","url":"https:\/\/www.bdrdiagnostics.com\/fr\/","name":"BDR | Blackhills Diagnostics Resources","description":"Desarrollo de productos para el diagn\u00f3stico in vitro","publisher":{"@id":"https:\/\/www.bdrdiagnostics.com\/fr\/#organization"},"potentialAction":[{"@type":"SearchAction","target":{"@type":"EntryPoint","urlTemplate":"https:\/\/www.bdrdiagnostics.com\/fr\/?s={search_term_string}"},"query-input":{"@type":"PropertyValueSpecification","valueRequired":true,"valueName":"search_term_string"}}],"inLanguage":"fr-FR"},{"@type":"Organization","@id":"https:\/\/www.bdrdiagnostics.com\/fr\/#organization","name":"BDR | Blackhills Diagnostics Resources","url":"https:\/\/www.bdrdiagnostics.com\/fr\/","logo":{"@type":"ImageObject","inLanguage":"fr-FR","@id":"https:\/\/www.bdrdiagnostics.com\/fr\/#\/schema\/logo\/image\/","url":"https:\/\/www.bdrdiagnostics.com\/wp-content\/uploads\/2021\/09\/bdr-logo.svg","contentUrl":"https:\/\/www.bdrdiagnostics.com\/wp-content\/uploads\/2021\/09\/bdr-logo.svg","width":127,"height":53,"caption":"BDR | Blackhills Diagnostics Resources"},"image":{"@id":"https:\/\/www.bdrdiagnostics.com\/fr\/#\/schema\/logo\/image\/"}}]}},"_links":{"self":[{"href":"https:\/\/www.bdrdiagnostics.com\/fr\/wp-json\/wp\/v2\/pages\/5725","targetHints":{"allow":["GET"]}}],"collection":[{"href":"https:\/\/www.bdrdiagnostics.com\/fr\/wp-json\/wp\/v2\/pages"}],"about":[{"href":"https:\/\/www.bdrdiagnostics.com\/fr\/wp-json\/wp\/v2\/types\/page"}],"author":[{"embeddable":true,"href":"https:\/\/www.bdrdiagnostics.com\/fr\/wp-json\/wp\/v2\/users\/6"}],"replies":[{"embeddable":true,"href":"https:\/\/www.bdrdiagnostics.com\/fr\/wp-json\/wp\/v2\/comments?post=5725"}],"version-history":[{"count":2,"href":"https:\/\/www.bdrdiagnostics.com\/fr\/wp-json\/wp\/v2\/pages\/5725\/revisions"}],"predecessor-version":[{"id":5911,"href":"https:\/\/www.bdrdiagnostics.com\/fr\/wp-json\/wp\/v2\/pages\/5725\/revisions\/5911"}],"wp:featuredmedia":[{"embeddable":true,"href":"https:\/\/www.bdrdiagnostics.com\/fr\/wp-json\/wp\/v2\/media\/5727"}],"wp:attachment":[{"href":"https:\/\/www.bdrdiagnostics.com\/fr\/wp-json\/wp\/v2\/media?parent=5725"}],"curies":[{"name":"wp","href":"https:\/\/api.w.org\/{rel}","templated":true}]}}