{"id":5732,"date":"2023-05-12T10:59:33","date_gmt":"2023-05-12T09:59:33","guid":{"rendered":"https:\/\/www.bdrdiagnostics.com\/legal-notice-2\/"},"modified":"2025-12-02T14:44:17","modified_gmt":"2025-12-02T13:44:17","slug":"legal-notice-2","status":"publish","type":"page","link":"https:\/\/www.bdrdiagnostics.com\/fr\/legal-notice-2\/","title":{"rendered":"Compliance"},"content":{"rendered":"\t\t<div data-elementor-type=\"wp-page\" data-elementor-id=\"5732\" class=\"elementor elementor-5732 elementor-4583\" data-elementor-post-type=\"page\">\n\t\t\t\t\t\t<section class=\"elementor-section elementor-top-section elementor-element elementor-element-f799df2 elementor-section-boxed elementor-section-height-default elementor-section-height-default\" data-id=\"f799df2\" data-element_type=\"section\" data-e-type=\"section\" data-settings=\"{&quot;jet_parallax_layout_list&quot;:[{&quot;jet_parallax_layout_image&quot;:{&quot;url&quot;:&quot;&quot;,&quot;id&quot;:&quot;&quot;,&quot;size&quot;:&quot;&quot;},&quot;_id&quot;:&quot;6c5a817&quot;,&quot;jet_parallax_layout_image_tablet&quot;:{&quot;url&quot;:&quot;&quot;,&quot;id&quot;:&quot;&quot;,&quot;size&quot;:&quot;&quot;},&quot;jet_parallax_layout_image_mobile&quot;:{&quot;url&quot;:&quot;&quot;,&quot;id&quot;:&quot;&quot;,&quot;size&quot;:&quot;&quot;},&quot;jet_parallax_layout_speed&quot;:{&quot;unit&quot;:&quot;%&quot;,&quot;size&quot;:50,&quot;sizes&quot;:[]},&quot;jet_parallax_layout_type&quot;:&quot;scroll&quot;,&quot;jet_parallax_layout_direction&quot;:&quot;1&quot;,&quot;jet_parallax_layout_fx_direction&quot;:null,&quot;jet_parallax_layout_z_index&quot;:&quot;&quot;,&quot;jet_parallax_layout_bg_x&quot;:50,&quot;jet_parallax_layout_bg_x_tablet&quot;:&quot;&quot;,&quot;jet_parallax_layout_bg_x_mobile&quot;:&quot;&quot;,&quot;jet_parallax_layout_bg_y&quot;:50,&quot;jet_parallax_layout_bg_y_tablet&quot;:&quot;&quot;,&quot;jet_parallax_layout_bg_y_mobile&quot;:&quot;&quot;,&quot;jet_parallax_layout_bg_size&quot;:&quot;auto&quot;,&quot;jet_parallax_layout_bg_size_tablet&quot;:&quot;&quot;,&quot;jet_parallax_layout_bg_size_mobile&quot;:&quot;&quot;,&quot;jet_parallax_layout_animation_prop&quot;:&quot;transform&quot;,&quot;jet_parallax_layout_on&quot;:[&quot;desktop&quot;,&quot;tablet&quot;]}]}\">\n\t\t\t\t\t\t<div class=\"elementor-container elementor-column-gap-default\">\n\t\t\t\t\t<div class=\"elementor-column elementor-col-100 elementor-top-column elementor-element elementor-element-7257bfd\" data-id=\"7257bfd\" data-element_type=\"column\" data-e-type=\"column\">\n\t\t\t<div class=\"elementor-widget-wrap elementor-element-populated\">\n\t\t\t\t\t\t<div class=\"elementor-element elementor-element-fcd64b0 elementor-widget elementor-widget-heading\" data-id=\"fcd64b0\" data-element_type=\"widget\" data-e-type=\"widget\" data-widget_type=\"heading.default\">\n\t\t\t\t<div class=\"elementor-widget-container\">\n\t\t\t\t\t<h1 class=\"elementor-heading-title elementor-size-default\">Compliance<\/h1>\t\t\t\t<\/div>\n\t\t\t\t<\/div>\n\t\t\t\t<div class=\"elementor-element elementor-element-6636b1d elementor-widget elementor-widget-image\" data-id=\"6636b1d\" data-element_type=\"widget\" data-e-type=\"widget\" data-widget_type=\"image.default\">\n\t\t\t\t<div class=\"elementor-widget-container\">\n\t\t\t\t\t\t\t\t\t\t\t\t\t\t\t<img fetchpriority=\"high\" decoding=\"async\" width=\"647\" height=\"278\" src=\"https:\/\/www.bdrdiagnostics.com\/wp-content\/uploads\/2023\/05\/BDR.png\" class=\"attachment-2048x2048 size-2048x2048 wp-image-5733\" alt=\"\" srcset=\"https:\/\/www.bdrdiagnostics.com\/wp-content\/uploads\/2023\/05\/BDR.png 647w, https:\/\/www.bdrdiagnostics.com\/wp-content\/uploads\/2023\/05\/BDR-300x129.png 300w\" sizes=\"(max-width: 647px) 100vw, 647px\" \/>\t\t\t\t\t\t\t\t\t\t\t\t\t\t\t<\/div>\n\t\t\t\t<\/div>\n\t\t\t\t<div class=\"elementor-element elementor-element-b9284e8 elementor-widget elementor-widget-text-editor\" data-id=\"b9284e8\" data-element_type=\"widget\" data-e-type=\"widget\" data-widget_type=\"text-editor.default\">\n\t\t\t\t<div class=\"elementor-widget-container\">\n\t\t\t\t\t\t\t\t\t<div class=\"wp-block-spacer\" aria-hidden=\"true\">\n<p>Chez Blackhills Diagnostic Resources, nous sommes fiers de disposer d\u2019un syst\u00e8me de gestion de la conformit\u00e9.<\/p>\n<h3 class=\"has-text-align-center\">Mais qu\u2019est-ce qu\u2019un syst\u00e8me de gestion de la conformit\u00e9\u00a0?<\/h3>\n<p class=\"justificar\">En quelques mots, il s\u2019agit de l\u2019ensemble des r\u00e8gles et des proc\u00e9dures qui garantissent que nous respectons les lois et les r\u00e9glementations qui s\u2019appliquent \u00e0 notre activit\u00e9. Ce syst\u00e8me nous permet de nous assurer que les op\u00e9rations de notre entreprise se d\u00e9roulent de mani\u00e8re \u00e9thique et responsable, dans le respect des lois et des r\u00e8glementations, afin de prot\u00e9ger nos clients comme notre entreprise.<\/p>\n<p class=\"justificar\">La mise en \u0153uvre d\u2019un syst\u00e8me de gestion de la conformit\u00e9 montre notre engagement envers la transparence, l\u2019int\u00e9grit\u00e9 et le respect des lois. Tout ceci nous aide \u00e0 b\u00e2tir une r\u00e9putation d\u2019entreprise fiable et solide et \u00e0 entretenir la confiance que nous t\u00e9moignent nos clients et nos fournisseurs.<\/p>\n<p>Vous trouverez ci-dessous nos documents en mati\u00e8re de conformit\u00e9\u00a0:<\/p>\n<\/div>\n\t\t\t\t\t\t\t\t<\/div>\n\t\t\t\t<\/div>\n\t\t\t\t<section class=\"elementor-section elementor-inner-section elementor-element elementor-element-48031b4 elementor-section-boxed elementor-section-height-default elementor-section-height-default\" data-id=\"48031b4\" data-element_type=\"section\" data-e-type=\"section\" data-settings=\"{&quot;jet_parallax_layout_list&quot;:[]}\">\n\t\t\t\t\t\t<div class=\"elementor-container elementor-column-gap-default\">\n\t\t\t\t\t<div class=\"elementor-column elementor-col-50 elementor-inner-column elementor-element elementor-element-9bd265a\" data-id=\"9bd265a\" data-element_type=\"column\" data-e-type=\"column\">\n\t\t\t<div class=\"elementor-widget-wrap elementor-element-populated\">\n\t\t\t\t\t\t<div class=\"elementor-element elementor-element-3bcdd5f elementor-align-center elementor-widget elementor-widget-button\" data-id=\"3bcdd5f\" data-element_type=\"widget\" data-e-type=\"widget\" data-widget_type=\"button.default\">\n\t\t\t\t<div class=\"elementor-widget-container\">\n\t\t\t\t\t\t\t\t\t<div class=\"elementor-button-wrapper\">\n\t\t\t\t\t<a class=\"elementor-button elementor-button-link elementor-size-md\" href=\"https:\/\/www.bdrdiagnostics.com\/wp-content\/uploads\/2025\/12\/CODE-OF-CONDUCT_BDR-rev.05.pdf\" target=\"_blank\">\n\t\t\t\t\t\t<span class=\"elementor-button-content-wrapper\">\n\t\t\t\t\t\t\t\t\t<span class=\"elementor-button-text\">Code de CONDUITE<\/span>\n\t\t\t\t\t<\/span>\n\t\t\t\t\t<\/a>\n\t\t\t\t<\/div>\n\t\t\t\t\t\t\t\t<\/div>\n\t\t\t\t<\/div>\n\t\t\t\t\t<\/div>\n\t\t<\/div>\n\t\t\t\t<div class=\"elementor-column elementor-col-50 elementor-inner-column elementor-element elementor-element-86d07fb\" data-id=\"86d07fb\" data-element_type=\"column\" data-e-type=\"column\">\n\t\t\t<div class=\"elementor-widget-wrap elementor-element-populated\">\n\t\t\t\t\t\t<div class=\"elementor-element elementor-element-d1a68c4 elementor-align-center elementor-widget__width-inherit elementor-widget elementor-widget-button\" data-id=\"d1a68c4\" data-element_type=\"widget\" data-e-type=\"widget\" data-widget_type=\"button.default\">\n\t\t\t\t<div class=\"elementor-widget-container\">\n\t\t\t\t\t\t\t\t\t<div class=\"elementor-button-wrapper\">\n\t\t\t\t\t<a class=\"elementor-button elementor-button-link elementor-size-sm\" href=\"https:\/\/www.bdrdiagnostics.com\/wp-content\/uploads\/2025\/12\/ANTI-CORRUPTION-POLICY_BDR-rev.05.pdf\" target=\"_blank\">\n\t\t\t\t\t\t<span class=\"elementor-button-content-wrapper\">\n\t\t\t\t\t\t\t\t\t<span class=\"elementor-button-text\">Politique anti-corruption<\/span>\n\t\t\t\t\t<\/span>\n\t\t\t\t\t<\/a>\n\t\t\t\t<\/div>\n\t\t\t\t\t\t\t\t<\/div>\n\t\t\t\t<\/div>\n\t\t\t\t\t<\/div>\n\t\t<\/div>\n\t\t\t\t\t<\/div>\n\t\t<\/section>\n\t\t\t\t<div class=\"elementor-element elementor-element-34f0f2e elementor-widget elementor-widget-spacer\" data-id=\"34f0f2e\" data-element_type=\"widget\" data-e-type=\"widget\" data-widget_type=\"spacer.default\">\n\t\t\t\t<div class=\"elementor-widget-container\">\n\t\t\t\t\t\t\t<div class=\"elementor-spacer\">\n\t\t\t<div class=\"elementor-spacer-inner\"><\/div>\n\t\t<\/div>\n\t\t\t\t\t\t<\/div>\n\t\t\t\t<\/div>\n\t\t\t\t<div class=\"elementor-element elementor-element-63790b0 elementor-align-center elementor-widget__width-inherit elementor-widget elementor-widget-button\" data-id=\"63790b0\" data-element_type=\"widget\" data-e-type=\"widget\" data-widget_type=\"button.default\">\n\t\t\t\t<div class=\"elementor-widget-container\">\n\t\t\t\t\t\t\t\t\t<div class=\"elementor-button-wrapper\">\n\t\t\t\t\t<a class=\"elementor-button elementor-button-link elementor-size-sm\" href=\"https:\/\/www.bdrdiagnostics.com\/wp-content\/uploads\/2025\/12\/PENAL-COMPLIANCE-POLICY-BDR-rev.04.pdf\" target=\"_blank\">\n\t\t\t\t\t\t<span class=\"elementor-button-content-wrapper\">\n\t\t\t\t\t\t\t\t\t<span class=\"elementor-button-text\">Politique de conformit\u00e9 p\u00e9nale<\/span>\n\t\t\t\t\t<\/span>\n\t\t\t\t\t<\/a>\n\t\t\t\t<\/div>\n\t\t\t\t\t\t\t\t<\/div>\n\t\t\t\t<\/div>\n\t\t\t\t<div class=\"elementor-element elementor-element-712855a elementor-widget elementor-widget-text-editor\" data-id=\"712855a\" data-element_type=\"widget\" data-e-type=\"widget\" data-widget_type=\"text-editor.default\">\n\t\t\t\t<div class=\"elementor-widget-container\">\n\t\t\t\t\t\t\t\t\t<h3 style=\"text-align: center;\"><span style=\"color: var( --e-global-color-text );\">Canal de signalement<\/span><\/h3>\n<h3><span style=\"color: var( --e-global-color-text ); font-size: 16px; font-weight: 400;\">Si vous souhaitez signaler une irr\u00e9gularit\u00e9, vous pouvez remplir ce formulaire (non exclusif) et l\u2019envoyer \u00e0 l\u2019organisme de conformit\u00e9 charg\u00e9 de g\u00e9rer, enqu\u00eater et r\u00e9pondre \u00e0 ce type de signalement. Ce canal est conforme aux exigences et garanties de s\u00e9curit\u00e9, de protection et de confidentialit\u00e9 de la directive UE 2019\/1937 sur les lanceurs d\u2019alerte.<\/span><\/h3>\n\t\t\t\t\t\t\t\t<\/div>\n\t\t\t\t<\/div>\n\t\t\t\t<div class=\"elementor-element elementor-element-833028b elementor-align-center elementor-widget__width-inherit elementor-widget elementor-widget-button\" data-id=\"833028b\" data-element_type=\"widget\" data-e-type=\"widget\" data-widget_type=\"button.default\">\n\t\t\t\t<div class=\"elementor-widget-container\">\n\t\t\t\t\t\t\t\t\t<div class=\"elementor-button-wrapper\">\n\t\t\t\t\t<a class=\"elementor-button elementor-button-link elementor-size-sm\" href=\"https:\/\/centinela.lefebvre.es\/public\/concept\/1846474?access=ReKB69DLi3LFqcAzi5lrwknWT86zBpL97xsw8XlOp7w%3D\" target=\"_blank\">\n\t\t\t\t\t\t<span class=\"elementor-button-content-wrapper\">\n\t\t\t\t\t\t\t\t\t<span class=\"elementor-button-text\">CANAL DE SIGNALEMENT<\/span>\n\t\t\t\t\t<\/span>\n\t\t\t\t\t<\/a>\n\t\t\t\t<\/div>\n\t\t\t\t\t\t\t\t<\/div>\n\t\t\t\t<\/div>\n\t\t\t\t\t<\/div>\n\t\t<\/div>\n\t\t\t\t\t<\/div>\n\t\t<\/section>\n\t\t\t\t<\/div>\n\t\t","protected":false},"excerpt":{"rendered":"<p>Compliance Chez Blackhills Diagnostic Resources, nous sommes fiers de disposer d\u2019un syst\u00e8me de gestion de la conformit\u00e9. Mais qu\u2019est-ce qu\u2019un syst\u00e8me de gestion de la conformit\u00e9\u00a0? En quelques mots, il s\u2019agit de l\u2019ensemble des r\u00e8gles et des proc\u00e9dures qui garantissent que nous respectons les lois et les r\u00e9glementations qui s\u2019appliquent \u00e0 notre activit\u00e9. Ce syst\u00e8me [&hellip;]<\/p>\n","protected":false},"author":6,"featured_media":0,"parent":0,"menu_order":0,"comment_status":"closed","ping_status":"closed","template":"","meta":{"footnotes":""},"class_list":["post-5732","page","type-page","status-publish","hentry"],"yoast_head":"<!-- This site is optimized with the Yoast SEO plugin v27.2 - https:\/\/yoast.com\/product\/yoast-seo-wordpress\/ -->\n<title>Compliance - BDR | Blackhills Diagnostics Resources<\/title>\n<meta name=\"robots\" content=\"index, follow, max-snippet:-1, max-image-preview:large, max-video-preview:-1\" \/>\n<link rel=\"canonical\" href=\"https:\/\/www.bdrdiagnostics.com\/fr\/legal-notice-2\/\" \/>\n<meta property=\"og:locale\" content=\"fr_FR\" \/>\n<meta property=\"og:type\" content=\"article\" \/>\n<meta property=\"og:title\" content=\"Compliance - BDR | Blackhills Diagnostics Resources\" \/>\n<meta property=\"og:description\" content=\"Compliance Chez Blackhills Diagnostic Resources, nous sommes fiers de disposer d\u2019un syst\u00e8me de gestion de la conformit\u00e9. Mais qu\u2019est-ce qu\u2019un syst\u00e8me de gestion de la conformit\u00e9\u00a0? En quelques mots, il s\u2019agit de l\u2019ensemble des r\u00e8gles et des proc\u00e9dures qui garantissent que nous respectons les lois et les r\u00e9glementations qui s\u2019appliquent \u00e0 notre activit\u00e9. Ce syst\u00e8me [&hellip;]\" \/>\n<meta property=\"og:url\" content=\"https:\/\/www.bdrdiagnostics.com\/fr\/legal-notice-2\/\" \/>\n<meta property=\"og:site_name\" content=\"BDR | Blackhills Diagnostics Resources\" \/>\n<meta property=\"article:modified_time\" content=\"2025-12-02T13:44:17+00:00\" \/>\n<meta property=\"og:image\" content=\"https:\/\/www.bdrdiagnostics.com\/wp-content\/uploads\/2023\/05\/BDR.png\" \/>\n\t<meta property=\"og:image:width\" content=\"647\" \/>\n\t<meta property=\"og:image:height\" content=\"278\" \/>\n\t<meta property=\"og:image:type\" content=\"image\/png\" \/>\n<meta name=\"twitter:card\" content=\"summary_large_image\" \/>\n<meta name=\"twitter:label1\" content=\"Dur\u00e9e de lecture estim\u00e9e\" \/>\n\t<meta name=\"twitter:data1\" content=\"2 minutes\" \/>\n<script type=\"application\/ld+json\" class=\"yoast-schema-graph\">{\"@context\":\"https:\/\/schema.org\",\"@graph\":[{\"@type\":\"WebPage\",\"@id\":\"https:\/\/www.bdrdiagnostics.com\/fr\/legal-notice-2\/\",\"url\":\"https:\/\/www.bdrdiagnostics.com\/fr\/legal-notice-2\/\",\"name\":\"Compliance - BDR | Blackhills Diagnostics Resources\",\"isPartOf\":{\"@id\":\"https:\/\/www.bdrdiagnostics.com\/fr\/#website\"},\"primaryImageOfPage\":{\"@id\":\"https:\/\/www.bdrdiagnostics.com\/fr\/legal-notice-2\/#primaryimage\"},\"image\":{\"@id\":\"https:\/\/www.bdrdiagnostics.com\/fr\/legal-notice-2\/#primaryimage\"},\"thumbnailUrl\":\"https:\/\/www.bdrdiagnostics.com\/wp-content\/uploads\/2023\/05\/BDR.png\",\"datePublished\":\"2023-05-12T09:59:33+00:00\",\"dateModified\":\"2025-12-02T13:44:17+00:00\",\"breadcrumb\":{\"@id\":\"https:\/\/www.bdrdiagnostics.com\/fr\/legal-notice-2\/#breadcrumb\"},\"inLanguage\":\"fr-FR\",\"potentialAction\":[{\"@type\":\"ReadAction\",\"target\":[\"https:\/\/www.bdrdiagnostics.com\/fr\/legal-notice-2\/\"]}]},{\"@type\":\"ImageObject\",\"inLanguage\":\"fr-FR\",\"@id\":\"https:\/\/www.bdrdiagnostics.com\/fr\/legal-notice-2\/#primaryimage\",\"url\":\"https:\/\/www.bdrdiagnostics.com\/wp-content\/uploads\/2023\/05\/BDR.png\",\"contentUrl\":\"https:\/\/www.bdrdiagnostics.com\/wp-content\/uploads\/2023\/05\/BDR.png\"},{\"@type\":\"BreadcrumbList\",\"@id\":\"https:\/\/www.bdrdiagnostics.com\/fr\/legal-notice-2\/#breadcrumb\",\"itemListElement\":[{\"@type\":\"ListItem\",\"position\":1,\"name\":\"Home\",\"item\":\"https:\/\/www.bdrdiagnostics.com\/fr\/\"},{\"@type\":\"ListItem\",\"position\":2,\"name\":\"Compliance\"}]},{\"@type\":\"WebSite\",\"@id\":\"https:\/\/www.bdrdiagnostics.com\/fr\/#website\",\"url\":\"https:\/\/www.bdrdiagnostics.com\/fr\/\",\"name\":\"BDR | Blackhills Diagnostics Resources\",\"description\":\"Desarrollo de productos para el diagn\u00f3stico in vitro\",\"publisher\":{\"@id\":\"https:\/\/www.bdrdiagnostics.com\/fr\/#organization\"},\"potentialAction\":[{\"@type\":\"SearchAction\",\"target\":{\"@type\":\"EntryPoint\",\"urlTemplate\":\"https:\/\/www.bdrdiagnostics.com\/fr\/?s={search_term_string}\"},\"query-input\":{\"@type\":\"PropertyValueSpecification\",\"valueRequired\":true,\"valueName\":\"search_term_string\"}}],\"inLanguage\":\"fr-FR\"},{\"@type\":\"Organization\",\"@id\":\"https:\/\/www.bdrdiagnostics.com\/fr\/#organization\",\"name\":\"BDR | Blackhills Diagnostics Resources\",\"url\":\"https:\/\/www.bdrdiagnostics.com\/fr\/\",\"logo\":{\"@type\":\"ImageObject\",\"inLanguage\":\"fr-FR\",\"@id\":\"https:\/\/www.bdrdiagnostics.com\/fr\/#\/schema\/logo\/image\/\",\"url\":\"https:\/\/www.bdrdiagnostics.com\/wp-content\/uploads\/2021\/09\/bdr-logo.svg\",\"contentUrl\":\"https:\/\/www.bdrdiagnostics.com\/wp-content\/uploads\/2021\/09\/bdr-logo.svg\",\"width\":127,\"height\":53,\"caption\":\"BDR | Blackhills Diagnostics Resources\"},\"image\":{\"@id\":\"https:\/\/www.bdrdiagnostics.com\/fr\/#\/schema\/logo\/image\/\"}}]}<\/script>\n<!-- \/ Yoast SEO plugin. -->","yoast_head_json":{"title":"Compliance - BDR | Blackhills Diagnostics Resources","robots":{"index":"index","follow":"follow","max-snippet":"max-snippet:-1","max-image-preview":"max-image-preview:large","max-video-preview":"max-video-preview:-1"},"canonical":"https:\/\/www.bdrdiagnostics.com\/fr\/legal-notice-2\/","og_locale":"fr_FR","og_type":"article","og_title":"Compliance - BDR | Blackhills Diagnostics Resources","og_description":"Compliance Chez Blackhills Diagnostic Resources, nous sommes fiers de disposer d\u2019un syst\u00e8me de gestion de la conformit\u00e9. Mais qu\u2019est-ce qu\u2019un syst\u00e8me de gestion de la conformit\u00e9\u00a0? En quelques mots, il s\u2019agit de l\u2019ensemble des r\u00e8gles et des proc\u00e9dures qui garantissent que nous respectons les lois et les r\u00e9glementations qui s\u2019appliquent \u00e0 notre activit\u00e9. Ce syst\u00e8me [&hellip;]","og_url":"https:\/\/www.bdrdiagnostics.com\/fr\/legal-notice-2\/","og_site_name":"BDR | Blackhills Diagnostics Resources","article_modified_time":"2025-12-02T13:44:17+00:00","og_image":[{"width":647,"height":278,"url":"https:\/\/www.bdrdiagnostics.com\/wp-content\/uploads\/2023\/05\/BDR.png","type":"image\/png"}],"twitter_card":"summary_large_image","twitter_misc":{"Dur\u00e9e de lecture estim\u00e9e":"2 minutes"},"schema":{"@context":"https:\/\/schema.org","@graph":[{"@type":"WebPage","@id":"https:\/\/www.bdrdiagnostics.com\/fr\/legal-notice-2\/","url":"https:\/\/www.bdrdiagnostics.com\/fr\/legal-notice-2\/","name":"Compliance - BDR | Blackhills Diagnostics Resources","isPartOf":{"@id":"https:\/\/www.bdrdiagnostics.com\/fr\/#website"},"primaryImageOfPage":{"@id":"https:\/\/www.bdrdiagnostics.com\/fr\/legal-notice-2\/#primaryimage"},"image":{"@id":"https:\/\/www.bdrdiagnostics.com\/fr\/legal-notice-2\/#primaryimage"},"thumbnailUrl":"https:\/\/www.bdrdiagnostics.com\/wp-content\/uploads\/2023\/05\/BDR.png","datePublished":"2023-05-12T09:59:33+00:00","dateModified":"2025-12-02T13:44:17+00:00","breadcrumb":{"@id":"https:\/\/www.bdrdiagnostics.com\/fr\/legal-notice-2\/#breadcrumb"},"inLanguage":"fr-FR","potentialAction":[{"@type":"ReadAction","target":["https:\/\/www.bdrdiagnostics.com\/fr\/legal-notice-2\/"]}]},{"@type":"ImageObject","inLanguage":"fr-FR","@id":"https:\/\/www.bdrdiagnostics.com\/fr\/legal-notice-2\/#primaryimage","url":"https:\/\/www.bdrdiagnostics.com\/wp-content\/uploads\/2023\/05\/BDR.png","contentUrl":"https:\/\/www.bdrdiagnostics.com\/wp-content\/uploads\/2023\/05\/BDR.png"},{"@type":"BreadcrumbList","@id":"https:\/\/www.bdrdiagnostics.com\/fr\/legal-notice-2\/#breadcrumb","itemListElement":[{"@type":"ListItem","position":1,"name":"Home","item":"https:\/\/www.bdrdiagnostics.com\/fr\/"},{"@type":"ListItem","position":2,"name":"Compliance"}]},{"@type":"WebSite","@id":"https:\/\/www.bdrdiagnostics.com\/fr\/#website","url":"https:\/\/www.bdrdiagnostics.com\/fr\/","name":"BDR | Blackhills Diagnostics Resources","description":"Desarrollo de productos para el diagn\u00f3stico in vitro","publisher":{"@id":"https:\/\/www.bdrdiagnostics.com\/fr\/#organization"},"potentialAction":[{"@type":"SearchAction","target":{"@type":"EntryPoint","urlTemplate":"https:\/\/www.bdrdiagnostics.com\/fr\/?s={search_term_string}"},"query-input":{"@type":"PropertyValueSpecification","valueRequired":true,"valueName":"search_term_string"}}],"inLanguage":"fr-FR"},{"@type":"Organization","@id":"https:\/\/www.bdrdiagnostics.com\/fr\/#organization","name":"BDR | Blackhills Diagnostics Resources","url":"https:\/\/www.bdrdiagnostics.com\/fr\/","logo":{"@type":"ImageObject","inLanguage":"fr-FR","@id":"https:\/\/www.bdrdiagnostics.com\/fr\/#\/schema\/logo\/image\/","url":"https:\/\/www.bdrdiagnostics.com\/wp-content\/uploads\/2021\/09\/bdr-logo.svg","contentUrl":"https:\/\/www.bdrdiagnostics.com\/wp-content\/uploads\/2021\/09\/bdr-logo.svg","width":127,"height":53,"caption":"BDR | Blackhills Diagnostics Resources"},"image":{"@id":"https:\/\/www.bdrdiagnostics.com\/fr\/#\/schema\/logo\/image\/"}}]}},"_links":{"self":[{"href":"https:\/\/www.bdrdiagnostics.com\/fr\/wp-json\/wp\/v2\/pages\/5732","targetHints":{"allow":["GET"]}}],"collection":[{"href":"https:\/\/www.bdrdiagnostics.com\/fr\/wp-json\/wp\/v2\/pages"}],"about":[{"href":"https:\/\/www.bdrdiagnostics.com\/fr\/wp-json\/wp\/v2\/types\/page"}],"author":[{"embeddable":true,"href":"https:\/\/www.bdrdiagnostics.com\/fr\/wp-json\/wp\/v2\/users\/6"}],"replies":[{"embeddable":true,"href":"https:\/\/www.bdrdiagnostics.com\/fr\/wp-json\/wp\/v2\/comments?post=5732"}],"version-history":[{"count":24,"href":"https:\/\/www.bdrdiagnostics.com\/fr\/wp-json\/wp\/v2\/pages\/5732\/revisions"}],"predecessor-version":[{"id":9511,"href":"https:\/\/www.bdrdiagnostics.com\/fr\/wp-json\/wp\/v2\/pages\/5732\/revisions\/9511"}],"wp:attachment":[{"href":"https:\/\/www.bdrdiagnostics.com\/fr\/wp-json\/wp\/v2\/media?parent=5732"}],"curies":[{"name":"wp","href":"https:\/\/api.w.org\/{rel}","templated":true}]}}