{"id":5735,"date":"2021-05-03T07:27:39","date_gmt":"2021-05-03T07:27:39","guid":{"rendered":"https:\/\/www.bdrdiagnostics.com\/cookies-policy\/"},"modified":"2024-08-29T13:20:33","modified_gmt":"2024-08-29T12:20:33","slug":"politique-en-matiere-de-cookies","status":"publish","type":"page","link":"https:\/\/www.bdrdiagnostics.com\/fr\/politique-en-matiere-de-cookies\/","title":{"rendered":"Politique en mati\u00e8re de cookies"},"content":{"rendered":"\t\t<div data-elementor-type=\"wp-page\" data-elementor-id=\"5735\" class=\"elementor elementor-5735 elementor-31\" data-elementor-post-type=\"page\">\n\t\t\t\t\t\t<section class=\"elementor-section elementor-top-section elementor-element elementor-element-f0e34ec elementor-section-boxed elementor-section-height-default elementor-section-height-default\" data-id=\"f0e34ec\" data-element_type=\"section\" data-e-type=\"section\" data-settings=\"{&quot;jet_parallax_layout_list&quot;:[{&quot;jet_parallax_layout_image&quot;:{&quot;url&quot;:&quot;&quot;,&quot;id&quot;:&quot;&quot;,&quot;size&quot;:&quot;&quot;},&quot;_id&quot;:&quot;6c5a817&quot;,&quot;jet_parallax_layout_image_tablet&quot;:{&quot;url&quot;:&quot;&quot;,&quot;id&quot;:&quot;&quot;,&quot;size&quot;:&quot;&quot;},&quot;jet_parallax_layout_image_mobile&quot;:{&quot;url&quot;:&quot;&quot;,&quot;id&quot;:&quot;&quot;,&quot;size&quot;:&quot;&quot;},&quot;jet_parallax_layout_speed&quot;:{&quot;unit&quot;:&quot;%&quot;,&quot;size&quot;:50,&quot;sizes&quot;:[]},&quot;jet_parallax_layout_type&quot;:&quot;scroll&quot;,&quot;jet_parallax_layout_direction&quot;:&quot;1&quot;,&quot;jet_parallax_layout_fx_direction&quot;:null,&quot;jet_parallax_layout_z_index&quot;:&quot;&quot;,&quot;jet_parallax_layout_bg_x&quot;:50,&quot;jet_parallax_layout_bg_x_tablet&quot;:&quot;&quot;,&quot;jet_parallax_layout_bg_x_mobile&quot;:&quot;&quot;,&quot;jet_parallax_layout_bg_y&quot;:50,&quot;jet_parallax_layout_bg_y_tablet&quot;:&quot;&quot;,&quot;jet_parallax_layout_bg_y_mobile&quot;:&quot;&quot;,&quot;jet_parallax_layout_bg_size&quot;:&quot;auto&quot;,&quot;jet_parallax_layout_bg_size_tablet&quot;:&quot;&quot;,&quot;jet_parallax_layout_bg_size_mobile&quot;:&quot;&quot;,&quot;jet_parallax_layout_animation_prop&quot;:&quot;transform&quot;,&quot;jet_parallax_layout_on&quot;:[&quot;desktop&quot;,&quot;tablet&quot;]}]}\">\n\t\t\t\t\t\t<div class=\"elementor-container elementor-column-gap-default\">\n\t\t\t\t\t<div class=\"elementor-column elementor-col-100 elementor-top-column elementor-element elementor-element-4fba49a\" data-id=\"4fba49a\" data-element_type=\"column\" data-e-type=\"column\">\n\t\t\t<div class=\"elementor-widget-wrap elementor-element-populated\">\n\t\t\t\t\t\t<div class=\"elementor-element elementor-element-9afbfe4 elementor-widget elementor-widget-text-editor\" data-id=\"9afbfe4\" data-element_type=\"widget\" data-e-type=\"widget\" data-widget_type=\"text-editor.default\">\n\t\t\t\t<div class=\"elementor-widget-container\">\n\t\t\t\t\t\t\t\t\t<h1>Politique en mati\u00e8re de cookies<\/h1><p><strong>LES COOKIES, QU\u2019EST-CE QUE C\u2019EST ?<\/strong><\/p><p>Un cookie est un fichier qui est t\u00e9l\u00e9charg\u00e9 sur l\u2019ordinateur de l\u2019utilisateur lorsqu\u2019il acc\u00e8de \u00e0 certains sites web et qui stocke et r\u00e9cup\u00e8re des informations lors de la navigation. Les cookies permettent, entre autres, de vous reconna\u00eetre en tant qu\u2019utilisateur, d\u2019obtenir des informations sur les habitudes de navigation de l\u2019utilisateur ou de personnaliser l\u2019affichage du contenu. L\u2019utilisation que ce site web fait des cookies est d\u00e9crite dans la pr\u00e9sente politique en mati\u00e8re de cookies.<\/p><p><strong>TYPES DE COOKIES<\/strong><\/p><p>Les cookies peuvent \u00eatre class\u00e9s comme suit :<\/p><p><strong>Cookies selon l\u2019entit\u00e9 qui les g\u00e8re <\/strong>:<\/p><p>1.-\u00a0<strong>Cookies internes <\/strong>: ces cookies sont envoy\u00e9s sur l\u2019appareil de l\u2019utilisateur \u00e0 partir d\u2019un dispositif ou d\u2019un domaine g\u00e9r\u00e9 par l\u2019\u00e9diteur lui-m\u00eame et \u00e0 partir duquel le service demand\u00e9 par l\u2019utilisateur est fourni.<\/p><p>2.-\u00a0<strong>Cookies de tiers <\/strong>: ces cookies sont envoy\u00e9s sur l\u2019appareil de l\u2019utilisateur \u00e0 partir d\u2019un dispositif ou d\u2019un domaine qui n\u2019est pas g\u00e9r\u00e9 par l\u2019\u00e9diteur, mais par une autre entit\u00e9 qui traite les donn\u00e9es obtenues par le biais des cookies.<\/p><p><strong>Cookies selon leur finalit\u00e9 <\/strong>:<\/p><p>1.-\u00a0<strong>Cookies n\u00e9cessaires ou techniques :<\/strong>\u00a0ces cookies permettent \u00e0 l\u2019utilisateur de naviguer sur un site web, une plateforme ou une application et d\u2019utiliser les diff\u00e9rentes options ou services qui y sont propos\u00e9s, y compris ceux que l\u2019\u00e9diteur utilise pour permettre la gestion et l\u2019exploitation du site web et pour activer ses fonctions et services.<\/p><p>2.-<strong>\u00a0Cookies pr\u00e9f\u00e9rentiels ou de personnalisation :<\/strong>\u00a0ces cookies permettent de m\u00e9moriser des informations, afin que l\u2019utilisateur puisse acc\u00e9der au service avec certaines caract\u00e9ristiques pouvant diff\u00e9rencier son exp\u00e9rience de celle d\u2019autres utilisateurs.<\/p><p>3.-\u00a0<strong>Cookies statistiques, d\u2019analyse ou de mesure <\/strong>: ces cookies permettent \u00e0 leur responsable de suivre et d\u2019analyser le comportement des utilisateurs des sites web auxquels ils sont li\u00e9s.<\/p><p>4.-\u00a0<strong>Cookies de marketing ou de publicit\u00e9 comportementale <\/strong>: ces cookies stockent des informations sur le comportement des utilisateurs, obtenues par l\u2019observation continue de leurs habitudes de navigation. Ils permettent de d\u00e9velopper un profil sp\u00e9cifique, afin d\u2019afficher de la publicit\u00e9 en fonction de ce dernier.<\/p><p><strong>Cookies selon leur dur\u00e9e de conservation\u00a0<\/strong>:<\/p><p>1.-\u00a0<strong>Cookies de session :<\/strong>\u00a0ces cookies sont con\u00e7us pour collecter et stocker des donn\u00e9es pendant que l\u2019utilisateur acc\u00e8de \u00e0 un site web.<\/p><p>2.-\u00a0<strong>Cookies permanents <\/strong>: les donn\u00e9es trait\u00e9es par ces cookies restent stock\u00e9es sur l\u2019appareil. Elles peuvent \u00eatre consult\u00e9es et trait\u00e9es pendant une p\u00e9riode d\u00e9finie par le responsable du cookie, qui peut aller de quelques minutes \u00e0 plusieurs ann\u00e9es.<\/p><p><strong>Quels sont les cookies utilis\u00e9s sur ce site web ?<\/strong><\/p><p>R\u00e9sum\u00e9 des cookies<\/p><ul><li><strong>_ga<\/strong>: Dur\u00e9e : 2 ans. Le cookie_ga, d\u00e9fini par Google Analytics, calcule les donn\u00e9es relatives aux visiteurs, aux sessions et aux campagnes et suit \u00e9galement l&rsquo;utilisation du site pour les rapports d&rsquo;analyse du site. Le cookie stocke les informations de mani\u00e8re anonyme et attribue un num\u00e9ro g\u00e9n\u00e9r\u00e9 de mani\u00e8re al\u00e9atoire pour reconna\u00eetre les visiteurs uniques.<\/li><li><strong>_gid<\/strong>: Dur\u00e9e : 1 jour. D\u00e9fini par Google Analytics, le cookie _gid stocke des informations sur la mani\u00e8re dont les visiteurs utilisent un site web, tout en cr\u00e9ant un rapport analytique sur les performances du site. Parmi les donn\u00e9es collect\u00e9es figurent le nombre de visiteurs, leur provenance et les pages qu&rsquo;ils visitent de mani\u00e8re anonyme.<\/li><li><strong>_git_gatg_*, _gat<\/strong>: Ce cookie est utilis\u00e9 pour limiter le nombre de requ\u00eates adress\u00e9es \u00e0 Google Analytics par un seul navigateur. Il s&rsquo;agit d&rsquo;un cookie de session qui expire \u00e0 la fermeture du navigateur.<\/li><li><strong>_ga:<\/strong> Dur\u00e9e : 2 ans. Le cookie_ga, d\u00e9fini par Google Analytics, calcule les donn\u00e9es relatives aux visiteurs, aux sessions et aux campagnes et suit \u00e9galement l&rsquo;utilisation du site pour les rapports d&rsquo;analyse du site. Le cookie stocke les informations de mani\u00e8re anonyme et attribue un num\u00e9ro g\u00e9n\u00e9r\u00e9 de mani\u00e8re al\u00e9atoire pour reconna\u00eetre les visiteurs uniques.<\/li><li><strong>_gid:<\/strong> Dur\u00e9e : 1 jour. D\u00e9fini par Google Analytics, le cookie _gid stocke des informations sur la mani\u00e8re dont les visiteurs utilisent un site web, tout en cr\u00e9ant un rapport analytique sur les performances du site. Parmi les donn\u00e9es collect\u00e9es figurent le nombre de visiteurs, leur provenance et les pages qu&rsquo;ils visitent de mani\u00e8re anonyme.<\/li><li><strong>_git_gatg_*, _gat:<\/strong> Ce cookie est utilis\u00e9 pour limiter le nombre de requ\u00eates adress\u00e9es \u00e0 Google Analytics par un seul navigateur. Il s&rsquo;agit d&rsquo;un cookie de session qui expire \u00e0 la fermeture du navigateur.<\/li><\/ul><div>\u00a0<\/div><p><strong>R\u00c9VOCATION ET SUPPRESSION DES COOKIES<\/strong><\/p><p>Lorsque vous acc\u00e9dez \u00e0 notre site web pour la premi\u00e8re fois, vous pouvez accepter ou refuser l\u2019utilisation de tous nos cookies ou, si vous pr\u00e9f\u00e9rez, vous pouvez acc\u00e9der \u00e0 la configuration et accepter les cookies en fonction de leur type, \u00e0 l\u2019exception des cookies techniques, pour lesquels le consentement de l\u2019utilisateur n\u2019est pas requis. Vous pouvez modifier vos pr\u00e9f\u00e9rences \u00e0 tout moment en acc\u00e9dant \u00e0 notre panneau de configuration.<\/p><p>Vous pouvez \u00e9galement acc\u00e9der aux param\u00e8tres de votre navigateur pour limiter, bloquer ou supprimer les cookies en suivant l\u2019une des proc\u00e9dures suivantes, en fonction du navigateur que vous utilisez :<\/p><p><strong>Google Chrome<\/strong><\/p><p><a href=\"https:\/\/support.google.com\/chrome\/answer\/95647?hl=frMicrosoft\">https:\/\/support.google.com\/chrome\/answer\/95647?hl=frMicrosoft<\/a><\/p><p><strong>Microsoft Edge<\/strong><\/p><p><a href=\"https:\/\/support.microsoft.com\/fr-fr\/windows\/g%C3%A9rer-les-cookies-dans-microsoft-edge-afficher-autoriser-bloquer-supprimer-et-utiliser-168dab11-0753-043d-7c16-ede5947fc64d#ie=ie-9\">https:\/\/support.microsoft.com\/fr-fr\/windows\/g%C3%A9rer-les-cookies-dans-microsoft-edge-afficher-autoriser-bloquer-supprimer-et-utiliser-168dab11-0753-043d-7c16-ede5947fc64d#ie=ie-9<\/a><\/p><p><strong>Firefox<\/strong><br \/><a href=\"https:\/\/support.mozilla.org\/fr\/kb\/empecher-sites-web-stocker-cookies-donnees-site-firefox\">https:\/\/support.mozilla.org\/fr\/kb\/empecher-sites-web-stocker-cookies-donnees-site-firefox<\/a><\/p><p><strong>Safari , iPad e iPhone<\/strong><br \/><a href=\"https:\/\/support.apple.com\/fr-fr\/105082\">https:\/\/support.apple.com\/fr-fr\/105082<\/a><\/p><p><strong>Opera (lien en anglais)<\/strong><br \/><a href=\"https:\/\/help.opera.com\/en\/latest\/web-preferences\/#cookies [cookie_audit style=\">https:\/\/help.opera.com\/en\/latest\/web-preferences\/#cookies<\/a><\/p><p><strong style=\"color: inherit; font-family: 'Playfair Display', sans-serif; font-size: 42px;\">Fournisseurs de services tiers<\/strong><\/p><p>Les fournisseurs de services tiers qui nous<br \/>fournissent un service pour lequel l\u2019utilisation de<br \/>cookies est n\u00e9cessaire sont :<\/p><div><div><p><strong>Fournisseur<\/strong><\/p><p>Google Analytics<\/p><\/div><div><p><strong>Objet du service et du cookie<\/strong><\/p><p>Analyse web, par exemple nombre de pages visit\u00e9es par un utilisateur ou dur\u00e9e de la session<\/p><\/div><div><p><strong>Informations du fournisseur<\/strong><\/p><p><a href=\"https:\/\/developers.google.com\/analytics\/devguides\/collection\/gajs\/cookie-usage?hl=fr\">https:\/\/developers.google.com\/analytics\/devguides\/collection\/gajs\/cookie-usage?hl=fr<\/a><\/p><\/div><\/div><p>Si vous acceptez les cookies de tiers, leur<br \/>suppression devra \u00eatre effectu\u00e9e dans les options du navigateur, comme d\u00e9crit au<br \/>point pr\u00e9c\u00e9dent de la pr\u00e9sente politique, ou depuis le syst\u00e8me propos\u00e9 par le<br \/>tiers.<\/p><p>En outre, vous pouvez retrouver des informations sur les transferts internationaux vers<br \/>des pays tiers effectu\u00e9s, le cas \u00e9ch\u00e9ant, par les tiers identifi\u00e9s dans<br \/>le tableau ci-dessus, en acc\u00e9dant \u00e0 leurs politiques respectives, gr\u00e2ce au<br \/>lien situ\u00e9 sous \u00ab Informations du fournisseur \u00bb, dans le tableau ci-dessus.<\/p>\t\t\t\t\t\t\t\t<\/div>\n\t\t\t\t<\/div>\n\t\t\t\t\t<\/div>\n\t\t<\/div>\n\t\t\t\t\t<\/div>\n\t\t<\/section>\n\t\t\t\t<\/div>\n\t\t","protected":false},"excerpt":{"rendered":"<p>Politique en mati\u00e8re de cookies LES COOKIES, QU\u2019EST-CE QUE C\u2019EST ? Un cookie est un fichier qui est t\u00e9l\u00e9charg\u00e9 sur l\u2019ordinateur de l\u2019utilisateur lorsqu\u2019il acc\u00e8de \u00e0 certains sites web et qui stocke et r\u00e9cup\u00e8re des informations lors de la navigation. Les cookies permettent, entre autres, de vous reconna\u00eetre en tant qu\u2019utilisateur, d\u2019obtenir des informations sur [&hellip;]<\/p>\n","protected":false},"author":1,"featured_media":0,"parent":0,"menu_order":0,"comment_status":"closed","ping_status":"closed","template":"","meta":{"footnotes":""},"class_list":["post-5735","page","type-page","status-publish","hentry"],"yoast_head":"<!-- This site is optimized with the Yoast SEO plugin v27.2 - https:\/\/yoast.com\/product\/yoast-seo-wordpress\/ -->\n<title>Politique en mati\u00e8re de cookies - BDR | Blackhills Diagnostics Resources<\/title>\n<meta name=\"robots\" content=\"index, follow, max-snippet:-1, max-image-preview:large, max-video-preview:-1\" \/>\n<link rel=\"canonical\" href=\"https:\/\/www.bdrdiagnostics.com\/fr\/politique-en-matiere-de-cookies\/\" \/>\n<meta property=\"og:locale\" content=\"fr_FR\" \/>\n<meta property=\"og:type\" content=\"article\" \/>\n<meta property=\"og:title\" content=\"Politique en mati\u00e8re de cookies - BDR | Blackhills Diagnostics Resources\" \/>\n<meta property=\"og:description\" content=\"Politique en mati\u00e8re de cookies LES COOKIES, QU\u2019EST-CE QUE C\u2019EST ? Un cookie est un fichier qui est t\u00e9l\u00e9charg\u00e9 sur l\u2019ordinateur de l\u2019utilisateur lorsqu\u2019il acc\u00e8de \u00e0 certains sites web et qui stocke et r\u00e9cup\u00e8re des informations lors de la navigation. Les cookies permettent, entre autres, de vous reconna\u00eetre en tant qu\u2019utilisateur, d\u2019obtenir des informations sur [&hellip;]\" \/>\n<meta property=\"og:url\" content=\"https:\/\/www.bdrdiagnostics.com\/fr\/politique-en-matiere-de-cookies\/\" \/>\n<meta property=\"og:site_name\" content=\"BDR | Blackhills Diagnostics Resources\" \/>\n<meta property=\"article:modified_time\" content=\"2024-08-29T12:20:33+00:00\" \/>\n<meta name=\"twitter:card\" content=\"summary_large_image\" \/>\n<meta name=\"twitter:label1\" content=\"Dur\u00e9e de lecture estim\u00e9e\" \/>\n\t<meta name=\"twitter:data1\" content=\"5 minutes\" \/>\n<script type=\"application\/ld+json\" class=\"yoast-schema-graph\">{\"@context\":\"https:\/\/schema.org\",\"@graph\":[{\"@type\":\"WebPage\",\"@id\":\"https:\/\/www.bdrdiagnostics.com\/fr\/politique-en-matiere-de-cookies\/\",\"url\":\"https:\/\/www.bdrdiagnostics.com\/fr\/politique-en-matiere-de-cookies\/\",\"name\":\"Politique en mati\u00e8re de cookies - BDR | Blackhills Diagnostics Resources\",\"isPartOf\":{\"@id\":\"https:\/\/www.bdrdiagnostics.com\/fr\/#website\"},\"datePublished\":\"2021-05-03T07:27:39+00:00\",\"dateModified\":\"2024-08-29T12:20:33+00:00\",\"breadcrumb\":{\"@id\":\"https:\/\/www.bdrdiagnostics.com\/fr\/politique-en-matiere-de-cookies\/#breadcrumb\"},\"inLanguage\":\"fr-FR\",\"potentialAction\":[{\"@type\":\"ReadAction\",\"target\":[\"https:\/\/www.bdrdiagnostics.com\/fr\/politique-en-matiere-de-cookies\/\"]}]},{\"@type\":\"BreadcrumbList\",\"@id\":\"https:\/\/www.bdrdiagnostics.com\/fr\/politique-en-matiere-de-cookies\/#breadcrumb\",\"itemListElement\":[{\"@type\":\"ListItem\",\"position\":1,\"name\":\"Home\",\"item\":\"https:\/\/www.bdrdiagnostics.com\/fr\/\"},{\"@type\":\"ListItem\",\"position\":2,\"name\":\"Politique en mati\u00e8re de cookies\"}]},{\"@type\":\"WebSite\",\"@id\":\"https:\/\/www.bdrdiagnostics.com\/fr\/#website\",\"url\":\"https:\/\/www.bdrdiagnostics.com\/fr\/\",\"name\":\"BDR | Blackhills Diagnostics Resources\",\"description\":\"Desarrollo de productos para el diagn\u00f3stico in vitro\",\"publisher\":{\"@id\":\"https:\/\/www.bdrdiagnostics.com\/fr\/#organization\"},\"potentialAction\":[{\"@type\":\"SearchAction\",\"target\":{\"@type\":\"EntryPoint\",\"urlTemplate\":\"https:\/\/www.bdrdiagnostics.com\/fr\/?s={search_term_string}\"},\"query-input\":{\"@type\":\"PropertyValueSpecification\",\"valueRequired\":true,\"valueName\":\"search_term_string\"}}],\"inLanguage\":\"fr-FR\"},{\"@type\":\"Organization\",\"@id\":\"https:\/\/www.bdrdiagnostics.com\/fr\/#organization\",\"name\":\"BDR | Blackhills Diagnostics Resources\",\"url\":\"https:\/\/www.bdrdiagnostics.com\/fr\/\",\"logo\":{\"@type\":\"ImageObject\",\"inLanguage\":\"fr-FR\",\"@id\":\"https:\/\/www.bdrdiagnostics.com\/fr\/#\/schema\/logo\/image\/\",\"url\":\"https:\/\/www.bdrdiagnostics.com\/wp-content\/uploads\/2021\/09\/bdr-logo.svg\",\"contentUrl\":\"https:\/\/www.bdrdiagnostics.com\/wp-content\/uploads\/2021\/09\/bdr-logo.svg\",\"width\":127,\"height\":53,\"caption\":\"BDR | Blackhills Diagnostics Resources\"},\"image\":{\"@id\":\"https:\/\/www.bdrdiagnostics.com\/fr\/#\/schema\/logo\/image\/\"}}]}<\/script>\n<!-- \/ Yoast SEO plugin. -->","yoast_head_json":{"title":"Politique en mati\u00e8re de cookies - BDR | Blackhills Diagnostics Resources","robots":{"index":"index","follow":"follow","max-snippet":"max-snippet:-1","max-image-preview":"max-image-preview:large","max-video-preview":"max-video-preview:-1"},"canonical":"https:\/\/www.bdrdiagnostics.com\/fr\/politique-en-matiere-de-cookies\/","og_locale":"fr_FR","og_type":"article","og_title":"Politique en mati\u00e8re de cookies - BDR | Blackhills Diagnostics Resources","og_description":"Politique en mati\u00e8re de cookies LES COOKIES, QU\u2019EST-CE QUE C\u2019EST ? Un cookie est un fichier qui est t\u00e9l\u00e9charg\u00e9 sur l\u2019ordinateur de l\u2019utilisateur lorsqu\u2019il acc\u00e8de \u00e0 certains sites web et qui stocke et r\u00e9cup\u00e8re des informations lors de la navigation. Les cookies permettent, entre autres, de vous reconna\u00eetre en tant qu\u2019utilisateur, d\u2019obtenir des informations sur [&hellip;]","og_url":"https:\/\/www.bdrdiagnostics.com\/fr\/politique-en-matiere-de-cookies\/","og_site_name":"BDR | Blackhills Diagnostics Resources","article_modified_time":"2024-08-29T12:20:33+00:00","twitter_card":"summary_large_image","twitter_misc":{"Dur\u00e9e de lecture estim\u00e9e":"5 minutes"},"schema":{"@context":"https:\/\/schema.org","@graph":[{"@type":"WebPage","@id":"https:\/\/www.bdrdiagnostics.com\/fr\/politique-en-matiere-de-cookies\/","url":"https:\/\/www.bdrdiagnostics.com\/fr\/politique-en-matiere-de-cookies\/","name":"Politique en mati\u00e8re de cookies - BDR | Blackhills Diagnostics Resources","isPartOf":{"@id":"https:\/\/www.bdrdiagnostics.com\/fr\/#website"},"datePublished":"2021-05-03T07:27:39+00:00","dateModified":"2024-08-29T12:20:33+00:00","breadcrumb":{"@id":"https:\/\/www.bdrdiagnostics.com\/fr\/politique-en-matiere-de-cookies\/#breadcrumb"},"inLanguage":"fr-FR","potentialAction":[{"@type":"ReadAction","target":["https:\/\/www.bdrdiagnostics.com\/fr\/politique-en-matiere-de-cookies\/"]}]},{"@type":"BreadcrumbList","@id":"https:\/\/www.bdrdiagnostics.com\/fr\/politique-en-matiere-de-cookies\/#breadcrumb","itemListElement":[{"@type":"ListItem","position":1,"name":"Home","item":"https:\/\/www.bdrdiagnostics.com\/fr\/"},{"@type":"ListItem","position":2,"name":"Politique en mati\u00e8re de cookies"}]},{"@type":"WebSite","@id":"https:\/\/www.bdrdiagnostics.com\/fr\/#website","url":"https:\/\/www.bdrdiagnostics.com\/fr\/","name":"BDR | Blackhills Diagnostics Resources","description":"Desarrollo de productos para el diagn\u00f3stico in vitro","publisher":{"@id":"https:\/\/www.bdrdiagnostics.com\/fr\/#organization"},"potentialAction":[{"@type":"SearchAction","target":{"@type":"EntryPoint","urlTemplate":"https:\/\/www.bdrdiagnostics.com\/fr\/?s={search_term_string}"},"query-input":{"@type":"PropertyValueSpecification","valueRequired":true,"valueName":"search_term_string"}}],"inLanguage":"fr-FR"},{"@type":"Organization","@id":"https:\/\/www.bdrdiagnostics.com\/fr\/#organization","name":"BDR | Blackhills Diagnostics Resources","url":"https:\/\/www.bdrdiagnostics.com\/fr\/","logo":{"@type":"ImageObject","inLanguage":"fr-FR","@id":"https:\/\/www.bdrdiagnostics.com\/fr\/#\/schema\/logo\/image\/","url":"https:\/\/www.bdrdiagnostics.com\/wp-content\/uploads\/2021\/09\/bdr-logo.svg","contentUrl":"https:\/\/www.bdrdiagnostics.com\/wp-content\/uploads\/2021\/09\/bdr-logo.svg","width":127,"height":53,"caption":"BDR | Blackhills Diagnostics Resources"},"image":{"@id":"https:\/\/www.bdrdiagnostics.com\/fr\/#\/schema\/logo\/image\/"}}]}},"_links":{"self":[{"href":"https:\/\/www.bdrdiagnostics.com\/fr\/wp-json\/wp\/v2\/pages\/5735","targetHints":{"allow":["GET"]}}],"collection":[{"href":"https:\/\/www.bdrdiagnostics.com\/fr\/wp-json\/wp\/v2\/pages"}],"about":[{"href":"https:\/\/www.bdrdiagnostics.com\/fr\/wp-json\/wp\/v2\/types\/page"}],"author":[{"embeddable":true,"href":"https:\/\/www.bdrdiagnostics.com\/fr\/wp-json\/wp\/v2\/users\/1"}],"replies":[{"embeddable":true,"href":"https:\/\/www.bdrdiagnostics.com\/fr\/wp-json\/wp\/v2\/comments?post=5735"}],"version-history":[{"count":13,"href":"https:\/\/www.bdrdiagnostics.com\/fr\/wp-json\/wp\/v2\/pages\/5735\/revisions"}],"predecessor-version":[{"id":7690,"href":"https:\/\/www.bdrdiagnostics.com\/fr\/wp-json\/wp\/v2\/pages\/5735\/revisions\/7690"}],"wp:attachment":[{"href":"https:\/\/www.bdrdiagnostics.com\/fr\/wp-json\/wp\/v2\/media?parent=5735"}],"curies":[{"name":"wp","href":"https:\/\/api.w.org\/{rel}","templated":true}]}}