{"id":5736,"date":"2022-03-22T10:31:27","date_gmt":"2022-03-22T09:31:27","guid":{"rendered":"https:\/\/www.bdrdiagnostics.com\/data-policy\/"},"modified":"2024-06-13T09:22:21","modified_gmt":"2024-06-13T08:22:21","slug":"politique-en-matiere-de-donnees","status":"publish","type":"page","link":"https:\/\/www.bdrdiagnostics.com\/fr\/politique-en-matiere-de-donnees\/","title":{"rendered":"Politique en mati\u00e8re de donn\u00e9es"},"content":{"rendered":"\t\t<div data-elementor-type=\"wp-page\" data-elementor-id=\"5736\" class=\"elementor elementor-5736 elementor-3202\" data-elementor-post-type=\"page\">\n\t\t\t\t\t\t<section class=\"elementor-section elementor-top-section elementor-element elementor-element-5555e0d elementor-section-boxed elementor-section-height-default elementor-section-height-default\" data-id=\"5555e0d\" data-element_type=\"section\" data-e-type=\"section\" data-settings=\"{&quot;jet_parallax_layout_list&quot;:[{&quot;jet_parallax_layout_image&quot;:{&quot;url&quot;:&quot;&quot;,&quot;id&quot;:&quot;&quot;,&quot;size&quot;:&quot;&quot;},&quot;_id&quot;:&quot;6c5a817&quot;,&quot;jet_parallax_layout_image_tablet&quot;:{&quot;url&quot;:&quot;&quot;,&quot;id&quot;:&quot;&quot;,&quot;size&quot;:&quot;&quot;},&quot;jet_parallax_layout_image_mobile&quot;:{&quot;url&quot;:&quot;&quot;,&quot;id&quot;:&quot;&quot;,&quot;size&quot;:&quot;&quot;},&quot;jet_parallax_layout_speed&quot;:{&quot;unit&quot;:&quot;%&quot;,&quot;size&quot;:50,&quot;sizes&quot;:[]},&quot;jet_parallax_layout_type&quot;:&quot;scroll&quot;,&quot;jet_parallax_layout_direction&quot;:&quot;1&quot;,&quot;jet_parallax_layout_fx_direction&quot;:null,&quot;jet_parallax_layout_z_index&quot;:&quot;&quot;,&quot;jet_parallax_layout_bg_x&quot;:50,&quot;jet_parallax_layout_bg_x_tablet&quot;:&quot;&quot;,&quot;jet_parallax_layout_bg_x_mobile&quot;:&quot;&quot;,&quot;jet_parallax_layout_bg_y&quot;:50,&quot;jet_parallax_layout_bg_y_tablet&quot;:&quot;&quot;,&quot;jet_parallax_layout_bg_y_mobile&quot;:&quot;&quot;,&quot;jet_parallax_layout_bg_size&quot;:&quot;auto&quot;,&quot;jet_parallax_layout_bg_size_tablet&quot;:&quot;&quot;,&quot;jet_parallax_layout_bg_size_mobile&quot;:&quot;&quot;,&quot;jet_parallax_layout_animation_prop&quot;:&quot;transform&quot;,&quot;jet_parallax_layout_on&quot;:[&quot;desktop&quot;,&quot;tablet&quot;]}]}\">\n\t\t\t\t\t\t<div class=\"elementor-container elementor-column-gap-default\">\n\t\t\t\t\t<div class=\"elementor-column elementor-col-100 elementor-top-column elementor-element elementor-element-8628d53\" data-id=\"8628d53\" data-element_type=\"column\" data-e-type=\"column\">\n\t\t\t<div class=\"elementor-widget-wrap elementor-element-populated\">\n\t\t\t\t\t\t<div class=\"elementor-element elementor-element-90bc3e8 elementor-widget elementor-widget-text-editor\" data-id=\"90bc3e8\" data-element_type=\"widget\" data-e-type=\"widget\" data-widget_type=\"text-editor.default\">\n\t\t\t\t<div class=\"elementor-widget-container\">\n\t\t\t\t\t\t\t\t\t<h1>Politique en mati\u00e8re de donn\u00e9es<\/h1>\n<p>\u00a0<\/p>\n<p>BLACKHILLS DIAGNOSTIC RESOURCES S.L.U., conform\u00e9ment aux dispositions du R\u00e8glement g\u00e9n\u00e9ral sur la protection des donn\u00e9es (R\u00e8glement (UE) 2016\/679), ainsi que de la Loi organique 3\/2018 du 5\u00a0d\u00e9cembre sur la protection des donn\u00e9es personnelles et la garantie des droits num\u00e9riques, informe\u00a0:<\/p>\n<p><strong>Qui est responsable du traitement des donn\u00e9es\u00a0?<\/strong><\/p>\n<p>BLACKHILLS DIAGNOSTIC RESOURCES S.L.U., CIF B99350316, adresse officielle\u00a0: Camino del Pil\u00f3n, n\u00ba 86, casa 7, local, 50011 Saragosse (Espagne).<\/p>\n<p>Vous pouvez nous contacter par t\u00e9l\u00e9phone au 976320849 ou par e-mail \u00e0 l\u2019adresse info@bdrdiagnostics.com<\/p>\n<p><strong>Quelles sont les finalit\u00e9s et les bases juridiques de la collecte des donn\u00e9es\u00a0?<\/strong><\/p>\n<div class=\"wp-block-spacer\" aria-hidden=\"true\">\u00a0<\/div>\n<p><strong>DONN\u00c9ES PERSONNELLES DES CLIENTS POTENTIELS<\/strong><\/p>\n<div class=\"wp-block-spacer\" aria-hidden=\"true\">\u00a0<\/div>\n<table class=\"wp-block-table\">\n<tbody>\n<tr>\n<td><strong>FINALIT\u00c9<\/strong><\/td>\n<td><strong>BASE JURIDIQUE<\/strong><\/td>\n<\/tr>\n<tr>\n<td>Cr\u00e9ation d\u2019un devis pour les services demand\u00e9s<\/td>\n<td>Mise en \u0153uvre de mesures pr\u00e9contractuelles \u00e0 la demande de la personne concern\u00e9e (devis)<\/td>\n<\/tr>\n<tr>\n<td>Envoi d\u2019informations commerciales<\/td>\n<td>Consentement<\/td>\n<\/tr>\n<\/tbody>\n<\/table>\n<div class=\"wp-block-spacer\" aria-hidden=\"true\">\u00a0<\/div>\n<p><strong>DONN\u00c9ES PERSONNELLES DES CLIENTS<\/strong><\/p>\n<div class=\"wp-block-spacer\" aria-hidden=\"true\">\u00a0<\/div>\n<table class=\"wp-block-table\">\n<tbody>\n<tr>\n<td><strong>FINALIT\u00c9<\/strong><\/td>\n<td><strong>BASE JURIDIQUE<\/strong><\/td>\n<\/tr>\n<tr>\n<td>Cr\u00e9ation d\u2019un devis pour les services demand\u00e9s<\/td>\n<td>Mise en \u0153uvre de mesures pr\u00e9contractuelles \u00e0 la demande de la personne concern\u00e9e (devis)<\/td>\n<\/tr>\n<tr>\n<td>Fourniture des services demand\u00e9s<\/td>\n<td>Ex\u00e9cution d\u2019un contrat<\/td>\n<\/tr>\n<tr>\n<td>Gestion interne client-entreprise<\/td>\n<td>Obligation l\u00e9gale de BLACKHILLS DIAGNOSTIC RESOURCES S.L.U. de se conformer \u00e0 ses obligations fiscales<\/td>\n<\/tr>\n<tr>\n<td>Gestion administrative de notre entreprise<\/td>\n<td>Ex\u00e9cution d\u2019un contrat<\/td>\n<\/tr>\n<tr>\n<td>Facturation des services demand\u00e9s, le cas \u00e9ch\u00e9ant<\/td>\n<td>Obligation l\u00e9gale de BLACKHILLS DIAGNOSTIC RESOURCES S.L.U. de se conformer \u00e0 ses obligations fiscales<\/td>\n<\/tr>\n<tr>\n<td>Envoi d\u2019informations commerciales<\/td>\n<td>Int\u00e9r\u00eat l\u00e9gitime bas\u00e9 sur l\u2019art. 21.2 de la Loi sur les services de la soci\u00e9t\u00e9 de l\u2019information et du commerce \u00e9lectronique (LSSI+CE)<\/td>\n<\/tr>\n<\/tbody>\n<\/table>\n<div class=\"wp-block-spacer\" aria-hidden=\"true\">\u00a0<\/div>\n<p><strong>DONN\u00c9ES PERSONNELLES DES FOURNISSEURS<\/strong><\/p>\n<div class=\"wp-block-spacer\" aria-hidden=\"true\">\u00a0<\/div>\n<table class=\"wp-block-table\">\n<tbody>\n<tr>\n<td><strong>FINALIT\u00c9<\/strong><\/td>\n<td><strong>BASE JURIDIQUE<\/strong><\/td>\n<\/tr>\n<tr>\n<td>Gestion du service fourni et\/ou de la fourniture de produits<\/td>\n<td>Ex\u00e9cution d\u2019un contrat<\/td>\n<\/tr>\n<tr>\n<td>Gestion interne fournisseur-entreprise<\/td>\n<td>Obligation l\u00e9gale de BLACKHILLS DIAGNOSTIC RESOURCES S.L.U. de se conformer \u00e0 ses obligations fiscales<\/td>\n<\/tr>\n<tr>\n<td>Gestion administrative de notre entreprise<\/td>\n<td>Ex\u00e9cution d\u2019un contrat<\/td>\n<\/tr>\n<tr>\n<td>Paiement des services fournis, le cas \u00e9ch\u00e9ant<\/td>\n<td>Obligation l\u00e9gale de BLACKHILLS DIAGNOSTIC RESOURCES S.L.U. de se conformer \u00e0 ses obligations fiscales<\/td>\n<\/tr>\n<tr>\n<td>\u00a0<\/td>\n<td>\u00a0<\/td>\n<\/tr>\n<\/tbody>\n<\/table>\n<div class=\"wp-block-spacer\" aria-hidden=\"true\">\u00a0<\/div>\n<p><strong>DONN\u00c9ES PERSONNELLES DES CANDIDATS<\/strong><\/p>\n<div class=\"wp-block-spacer\" aria-hidden=\"true\">\u00a0<\/div>\n<table class=\"wp-block-table\">\n<tbody>\n<tr>\n<td><strong>FINALIT\u00c9<\/strong><\/td>\n<td><strong>BASE JURIDIQUE<\/strong><\/td>\n<\/tr>\n<tr>\n<td>Que le candidat puisse participer aux processus de s\u00e9lection organis\u00e9s par BLACKHILLS DIAGNOSTIC RESOURCES S.L.U.<\/td>\n<td>Consentement du candidat<\/td>\n<\/tr>\n<\/tbody>\n<\/table>\n<div class=\"wp-block-spacer\" aria-hidden=\"true\">\u00a0<\/div>\n<p><strong>Combien de temps conservons-nous les donn\u00e9es\u00a0?<\/strong><\/p>\n<p><strong>DONN\u00c9ES PERSONNELLES DES CLIENTS POTENTIELS<\/strong><\/p>\n<p>Les donn\u00e9es personnelles seront conserv\u00e9es tant que le devis sera valide ou jusqu\u2019\u00e0 ce que l\u2019utilisateur demande leur suppression. Les donn\u00e9es seront supprim\u00e9es \u00e0 l\u2019expiration du devis ou de l\u2019offre.<\/p>\n<p>Les donn\u00e9es personnelles n\u00e9cessaires \u00e0 l\u2019envoi de communications commerciales, si l\u2019utilisateur a donn\u00e9 son autorisation, seront stock\u00e9es dans notre base de donn\u00e9es tant que ce dernier ne demande pas leur suppression.<\/p>\n<p><strong>DONN\u00c9ES PERSONNELLES DES CLIENTS ET FOURNISSEURS<\/strong><\/p>\n<p>Les donn\u00e9es personnelles fournies seront conserv\u00e9es aussi longtemps que la relation commerciale est maintenue ou jusqu\u2019\u00e0 ce que l\u2019utilisateur demande leur suppression. Une fois la relation commerciale termin\u00e9e, les donn\u00e9es seront conserv\u00e9es aussi longtemps que n\u00e9cessaire pour respecter les obligations l\u00e9gales. Une fois les responsabilit\u00e9s d\u00e9coulant desdites obligations l\u00e9gales expir\u00e9es, les donn\u00e9es seront supprim\u00e9es.<\/p>\n<p>Les donn\u00e9es personnelles n\u00e9cessaires \u00e0 l\u2019envoi de communications commerciales seront conserv\u00e9es tant que l\u2019utilisateur ne demande pas leur suppression.<\/p>\n<p><strong>DONN\u00c9ES PERSONNELLES DES CANDIDATS<\/strong><\/p>\n<p>Les donn\u00e9es fournies par le candidat seront conserv\u00e9es pendant un an.<\/p>\n<p><strong>\u00c9tablissons-nous des profils bas\u00e9s sur les donn\u00e9es fournies\u00a0?<\/strong><\/p>\n<p>En ce qui concerne les candidats, BLACKHILLS DIAGNOSTIC RESOURCES S.L.U. peut \u00e9tablir des profils \u00e0 l\u2019aide des informations fournies dans le CV afin de s\u00e9lectionner le meilleur candidat pour un poste donn\u00e9.<\/p>\n<p><strong>\u00c0 qui transf\u00e9rons-nous les donn\u00e9es\u00a0?<\/strong><\/p>\n<p>Aucune cession ni aucun transfert international des donn\u00e9es n\u2019est pr\u00e9vu, \u00e0 l\u2019exception de tout transfert autoris\u00e9 par la l\u00e9gislation en mati\u00e8re fiscale, commerciale et de t\u00e9l\u00e9communications, ainsi qu\u2019en cas d\u2019obligation de la part d\u2019une autorit\u00e9 judiciaire.<\/p>\n<p><strong>Les donn\u00e9es seront-elles transf\u00e9r\u00e9es vers des pays situ\u00e9s en dehors de l\u2019Union europ\u00e9enne\u00a0?<\/strong><\/p>\n<p>Si l\u2019utilisateur s\u2019est inscrit \u00e0 notre service de newsletter, nous l\u2019informons que les envois sont effectu\u00e9s par l\u2019interm\u00e9diaire de MailChimp, dont la base de donn\u00e9es est situ\u00e9e sur des serveurs h\u00e9berg\u00e9s aux \u00c9tats-Unis. Quoi qu\u2019il en soit, MailChimp respecte et traite les donn\u00e9es conform\u00e9ment aux clauses standard de protection des donn\u00e9es approuv\u00e9es par la Commission europ\u00e9enne.<\/p>\n<p><strong>Quels sont les droits de l\u2019utilisateur et comment peut-il les faire valoir\u00a0?<\/strong><\/p>\n<p>L\u2019utilisateur a le droit d\u2019acc\u00e9der \u00e0 ses donn\u00e9es personnelles, de demander la rectification de celles qui sont inexactes, ainsi que leur suppression lorsque, entre autres raisons, elles ne sont plus n\u00e9cessaires aux fins pour lesquelles elles ont \u00e9t\u00e9 collect\u00e9es. Dans certaines circonstances, il pourra \u00e9galement demander la limitation de leur traitement, auquel cas elles ne seront conserv\u00e9es que pour effectuer des r\u00e9clamations ou s\u2019en d\u00e9fendre. Il pourra \u00e9galement demander la portabilit\u00e9 de ses donn\u00e9es. Pour des raisons li\u00e9es \u00e0 sa situation particuli\u00e8re, l\u2019utilisateur pourra s\u2019opposer au traitement de ses donn\u00e9es et BLACKHILLS DIAGNOSTIC RESOURCES S.L.U. cessera de les traiter, sauf pour des raisons l\u00e9gitimes imp\u00e9rieuses, ou pour r\u00e9aliser d\u2019\u00e9ventuelles r\u00e9clamations ou s\u2019en d\u00e9fendre.<\/p>\n<p>Le demandeur pourra retirer \u00e0 tout moment les consentements donn\u00e9s. Le demandeur pourra exercer ses droits par e-mail \u00e0 l\u2019adresse info@bdrdiagnostics.com ou dans les bureaux situ\u00e9s Camino del Pil\u00f3n, n\u00ba 86, casa 7, local, 50011 Saragosse (Espagne), en joignant une photocopie de sa carte d\u2019identit\u00e9 et en indiquant le droit qu\u2019il souhaite exercer. Il est \u00e9galement possible de d\u00e9poser une plainte aupr\u00e8s de l\u2019Agence espagnole de protection des donn\u00e9es.<\/p>\n\t\t\t\t\t\t\t\t<\/div>\n\t\t\t\t<\/div>\n\t\t\t\t\t<\/div>\n\t\t<\/div>\n\t\t\t\t\t<\/div>\n\t\t<\/section>\n\t\t\t\t<\/div>\n\t\t","protected":false},"excerpt":{"rendered":"<p>Politique en mati\u00e8re de donn\u00e9es BLACKHILLS DIAGNOSTIC RESOURCES S.L.U., conform\u00e9ment aux dispositions du R\u00e8glement g\u00e9n\u00e9ral sur la protection des donn\u00e9es (R\u00e8glement (UE) 2016\/679), ainsi que de la Loi organique 3\/2018 du 5\u00a0d\u00e9cembre sur la protection des donn\u00e9es personnelles et la garantie des droits num\u00e9riques, informe\u00a0: Qui est responsable du traitement des donn\u00e9es\u00a0? BLACKHILLS DIAGNOSTIC RESOURCES [&hellip;]<\/p>\n","protected":false},"author":1,"featured_media":0,"parent":0,"menu_order":0,"comment_status":"closed","ping_status":"closed","template":"","meta":{"footnotes":""},"class_list":["post-5736","page","type-page","status-publish","hentry"],"yoast_head":"<!-- This site is optimized with the Yoast SEO plugin v27.2 - https:\/\/yoast.com\/product\/yoast-seo-wordpress\/ -->\n<title>Politique en mati\u00e8re de donn\u00e9es - BDR | Blackhills Diagnostics Resources<\/title>\n<meta name=\"robots\" content=\"index, follow, max-snippet:-1, max-image-preview:large, max-video-preview:-1\" \/>\n<link rel=\"canonical\" href=\"https:\/\/www.bdrdiagnostics.com\/fr\/politique-en-matiere-de-donnees\/\" \/>\n<meta property=\"og:locale\" content=\"fr_FR\" \/>\n<meta property=\"og:type\" content=\"article\" \/>\n<meta property=\"og:title\" content=\"Politique en mati\u00e8re de donn\u00e9es - BDR | Blackhills Diagnostics Resources\" \/>\n<meta property=\"og:description\" content=\"Politique en mati\u00e8re de donn\u00e9es BLACKHILLS DIAGNOSTIC RESOURCES S.L.U., conform\u00e9ment aux dispositions du R\u00e8glement g\u00e9n\u00e9ral sur la protection des donn\u00e9es (R\u00e8glement (UE) 2016\/679), ainsi que de la Loi organique 3\/2018 du 5\u00a0d\u00e9cembre sur la protection des donn\u00e9es personnelles et la garantie des droits num\u00e9riques, informe\u00a0: Qui est responsable du traitement des donn\u00e9es\u00a0? BLACKHILLS DIAGNOSTIC RESOURCES [&hellip;]\" \/>\n<meta property=\"og:url\" content=\"https:\/\/www.bdrdiagnostics.com\/fr\/politique-en-matiere-de-donnees\/\" \/>\n<meta property=\"og:site_name\" content=\"BDR | Blackhills Diagnostics Resources\" \/>\n<meta property=\"article:modified_time\" content=\"2024-06-13T08:22:21+00:00\" \/>\n<meta name=\"twitter:card\" content=\"summary_large_image\" \/>\n<meta name=\"twitter:label1\" content=\"Dur\u00e9e de lecture estim\u00e9e\" \/>\n\t<meta name=\"twitter:data1\" content=\"4 minutes\" \/>\n<script type=\"application\/ld+json\" class=\"yoast-schema-graph\">{\"@context\":\"https:\/\/schema.org\",\"@graph\":[{\"@type\":\"WebPage\",\"@id\":\"https:\/\/www.bdrdiagnostics.com\/fr\/politique-en-matiere-de-donnees\/\",\"url\":\"https:\/\/www.bdrdiagnostics.com\/fr\/politique-en-matiere-de-donnees\/\",\"name\":\"Politique en mati\u00e8re de donn\u00e9es - BDR | Blackhills Diagnostics Resources\",\"isPartOf\":{\"@id\":\"https:\/\/www.bdrdiagnostics.com\/fr\/#website\"},\"datePublished\":\"2022-03-22T09:31:27+00:00\",\"dateModified\":\"2024-06-13T08:22:21+00:00\",\"breadcrumb\":{\"@id\":\"https:\/\/www.bdrdiagnostics.com\/fr\/politique-en-matiere-de-donnees\/#breadcrumb\"},\"inLanguage\":\"fr-FR\",\"potentialAction\":[{\"@type\":\"ReadAction\",\"target\":[\"https:\/\/www.bdrdiagnostics.com\/fr\/politique-en-matiere-de-donnees\/\"]}]},{\"@type\":\"BreadcrumbList\",\"@id\":\"https:\/\/www.bdrdiagnostics.com\/fr\/politique-en-matiere-de-donnees\/#breadcrumb\",\"itemListElement\":[{\"@type\":\"ListItem\",\"position\":1,\"name\":\"Home\",\"item\":\"https:\/\/www.bdrdiagnostics.com\/fr\/\"},{\"@type\":\"ListItem\",\"position\":2,\"name\":\"Politique en mati\u00e8re de donn\u00e9es\"}]},{\"@type\":\"WebSite\",\"@id\":\"https:\/\/www.bdrdiagnostics.com\/fr\/#website\",\"url\":\"https:\/\/www.bdrdiagnostics.com\/fr\/\",\"name\":\"BDR | Blackhills Diagnostics Resources\",\"description\":\"Desarrollo de productos para el diagn\u00f3stico in vitro\",\"publisher\":{\"@id\":\"https:\/\/www.bdrdiagnostics.com\/fr\/#organization\"},\"potentialAction\":[{\"@type\":\"SearchAction\",\"target\":{\"@type\":\"EntryPoint\",\"urlTemplate\":\"https:\/\/www.bdrdiagnostics.com\/fr\/?s={search_term_string}\"},\"query-input\":{\"@type\":\"PropertyValueSpecification\",\"valueRequired\":true,\"valueName\":\"search_term_string\"}}],\"inLanguage\":\"fr-FR\"},{\"@type\":\"Organization\",\"@id\":\"https:\/\/www.bdrdiagnostics.com\/fr\/#organization\",\"name\":\"BDR | Blackhills Diagnostics Resources\",\"url\":\"https:\/\/www.bdrdiagnostics.com\/fr\/\",\"logo\":{\"@type\":\"ImageObject\",\"inLanguage\":\"fr-FR\",\"@id\":\"https:\/\/www.bdrdiagnostics.com\/fr\/#\/schema\/logo\/image\/\",\"url\":\"https:\/\/www.bdrdiagnostics.com\/wp-content\/uploads\/2021\/09\/bdr-logo.svg\",\"contentUrl\":\"https:\/\/www.bdrdiagnostics.com\/wp-content\/uploads\/2021\/09\/bdr-logo.svg\",\"width\":127,\"height\":53,\"caption\":\"BDR | Blackhills Diagnostics Resources\"},\"image\":{\"@id\":\"https:\/\/www.bdrdiagnostics.com\/fr\/#\/schema\/logo\/image\/\"}}]}<\/script>\n<!-- \/ Yoast SEO plugin. -->","yoast_head_json":{"title":"Politique en mati\u00e8re de donn\u00e9es - BDR | Blackhills Diagnostics Resources","robots":{"index":"index","follow":"follow","max-snippet":"max-snippet:-1","max-image-preview":"max-image-preview:large","max-video-preview":"max-video-preview:-1"},"canonical":"https:\/\/www.bdrdiagnostics.com\/fr\/politique-en-matiere-de-donnees\/","og_locale":"fr_FR","og_type":"article","og_title":"Politique en mati\u00e8re de donn\u00e9es - BDR | Blackhills Diagnostics Resources","og_description":"Politique en mati\u00e8re de donn\u00e9es BLACKHILLS DIAGNOSTIC RESOURCES S.L.U., conform\u00e9ment aux dispositions du R\u00e8glement g\u00e9n\u00e9ral sur la protection des donn\u00e9es (R\u00e8glement (UE) 2016\/679), ainsi que de la Loi organique 3\/2018 du 5\u00a0d\u00e9cembre sur la protection des donn\u00e9es personnelles et la garantie des droits num\u00e9riques, informe\u00a0: Qui est responsable du traitement des donn\u00e9es\u00a0? BLACKHILLS DIAGNOSTIC RESOURCES [&hellip;]","og_url":"https:\/\/www.bdrdiagnostics.com\/fr\/politique-en-matiere-de-donnees\/","og_site_name":"BDR | Blackhills Diagnostics Resources","article_modified_time":"2024-06-13T08:22:21+00:00","twitter_card":"summary_large_image","twitter_misc":{"Dur\u00e9e de lecture estim\u00e9e":"4 minutes"},"schema":{"@context":"https:\/\/schema.org","@graph":[{"@type":"WebPage","@id":"https:\/\/www.bdrdiagnostics.com\/fr\/politique-en-matiere-de-donnees\/","url":"https:\/\/www.bdrdiagnostics.com\/fr\/politique-en-matiere-de-donnees\/","name":"Politique en mati\u00e8re de donn\u00e9es - BDR | Blackhills Diagnostics Resources","isPartOf":{"@id":"https:\/\/www.bdrdiagnostics.com\/fr\/#website"},"datePublished":"2022-03-22T09:31:27+00:00","dateModified":"2024-06-13T08:22:21+00:00","breadcrumb":{"@id":"https:\/\/www.bdrdiagnostics.com\/fr\/politique-en-matiere-de-donnees\/#breadcrumb"},"inLanguage":"fr-FR","potentialAction":[{"@type":"ReadAction","target":["https:\/\/www.bdrdiagnostics.com\/fr\/politique-en-matiere-de-donnees\/"]}]},{"@type":"BreadcrumbList","@id":"https:\/\/www.bdrdiagnostics.com\/fr\/politique-en-matiere-de-donnees\/#breadcrumb","itemListElement":[{"@type":"ListItem","position":1,"name":"Home","item":"https:\/\/www.bdrdiagnostics.com\/fr\/"},{"@type":"ListItem","position":2,"name":"Politique en mati\u00e8re de donn\u00e9es"}]},{"@type":"WebSite","@id":"https:\/\/www.bdrdiagnostics.com\/fr\/#website","url":"https:\/\/www.bdrdiagnostics.com\/fr\/","name":"BDR | Blackhills Diagnostics Resources","description":"Desarrollo de productos para el diagn\u00f3stico in vitro","publisher":{"@id":"https:\/\/www.bdrdiagnostics.com\/fr\/#organization"},"potentialAction":[{"@type":"SearchAction","target":{"@type":"EntryPoint","urlTemplate":"https:\/\/www.bdrdiagnostics.com\/fr\/?s={search_term_string}"},"query-input":{"@type":"PropertyValueSpecification","valueRequired":true,"valueName":"search_term_string"}}],"inLanguage":"fr-FR"},{"@type":"Organization","@id":"https:\/\/www.bdrdiagnostics.com\/fr\/#organization","name":"BDR | Blackhills Diagnostics Resources","url":"https:\/\/www.bdrdiagnostics.com\/fr\/","logo":{"@type":"ImageObject","inLanguage":"fr-FR","@id":"https:\/\/www.bdrdiagnostics.com\/fr\/#\/schema\/logo\/image\/","url":"https:\/\/www.bdrdiagnostics.com\/wp-content\/uploads\/2021\/09\/bdr-logo.svg","contentUrl":"https:\/\/www.bdrdiagnostics.com\/wp-content\/uploads\/2021\/09\/bdr-logo.svg","width":127,"height":53,"caption":"BDR | Blackhills Diagnostics Resources"},"image":{"@id":"https:\/\/www.bdrdiagnostics.com\/fr\/#\/schema\/logo\/image\/"}}]}},"_links":{"self":[{"href":"https:\/\/www.bdrdiagnostics.com\/fr\/wp-json\/wp\/v2\/pages\/5736","targetHints":{"allow":["GET"]}}],"collection":[{"href":"https:\/\/www.bdrdiagnostics.com\/fr\/wp-json\/wp\/v2\/pages"}],"about":[{"href":"https:\/\/www.bdrdiagnostics.com\/fr\/wp-json\/wp\/v2\/types\/page"}],"author":[{"embeddable":true,"href":"https:\/\/www.bdrdiagnostics.com\/fr\/wp-json\/wp\/v2\/users\/1"}],"replies":[{"embeddable":true,"href":"https:\/\/www.bdrdiagnostics.com\/fr\/wp-json\/wp\/v2\/comments?post=5736"}],"version-history":[{"count":7,"href":"https:\/\/www.bdrdiagnostics.com\/fr\/wp-json\/wp\/v2\/pages\/5736\/revisions"}],"predecessor-version":[{"id":6670,"href":"https:\/\/www.bdrdiagnostics.com\/fr\/wp-json\/wp\/v2\/pages\/5736\/revisions\/6670"}],"wp:attachment":[{"href":"https:\/\/www.bdrdiagnostics.com\/fr\/wp-json\/wp\/v2\/media?parent=5736"}],"curies":[{"name":"wp","href":"https:\/\/api.w.org\/{rel}","templated":true}]}}