{"id":5741,"date":"2021-05-03T07:24:56","date_gmt":"2021-05-03T07:24:56","guid":{"rendered":"https:\/\/www.bdrdiagnostics.com\/legal-notice\/"},"modified":"2024-06-14T10:26:55","modified_gmt":"2024-06-14T09:26:55","slug":"mentions-legales","status":"publish","type":"page","link":"https:\/\/www.bdrdiagnostics.com\/fr\/mentions-legales\/","title":{"rendered":"Mentions l\u00e9gales"},"content":{"rendered":"\t\t<div data-elementor-type=\"wp-page\" data-elementor-id=\"5741\" class=\"elementor elementor-5741 elementor-3133\" data-elementor-post-type=\"page\">\n\t\t\t\t\t\t<section class=\"elementor-section elementor-top-section elementor-element elementor-element-f799df2 elementor-section-boxed elementor-section-height-default elementor-section-height-default\" data-id=\"f799df2\" data-element_type=\"section\" data-e-type=\"section\" data-settings=\"{&quot;jet_parallax_layout_list&quot;:[{&quot;jet_parallax_layout_image&quot;:{&quot;url&quot;:&quot;&quot;,&quot;id&quot;:&quot;&quot;,&quot;size&quot;:&quot;&quot;},&quot;_id&quot;:&quot;6c5a817&quot;,&quot;jet_parallax_layout_image_tablet&quot;:{&quot;url&quot;:&quot;&quot;,&quot;id&quot;:&quot;&quot;,&quot;size&quot;:&quot;&quot;},&quot;jet_parallax_layout_image_mobile&quot;:{&quot;url&quot;:&quot;&quot;,&quot;id&quot;:&quot;&quot;,&quot;size&quot;:&quot;&quot;},&quot;jet_parallax_layout_speed&quot;:{&quot;unit&quot;:&quot;%&quot;,&quot;size&quot;:50,&quot;sizes&quot;:[]},&quot;jet_parallax_layout_type&quot;:&quot;scroll&quot;,&quot;jet_parallax_layout_direction&quot;:&quot;1&quot;,&quot;jet_parallax_layout_fx_direction&quot;:null,&quot;jet_parallax_layout_z_index&quot;:&quot;&quot;,&quot;jet_parallax_layout_bg_x&quot;:50,&quot;jet_parallax_layout_bg_x_tablet&quot;:&quot;&quot;,&quot;jet_parallax_layout_bg_x_mobile&quot;:&quot;&quot;,&quot;jet_parallax_layout_bg_y&quot;:50,&quot;jet_parallax_layout_bg_y_tablet&quot;:&quot;&quot;,&quot;jet_parallax_layout_bg_y_mobile&quot;:&quot;&quot;,&quot;jet_parallax_layout_bg_size&quot;:&quot;auto&quot;,&quot;jet_parallax_layout_bg_size_tablet&quot;:&quot;&quot;,&quot;jet_parallax_layout_bg_size_mobile&quot;:&quot;&quot;,&quot;jet_parallax_layout_animation_prop&quot;:&quot;transform&quot;,&quot;jet_parallax_layout_on&quot;:[&quot;desktop&quot;,&quot;tablet&quot;]}]}\">\n\t\t\t\t\t\t<div class=\"elementor-container elementor-column-gap-default\">\n\t\t\t\t\t<div class=\"elementor-column elementor-col-100 elementor-top-column elementor-element elementor-element-7257bfd\" data-id=\"7257bfd\" data-element_type=\"column\" data-e-type=\"column\">\n\t\t\t<div class=\"elementor-widget-wrap elementor-element-populated\">\n\t\t\t\t\t\t<div class=\"elementor-element elementor-element-be0a6d3 elementor-widget elementor-widget-text-editor\" data-id=\"be0a6d3\" data-element_type=\"widget\" data-e-type=\"widget\" data-widget_type=\"text-editor.default\">\n\t\t\t\t<div class=\"elementor-widget-container\">\n\t\t\t\t\t\t\t\t\t<h1>Mentions l\u00e9gales<\/h1>\n<div class=\"wp-block-spacer\" aria-hidden=\"true\">\n<p>\u00a0<\/p>\n<p>Conform\u00e9ment \u00e0 l\u2019article 10 de la Loi 34\/2002 du 11 juillet sur les services de la soci\u00e9t\u00e9 de l\u2019information et du commerce \u00e9lectronique (LSSI+CE), nous vous informons que\u00a0:<\/p>\n<p>Le propri\u00e9taire de la page <a href=\"https:\/\/www.bdrdiagnostics.com\/fr\/\">https:\/\/www.bdrdiagnostics.com\/<\/a>\u00a0est :<\/p>\n<\/div>\n<p>\u00a0<\/p>\n<p>Nom de l\u2019entreprise :\u00a0\u00a0 BLACKHILLS DIAGNOSTIC RESOURCES S.L.U.<\/p>\n<p>CIF:\u00a0 \u00a0 \u00a0 \u00a0 \u00a0 \u00a0 \u00a0 \u00a0 \u00a0 \u00a0 \u00a0 \u00a0 \u00a0 \u00a0 \u00a0 \u00a0 B99350316<\/p>\n<p>Domicilio:\u00a0\u00a0\u00a0\u00a0\u00a0\u00a0\u00a0\u00a0\u00a0\u00a0\u00a0\u00a0\u00a0\u00a0\u00a0\u00a0\u00a0\u00a0\u00a0\u00a0 Camino del Pil\u00f3n, n\u00ba 86, casa 7, local, 50011 Saragosse (Espagne)<\/p>\n<p>T\u00e9l\u00e9phone :\u00a0\u00a0\u00a0\u00a0\u00a0\u00a0\u00a0\u00a0\u00a0\u00a0\u00a0\u00a0\u00a0\u00a0\u00a0\u00a0\u00a0\u00a0\u00a0\u00a0\u00a0 976320849<\/p>\n<p>E-mail :\u00a0 \u00a0 \u00a0 \u00a0 \u00a0 \u00a0 \u00a0 \u00a0 \u00a0 \u00a0 \u00a0 \u00a0 \u00a0 \u00a0 info@bdrdiagnostics.com<\/p>\n<p>Donn\u00e9es d\u2019inscription au registre :\u00a0\u00a0\u00a0\u00a0\u00a0\u00a0\u00a0 Entreprise inscrite au registre du commerce de Saragosse, volume 3921, feuillet 139, page Z-53589, 1re inscription<\/p>\n<div class=\"wp-block-spacer\" aria-hidden=\"true\">\n<p>La version d\u2019origine de ces mentions l\u00e9gales a \u00e9t\u00e9 r\u00e9dig\u00e9e en espagnol.<\/p>\n<\/div>\n<p><strong>Vos donn\u00e9ess<\/strong><\/p>\n<p>Les informations ou les donn\u00e9es personnelles fournies par l\u2019utilisateur seront trait\u00e9es conform\u00e9ment aux dispositions des politiques de protection des donn\u00e9es. L\u2019utilisateur d\u00e9clare que toutes les informations ou donn\u00e9es fournies sont v\u00e9ridiques et fid\u00e8les \u00e0 la r\u00e9alit\u00e9.<\/p>\n<p><strong>Confidentialit\u00e9\/Protection des donn\u00e9es personnelles<\/strong><\/p>\n<p>BLACKHILLS DIAGNOSTIC RESOURCES S.L.U. respecte les directives du R\u00e8glement g\u00e9n\u00e9ral sur la protection des donn\u00e9es (R\u00e8glement (UE) 2016\/679), ainsi que celles de la Loi organique 3\/2018 du 5 d\u00e9cembre sur la protection des donn\u00e9es personnelles et la garantie des droits num\u00e9riques et de toute autre r\u00e9glementation en vigueur \u00e0 tout moment, et s\u2019assure que les donn\u00e9es personnelles de l\u2019utilisateur sont utilis\u00e9es et trait\u00e9es en bonne et due forme.<\/p>\n<p>\u00c0 cette fin, chaque formulaire de collecte de donn\u00e9es personnelles sera accompagn\u00e9 d\u2019informations indiquant \u00e0 l\u2019utilisateur l\u2019existence et l\u2019acceptation des conditions sp\u00e9cifiques du traitement de ses donn\u00e9es selon chaque cas. Celui-ci sera inform\u00e9 du responsable du traitement, de l\u2019adresse du responsable du traitement, de la possibilit\u00e9 d\u2019exercer ses droits d\u2019acc\u00e8s, de rectification, de suppression, d\u2019opposition, de limitation et de portabilit\u00e9, de la finalit\u00e9 du traitement et de la communication des donn\u00e9es \u00e0 des tiers, le cas \u00e9ch\u00e9ant.<\/p>\n<p>De m\u00eame, BLACKHILLS DIAGNOSTIC RESOURCES S.L.U., entreprise cr\u00e9atrice du site web, informe qu\u2019elle respecte la loi 34\/2002 du 11 juillet sur les services de la soci\u00e9t\u00e9 de l\u2019information et du commerce \u00e9lectronique et qu\u2019elle demandera \u00e0 tout moment le consentement de l\u2019utilisateur pour le traitement de son adresse e-mail \u00e0 des fins commerciales.<\/p>\n<p><strong>Mineurs<\/strong><\/p>\n<p>Le contenu du site web est destin\u00e9 aux personnes majeures. BLACKHILLS DIAGNOSTIC RESOURCES S.L.U. ne cherche pas \u00e0 obtenir les donn\u00e9es de personnes mineures. Si BLACKHILLS DIAGNOSTIC RESOURCES S.L.U. prend connaissance de l\u2019existence de donn\u00e9es personnelles d\u2019une personne mineure dans sa base de donn\u00e9es, elle proc\u00e9dera imm\u00e9diatement \u00e0 l\u2019annulation de ces donn\u00e9es.<\/p>\n<p><strong>Obligations de l\u2019utilisateur<\/strong><\/p>\n<p>L\u2019utilisateur doit toujours respecter les conditions \u00e9tablies par le site web.<\/p>\n<p>L\u2019utilisateur fera une utilisation raisonnable du site web et assumera toute responsabilit\u00e9 pouvant d\u00e9couler du non-respect des conditions du site web.<\/p>\n<p>L\u2019utilisateur ne pourra pas utiliser le site web pour transmettre, stocker, divulguer, promouvoir ou distribuer des donn\u00e9es ou des contenus contenant des virus ou tout autre code informatique, fichier ou programme con\u00e7u pour interrompre, d\u00e9truire ou endommager le fonctionnement de tout programme ou \u00e9quipement informatique ou de t\u00e9l\u00e9communication.<\/p>\n<p><strong>Propri\u00e9t\u00e9 industrielle et intellectuelle<\/strong><\/p>\n<p>BLACKHILLS DIAGNOSTIC RESOURCES S.L.U. est titulaire, elle-m\u00eame ou en tant que cessionnaire, de tous les droits de propri\u00e9t\u00e9 intellectuelle et industrielle de son site web, ainsi que des \u00e9l\u00e9ments qu\u2019il contient (y compris, mais sans s\u2019y limiter, les images, le son, le contenu audio et vid\u00e9o, les logiciels ou les textes, les marques ou logos, les associations de couleurs, la structure et le design, la s\u00e9lection des mat\u00e9riaux utilis\u00e9s, les programmes informatiques n\u00e9cessaires \u00e0 son fonctionnement, \u00e0 son acc\u00e8s et \u00e0 son utilisation, etc.).<\/p>\n<p>Conform\u00e9ment aux dispositions des articles 8 et 32.1, deuxi\u00e8me alin\u00e9a, de la loi sur la propri\u00e9t\u00e9 intellectuelle, la reproduction, la distribution et la communication publique, y compris la mise \u00e0 disposition, de tout ou partie du contenu de ce site web, \u00e0 des fins commerciales, sur tout support et par tout moyen technique, sont express\u00e9ment interdites sans l\u2019autorisation de BLACKHILLS DIAGNOSTIC RESOURCES S.L.U. Tous droits r\u00e9serv\u00e9s.<\/p>\n<p>L\u2019UTILISATEUR s\u2019engage \u00e0 respecter les droits de propri\u00e9t\u00e9 intellectuelle et industrielle de BLACKHILLS DIAGNOSTIC RESOURCES S.L.U. Il pourra visualiser les \u00e9l\u00e9ments du portail et m\u00eame les imprimer, les copier et les stocker sur le disque dur de son ordinateur ou sur tout autre support physique, \u00e0 condition que ces \u00e9l\u00e9ments soient uniquement et exclusivement destin\u00e9s \u00e0 un usage personnel et priv\u00e9. L\u2019UTILISATEUR s\u2019abstiendra de supprimer, d\u2019alt\u00e9rer, d\u2019\u00e9viter ou de manipuler tout dispositif de protection ou syst\u00e8me de s\u00e9curit\u00e9 install\u00e9 sur les pages de BLACKHILLS DIAGNOSTIC RESOURCES S.L.U.<\/p>\n<p><strong>Droit d\u2019exclusion<\/strong><\/p>\n<p>BLACKHILLS DIAGNOSTIC RESOURCES S.L.U. se r\u00e9serve le droit de refuser ou de retirer l\u2019acc\u00e8s au portail et\/ou aux services offerts aux utilisateurs qui ne respectent pas les conditions d\u2019utilisation du portail, et ce sans avis pr\u00e9alable, \u00e0 sa propre demande ou \u00e0 celle d\u2019un tiers.<\/p>\n<p>En cas de non-respect des conditions d\u2019utilisation du portail, ainsi que de toute utilisation impropre de son portail, BLACKHILLS DIAGNOSTIC RESOURCES S.L.U. mettra en \u0153uvre toutes les actions civiles et p\u00e9nales applicables en vertu de la loi.<\/p>\n<p><strong>Modifications et liens<\/strong><\/p>\n<p>BLACKHILLS DIAGNOSTIC RESOURCES S.L.U. se r\u00e9serve le droit d\u2019apporter toutes les modifications qu\u2019elle juge opportunes \u00e0 son site web sans pr\u00e9avis. Elle peut ainsi modifier, supprimer ou ajouter aussi bien le contenu et les services qu\u2019elle fournit que la mani\u00e8re dont ils sont pr\u00e9sent\u00e9s ou localis\u00e9s, ainsi que les Conditions g\u00e9n\u00e9rales d\u2019utilisation pr\u00e9sent\u00e9es ici.<\/p>\n<p>BLACKHILLS DIAGNOSTIC RESOURCES S.L.U. n\u2019est pas responsable de la mauvaise utilisation du contenu de son site web, qui rel\u00e8ve de la seule responsabilit\u00e9 de la personne qui y acc\u00e8de ou l\u2019utilise.<\/p>\n<p>Si <a href=\"https:\/\/www.bdrdiagnostics.com\/fr\/\">https:\/\/www.bdrdiagnostics.com\/<\/a>\u00a0contient des liens ou des hyperliens redirigeant vers d\u2019autres sites Internet, BLACKHILLS DIAGNOSTIC RESOURCES S.L.U., entreprise cr\u00e9atrice du site web, n\u2019exerce aucun contr\u00f4le sur ces sites et leur contenu. BLACKHILLS DIAGNOSTIC RESOURCES S.L.U., entreprise cr\u00e9atrice du site web, n\u2019assume en aucun cas la responsabilit\u00e9 du contenu de tout lien appartenant \u00e0 un site web externe, ni ne garantit la disponibilit\u00e9 technique, la qualit\u00e9, la fiabilit\u00e9, l\u2019exactitude, l\u2019exhaustivit\u00e9, la v\u00e9racit\u00e9, la validit\u00e9 et la constitutionnalit\u00e9 de tout mat\u00e9riel ou information contenu dans l\u2019un de ces hyperliens ou sur d\u2019autres sites Internet. De m\u00eame, l\u2019inclusion de ces connexions externes n\u2019implique aucun type d\u2019association, de fusion ou de participation avec les entit\u00e9s li\u00e9es.<\/p>\n<p><strong>Loi applicable et juridiction comp\u00e9tente<\/strong><\/p>\n<p>Les conditions d\u2019utilisation du site web indiqu\u00e9es dans les pr\u00e9sentes mentions l\u00e9gales, ainsi que les relations entre l\u2019utilisateur et BLACKHILLS DIAGNOSTIC RESOURCES S.L.U., seront r\u00e9gies et interpr\u00e9t\u00e9es conform\u00e9ment \u00e0 la loi espagnole. Pour la r\u00e9solution de tout litige pouvant survenir, l\u2019utilisateur et BLACKHILLS DIAGNOSTIC RESOURCES S.L.U. se soumettent express\u00e9ment \u00e0 la comp\u00e9tence et \u00e0 la juridiction des cours et tribunaux de la ville de SARAGOSSE, en renon\u00e7ant express\u00e9ment \u00e0 toute autre juridiction qui pourrait leur correspondre.<\/p>\n\t\t\t\t\t\t\t\t<\/div>\n\t\t\t\t<\/div>\n\t\t\t\t\t<\/div>\n\t\t<\/div>\n\t\t\t\t\t<\/div>\n\t\t<\/section>\n\t\t\t\t<\/div>\n\t\t","protected":false},"excerpt":{"rendered":"<p>Mentions l\u00e9gales \u00a0 Conform\u00e9ment \u00e0 l\u2019article 10 de la Loi 34\/2002 du 11 juillet sur les services de la soci\u00e9t\u00e9 de l\u2019information et du commerce \u00e9lectronique (LSSI+CE), nous vous informons que\u00a0: Le propri\u00e9taire de la page https:\/\/www.bdrdiagnostics.com\/\u00a0est : \u00a0 Nom de l\u2019entreprise :\u00a0\u00a0 BLACKHILLS DIAGNOSTIC RESOURCES S.L.U. CIF:\u00a0 \u00a0 \u00a0 \u00a0 \u00a0 \u00a0 \u00a0 \u00a0 [&hellip;]<\/p>\n","protected":false},"author":1,"featured_media":0,"parent":0,"menu_order":0,"comment_status":"closed","ping_status":"closed","template":"","meta":{"footnotes":""},"class_list":["post-5741","page","type-page","status-publish","hentry"],"yoast_head":"<!-- This site is optimized with the Yoast SEO plugin v27.2 - https:\/\/yoast.com\/product\/yoast-seo-wordpress\/ -->\n<title>Mentions l\u00e9gales - BDR | Blackhills Diagnostics Resources<\/title>\n<meta name=\"robots\" content=\"index, follow, max-snippet:-1, max-image-preview:large, max-video-preview:-1\" \/>\n<link rel=\"canonical\" href=\"https:\/\/www.bdrdiagnostics.com\/fr\/mentions-legales\/\" \/>\n<meta property=\"og:locale\" content=\"fr_FR\" \/>\n<meta property=\"og:type\" content=\"article\" \/>\n<meta property=\"og:title\" content=\"Mentions l\u00e9gales - BDR | Blackhills Diagnostics Resources\" \/>\n<meta property=\"og:description\" content=\"Mentions l\u00e9gales \u00a0 Conform\u00e9ment \u00e0 l\u2019article 10 de la Loi 34\/2002 du 11 juillet sur les services de la soci\u00e9t\u00e9 de l\u2019information et du commerce \u00e9lectronique (LSSI+CE), nous vous informons que\u00a0: Le propri\u00e9taire de la page https:\/\/www.bdrdiagnostics.com\/\u00a0est : \u00a0 Nom de l\u2019entreprise :\u00a0\u00a0 BLACKHILLS DIAGNOSTIC RESOURCES S.L.U. CIF:\u00a0 \u00a0 \u00a0 \u00a0 \u00a0 \u00a0 \u00a0 \u00a0 [&hellip;]\" \/>\n<meta property=\"og:url\" content=\"https:\/\/www.bdrdiagnostics.com\/fr\/mentions-legales\/\" \/>\n<meta property=\"og:site_name\" content=\"BDR | Blackhills Diagnostics Resources\" \/>\n<meta property=\"article:modified_time\" content=\"2024-06-14T09:26:55+00:00\" \/>\n<meta name=\"twitter:card\" content=\"summary_large_image\" \/>\n<meta name=\"twitter:label1\" content=\"Dur\u00e9e de lecture estim\u00e9e\" \/>\n\t<meta name=\"twitter:data1\" content=\"5 minutes\" \/>\n<script type=\"application\/ld+json\" class=\"yoast-schema-graph\">{\"@context\":\"https:\/\/schema.org\",\"@graph\":[{\"@type\":\"WebPage\",\"@id\":\"https:\/\/www.bdrdiagnostics.com\/fr\/mentions-legales\/\",\"url\":\"https:\/\/www.bdrdiagnostics.com\/fr\/mentions-legales\/\",\"name\":\"Mentions l\u00e9gales - BDR | Blackhills Diagnostics Resources\",\"isPartOf\":{\"@id\":\"https:\/\/www.bdrdiagnostics.com\/fr\/#website\"},\"datePublished\":\"2021-05-03T07:24:56+00:00\",\"dateModified\":\"2024-06-14T09:26:55+00:00\",\"breadcrumb\":{\"@id\":\"https:\/\/www.bdrdiagnostics.com\/fr\/mentions-legales\/#breadcrumb\"},\"inLanguage\":\"fr-FR\",\"potentialAction\":[{\"@type\":\"ReadAction\",\"target\":[\"https:\/\/www.bdrdiagnostics.com\/fr\/mentions-legales\/\"]}]},{\"@type\":\"BreadcrumbList\",\"@id\":\"https:\/\/www.bdrdiagnostics.com\/fr\/mentions-legales\/#breadcrumb\",\"itemListElement\":[{\"@type\":\"ListItem\",\"position\":1,\"name\":\"Home\",\"item\":\"https:\/\/www.bdrdiagnostics.com\/fr\/\"},{\"@type\":\"ListItem\",\"position\":2,\"name\":\"Mentions l\u00e9gales\"}]},{\"@type\":\"WebSite\",\"@id\":\"https:\/\/www.bdrdiagnostics.com\/fr\/#website\",\"url\":\"https:\/\/www.bdrdiagnostics.com\/fr\/\",\"name\":\"BDR | Blackhills Diagnostics Resources\",\"description\":\"Desarrollo de productos para el diagn\u00f3stico in vitro\",\"publisher\":{\"@id\":\"https:\/\/www.bdrdiagnostics.com\/fr\/#organization\"},\"potentialAction\":[{\"@type\":\"SearchAction\",\"target\":{\"@type\":\"EntryPoint\",\"urlTemplate\":\"https:\/\/www.bdrdiagnostics.com\/fr\/?s={search_term_string}\"},\"query-input\":{\"@type\":\"PropertyValueSpecification\",\"valueRequired\":true,\"valueName\":\"search_term_string\"}}],\"inLanguage\":\"fr-FR\"},{\"@type\":\"Organization\",\"@id\":\"https:\/\/www.bdrdiagnostics.com\/fr\/#organization\",\"name\":\"BDR | Blackhills Diagnostics Resources\",\"url\":\"https:\/\/www.bdrdiagnostics.com\/fr\/\",\"logo\":{\"@type\":\"ImageObject\",\"inLanguage\":\"fr-FR\",\"@id\":\"https:\/\/www.bdrdiagnostics.com\/fr\/#\/schema\/logo\/image\/\",\"url\":\"https:\/\/www.bdrdiagnostics.com\/wp-content\/uploads\/2021\/09\/bdr-logo.svg\",\"contentUrl\":\"https:\/\/www.bdrdiagnostics.com\/wp-content\/uploads\/2021\/09\/bdr-logo.svg\",\"width\":127,\"height\":53,\"caption\":\"BDR | Blackhills Diagnostics Resources\"},\"image\":{\"@id\":\"https:\/\/www.bdrdiagnostics.com\/fr\/#\/schema\/logo\/image\/\"}}]}<\/script>\n<!-- \/ Yoast SEO plugin. -->","yoast_head_json":{"title":"Mentions l\u00e9gales - BDR | Blackhills Diagnostics Resources","robots":{"index":"index","follow":"follow","max-snippet":"max-snippet:-1","max-image-preview":"max-image-preview:large","max-video-preview":"max-video-preview:-1"},"canonical":"https:\/\/www.bdrdiagnostics.com\/fr\/mentions-legales\/","og_locale":"fr_FR","og_type":"article","og_title":"Mentions l\u00e9gales - BDR | Blackhills Diagnostics Resources","og_description":"Mentions l\u00e9gales \u00a0 Conform\u00e9ment \u00e0 l\u2019article 10 de la Loi 34\/2002 du 11 juillet sur les services de la soci\u00e9t\u00e9 de l\u2019information et du commerce \u00e9lectronique (LSSI+CE), nous vous informons que\u00a0: Le propri\u00e9taire de la page https:\/\/www.bdrdiagnostics.com\/\u00a0est : \u00a0 Nom de l\u2019entreprise :\u00a0\u00a0 BLACKHILLS DIAGNOSTIC RESOURCES S.L.U. CIF:\u00a0 \u00a0 \u00a0 \u00a0 \u00a0 \u00a0 \u00a0 \u00a0 [&hellip;]","og_url":"https:\/\/www.bdrdiagnostics.com\/fr\/mentions-legales\/","og_site_name":"BDR | Blackhills Diagnostics Resources","article_modified_time":"2024-06-14T09:26:55+00:00","twitter_card":"summary_large_image","twitter_misc":{"Dur\u00e9e de lecture estim\u00e9e":"5 minutes"},"schema":{"@context":"https:\/\/schema.org","@graph":[{"@type":"WebPage","@id":"https:\/\/www.bdrdiagnostics.com\/fr\/mentions-legales\/","url":"https:\/\/www.bdrdiagnostics.com\/fr\/mentions-legales\/","name":"Mentions l\u00e9gales - BDR | Blackhills Diagnostics Resources","isPartOf":{"@id":"https:\/\/www.bdrdiagnostics.com\/fr\/#website"},"datePublished":"2021-05-03T07:24:56+00:00","dateModified":"2024-06-14T09:26:55+00:00","breadcrumb":{"@id":"https:\/\/www.bdrdiagnostics.com\/fr\/mentions-legales\/#breadcrumb"},"inLanguage":"fr-FR","potentialAction":[{"@type":"ReadAction","target":["https:\/\/www.bdrdiagnostics.com\/fr\/mentions-legales\/"]}]},{"@type":"BreadcrumbList","@id":"https:\/\/www.bdrdiagnostics.com\/fr\/mentions-legales\/#breadcrumb","itemListElement":[{"@type":"ListItem","position":1,"name":"Home","item":"https:\/\/www.bdrdiagnostics.com\/fr\/"},{"@type":"ListItem","position":2,"name":"Mentions l\u00e9gales"}]},{"@type":"WebSite","@id":"https:\/\/www.bdrdiagnostics.com\/fr\/#website","url":"https:\/\/www.bdrdiagnostics.com\/fr\/","name":"BDR | Blackhills Diagnostics Resources","description":"Desarrollo de productos para el diagn\u00f3stico in vitro","publisher":{"@id":"https:\/\/www.bdrdiagnostics.com\/fr\/#organization"},"potentialAction":[{"@type":"SearchAction","target":{"@type":"EntryPoint","urlTemplate":"https:\/\/www.bdrdiagnostics.com\/fr\/?s={search_term_string}"},"query-input":{"@type":"PropertyValueSpecification","valueRequired":true,"valueName":"search_term_string"}}],"inLanguage":"fr-FR"},{"@type":"Organization","@id":"https:\/\/www.bdrdiagnostics.com\/fr\/#organization","name":"BDR | Blackhills Diagnostics Resources","url":"https:\/\/www.bdrdiagnostics.com\/fr\/","logo":{"@type":"ImageObject","inLanguage":"fr-FR","@id":"https:\/\/www.bdrdiagnostics.com\/fr\/#\/schema\/logo\/image\/","url":"https:\/\/www.bdrdiagnostics.com\/wp-content\/uploads\/2021\/09\/bdr-logo.svg","contentUrl":"https:\/\/www.bdrdiagnostics.com\/wp-content\/uploads\/2021\/09\/bdr-logo.svg","width":127,"height":53,"caption":"BDR | Blackhills Diagnostics Resources"},"image":{"@id":"https:\/\/www.bdrdiagnostics.com\/fr\/#\/schema\/logo\/image\/"}}]}},"_links":{"self":[{"href":"https:\/\/www.bdrdiagnostics.com\/fr\/wp-json\/wp\/v2\/pages\/5741","targetHints":{"allow":["GET"]}}],"collection":[{"href":"https:\/\/www.bdrdiagnostics.com\/fr\/wp-json\/wp\/v2\/pages"}],"about":[{"href":"https:\/\/www.bdrdiagnostics.com\/fr\/wp-json\/wp\/v2\/types\/page"}],"author":[{"embeddable":true,"href":"https:\/\/www.bdrdiagnostics.com\/fr\/wp-json\/wp\/v2\/users\/1"}],"replies":[{"embeddable":true,"href":"https:\/\/www.bdrdiagnostics.com\/fr\/wp-json\/wp\/v2\/comments?post=5741"}],"version-history":[{"count":7,"href":"https:\/\/www.bdrdiagnostics.com\/fr\/wp-json\/wp\/v2\/pages\/5741\/revisions"}],"predecessor-version":[{"id":6768,"href":"https:\/\/www.bdrdiagnostics.com\/fr\/wp-json\/wp\/v2\/pages\/5741\/revisions\/6768"}],"wp:attachment":[{"href":"https:\/\/www.bdrdiagnostics.com\/fr\/wp-json\/wp\/v2\/media?parent=5741"}],"curies":[{"name":"wp","href":"https:\/\/api.w.org\/{rel}","templated":true}]}}