{"id":5897,"date":"2024-05-10T13:30:37","date_gmt":"2024-05-10T12:30:37","guid":{"rendered":"https:\/\/www.bdrdiagnostics.com\/declaration-de-confidentialite\/"},"modified":"2024-06-14T11:23:10","modified_gmt":"2024-06-14T10:23:10","slug":"politique-de-confidentialite","status":"publish","type":"page","link":"https:\/\/www.bdrdiagnostics.com\/fr\/politique-de-confidentialite\/","title":{"rendered":"Politique de confidentialit\u00e9"},"content":{"rendered":"\t\t<div data-elementor-type=\"wp-page\" data-elementor-id=\"5897\" class=\"elementor elementor-5897 elementor-3138\" data-elementor-post-type=\"page\">\n\t\t\t\t\t\t<section class=\"elementor-section elementor-top-section elementor-element elementor-element-15483b6 elementor-section-boxed elementor-section-height-default elementor-section-height-default\" data-id=\"15483b6\" data-element_type=\"section\" data-e-type=\"section\" data-settings=\"{&quot;jet_parallax_layout_list&quot;:[{&quot;jet_parallax_layout_image&quot;:{&quot;url&quot;:&quot;&quot;,&quot;id&quot;:&quot;&quot;,&quot;size&quot;:&quot;&quot;},&quot;_id&quot;:&quot;6c5a817&quot;,&quot;jet_parallax_layout_image_tablet&quot;:{&quot;url&quot;:&quot;&quot;,&quot;id&quot;:&quot;&quot;,&quot;size&quot;:&quot;&quot;},&quot;jet_parallax_layout_image_mobile&quot;:{&quot;url&quot;:&quot;&quot;,&quot;id&quot;:&quot;&quot;,&quot;size&quot;:&quot;&quot;},&quot;jet_parallax_layout_speed&quot;:{&quot;unit&quot;:&quot;%&quot;,&quot;size&quot;:50,&quot;sizes&quot;:[]},&quot;jet_parallax_layout_type&quot;:&quot;scroll&quot;,&quot;jet_parallax_layout_direction&quot;:&quot;1&quot;,&quot;jet_parallax_layout_fx_direction&quot;:null,&quot;jet_parallax_layout_z_index&quot;:&quot;&quot;,&quot;jet_parallax_layout_bg_x&quot;:50,&quot;jet_parallax_layout_bg_x_tablet&quot;:&quot;&quot;,&quot;jet_parallax_layout_bg_x_mobile&quot;:&quot;&quot;,&quot;jet_parallax_layout_bg_y&quot;:50,&quot;jet_parallax_layout_bg_y_tablet&quot;:&quot;&quot;,&quot;jet_parallax_layout_bg_y_mobile&quot;:&quot;&quot;,&quot;jet_parallax_layout_bg_size&quot;:&quot;auto&quot;,&quot;jet_parallax_layout_bg_size_tablet&quot;:&quot;&quot;,&quot;jet_parallax_layout_bg_size_mobile&quot;:&quot;&quot;,&quot;jet_parallax_layout_animation_prop&quot;:&quot;transform&quot;,&quot;jet_parallax_layout_on&quot;:[&quot;desktop&quot;,&quot;tablet&quot;]}]}\">\n\t\t\t\t\t\t<div class=\"elementor-container elementor-column-gap-default\">\n\t\t\t\t\t<div class=\"elementor-column elementor-col-100 elementor-top-column elementor-element elementor-element-853f0c9\" data-id=\"853f0c9\" data-element_type=\"column\" data-e-type=\"column\">\n\t\t\t<div class=\"elementor-widget-wrap elementor-element-populated\">\n\t\t\t\t\t\t<div class=\"elementor-element elementor-element-54c4d15 elementor-widget elementor-widget-text-editor\" data-id=\"54c4d15\" data-element_type=\"widget\" data-e-type=\"widget\" data-widget_type=\"text-editor.default\">\n\t\t\t\t<div class=\"elementor-widget-container\">\n\t\t\t\t\t\t\t\t\t<h1>Politique de confidentialit\u00e9<\/h1>\n<p>BLACKHILLS DIAGNOSTIC RESOURCES S.L.U., conform\u00e9ment aux dispositions du R\u00e8glement g\u00e9n\u00e9ral sur la protection des donn\u00e9es (R\u00e8glement (UE) 2016\/679), ainsi que de la Loi organique 3\/2018 du 5 d\u00e9cembre sur la protection des donn\u00e9es personnelles et la garantie des droits num\u00e9riques, informe les utilisateurs du site web  <a href=\"https:\/\/www.bdrdiagnostics.com\/fr\/\">https:\/\/www.bdrdiagnostics.com\/<\/a>\u00a0:<\/p>\n<p><strong>Qui est responsable du traitement des donn\u00e9es ?<\/strong><\/p>\n<p>Les donn\u00e9es fournies par l\u2019utilisateur par l\u2019interm\u00e9diaire des formulaires de ce site web sont soumises \u00e0 des traitements dont le responsable est BLACKHILLS DIAGNOSTIC RESOURCES S.L.U., CIF B99350316, dont l\u2019adresse officielle est Camino del Pil\u00f3n, n\u00ba 86, casa 7, local, 50011 Saragosse (Espagne).<\/p>\n<p>Vous pouvez nous contacter par t\u00e9l\u00e9phone au 976320849 ou par e-mail \u00e0 l\u2019adresse info@bdrdiagnostics.com.<\/p>\n<p><strong>Dans quel but collectons-nous les donn\u00e9es des utilisateurs ?<\/strong><\/p>\n<p>Ce site web collecte des donn\u00e9es personnelles par le biais de diff\u00e9rents formulaires. Les donn\u00e9es demand\u00e9es dans chaque formulaire sont celles qui sont n\u00e9cessaires \u00e0 la finalit\u00e9 pour laquelle elles sont collect\u00e9es. Les finalit\u00e9s des traitements sont les suivantes :<\/p>\n<p><u>FORMULAIRE DE CONTACT <\/u>:<\/p>\n<p>La collecte des donn\u00e9es dans ce formulaire a pour finalit\u00e9 de pouvoir r\u00e9pondre aux questions pos\u00e9es et d\u2019envoyer \u00e0 l\u2019utilisateur les informations demand\u00e9es via l\u2019adresse e-mail indiqu\u00e9e dans le formulaire. Les donn\u00e9es peuvent \u00e9galement \u00eatre utilis\u00e9es pour envoyer des informations et des actualit\u00e9s concernant notre entreprise, si l\u2019utilisateur l\u2019a autoris\u00e9.<\/p>\n<p><u>FORMULAIRE \u00ab REJOIGNEZ NOTRE \u00c9QUIPE \u00bb <\/u>:<\/p>\n<p>Si l\u2019utilisateur envoie son CV \u00e0 l\u2019adresse e-mail publi\u00e9e dans la section \u00ab REJOIGNEZ NOTRE \u00c9QUIPE \u00bb, les donn\u00e9es seront trait\u00e9es afin que le candidat puisse participer aux processus de s\u00e9lection du personnel organis\u00e9s par BLACKHILLS DIAGNOSTIC RESOURCES S.L.U.<\/p>\n<p><u>ADRESSE E-MAIL <\/u>:<\/p>\n<p>Si l\u2019utilisateur nous contacte \u00e0 l\u2019adresse e-mail publi\u00e9e sur ce site, ses donn\u00e9es seront trait\u00e9es pour r\u00e9pondre aux questions pos\u00e9es et pour lui envoyer les informations demand\u00e9es \u00e0 l\u2019adresse e-mail utilis\u00e9e pour envoyer la demande.<\/p>\n<p><strong>Quelle cat\u00e9gorie de donn\u00e9es traitons-nous ?<\/strong><\/p>\n<p>Les donn\u00e9es collect\u00e9es se r\u00e9f\u00e8rent, sans s\u2019y limiter, \u00e0 la cat\u00e9gorie des donn\u00e9es d\u2019identification, telles que : le nom et le pr\u00e9nom, l\u2019e-mail et le CV, si l\u2019utilisateur nous l\u2019envoie par le biais de l\u2019e-mail publi\u00e9 dans la rubrique \u00ab REJOIGNEZ NOTRE \u00c9QUIPE \u00bb.<\/p>\n<p><strong>Combien de temps conservons-nous les donn\u00e9es ?<\/strong><\/p>\n<p>Les donn\u00e9es collect\u00e9es par le biais du formulaire de contact seront conserv\u00e9es \u00e0 partir du moment o\u00f9 l\u2019utilisateur nous donne son consentement et jusqu\u2019\u00e0 ce qu\u2019il le r\u00e9voque ou qu\u2019il demande la limitation du traitement de ses donn\u00e9es. Dans ce cas, nous conserverons ses donn\u00e9es sous forme verrouill\u00e9e pendant la p\u00e9riode l\u00e9galement requise.<\/p>\n<p>Si l\u2019utilisateur nous envoie son CV, celui-ci sera conserv\u00e9 pendant 1 an.<\/p>\n<p><strong>\u00c9tablissons-nous des profils bas\u00e9s sur les donn\u00e9es fournies ?<\/strong><\/p>\n<p>En ce qui concerne les candidats, BLACKHILLS DIAGNOSTIC RESOURCES S.L.U. peut \u00e9tablir des profils \u00e0 l\u2019aide des informations fournies dans le CV afin de s\u00e9lectionner le meilleur candidat pour un poste donn\u00e9.<\/p>\n<p><strong>Qu\u2019est-ce qui l\u00e9gitime le traitement des donn\u00e9es ?<\/strong><\/p>\n<p>Le traitement des donn\u00e9es est l\u00e9gitim\u00e9 par le consentement expr\u00e8s donn\u00e9 par un acte positif et affirmatif (remplir le formulaire correspondant et cocher la case d\u2019acceptation de la pr\u00e9sente politique) au moment o\u00f9 l\u2019utilisateur nous fournit ses donn\u00e9es personnelles. L\u2019utilisateur doit remplir les champs demand\u00e9s pour pouvoir envoyer les formulaires remplis. Si les champs indiqu\u00e9s ne sont pas remplis, l\u2019utilisateur ne pourra pas envoyer les formulaires.<\/p>\n<p>Le traitement des donn\u00e9es envoy\u00e9es par le biais de l\u2019adresse e-mail publi\u00e9e sur le site web est l\u00e9gitim\u00e9 par l\u2019int\u00e9r\u00eat l\u00e9gitime de notre entreprise \u00e0 r\u00e9pondre aux messages re\u00e7us.<\/p>\n<p><strong>\u00c0 qui transf\u00e9rons-nous les donn\u00e9es ?<\/strong><\/p>\n<p>Aucune cession ni aucun transfert international des donn\u00e9es n\u2019est pr\u00e9vu, \u00e0 l\u2019exception de tout transfert autoris\u00e9 par la l\u00e9gislation en mati\u00e8re fiscale, commerciale et de t\u00e9l\u00e9communications, ainsi qu\u2019en cas d\u2019obligation de la part d\u2019une autorit\u00e9 judiciaire.<\/p>\n<p><strong>Quels tiers fournissent des services sur ce site web ?<\/strong><\/p>\n<p>Les fournisseurs de services suivants sont utilis\u00e9s pour le d\u00e9veloppement de ce site web :<\/p>\n<p>H\u00e9bergement : les serveurs sur lesquels notre site web est h\u00e9berg\u00e9 sont situ\u00e9s dans l\u2019UE et utilisent des protocoles s\u00e9curis\u00e9s. La communication des donn\u00e9es est donc effectu\u00e9e par l\u2019interm\u00e9diaire d\u2019un canal crypt\u00e9.<\/p>\n<p><strong>Quels sont les droits de l\u2019utilisateur et comment peut-il les faire valoir ?<\/strong><\/p>\n<p>L\u2019utilisateur a le droit d\u2019<u>acc\u00e9der<\/u>\u00a0\u00e0 ses donn\u00e9es personnelles, de demander la\u00a0<u>rectification<\/u>\u00a0des donn\u00e9es inexactes, ainsi que leur<u>suppression<\/u>\u00a0lorsque, entre autres raisons, elles ne sont plus n\u00e9cessaires aux fins pour lesquelles elles ont \u00e9t\u00e9 collect\u00e9es. Dans certaines circonstances, il pourra \u00e9galement demander la\u00a0<u>limitation<\/u>\u00a0de leur traitement, auquel cas elles ne seront conserv\u00e9es que pour effectuer des r\u00e9clamations ou s\u2019en d\u00e9fendre. Il pourra \u00e9galement demander la <u>portabilit\u00e9<\/u>\u00a0de ses donn\u00e9es. Pour des raisons li\u00e9es \u00e0 sa situation particuli\u00e8re, l\u2019utilisateur pourra s\u2019\u00a0<u>opposer<\/u>\u00a0au traitement de ses donn\u00e9es et BLACKHILLS DIAGNOSTIC RESOURCES S.L.U. cessera de les traiter, sauf pour des raisons l\u00e9gitimes imp\u00e9rieuses, ou pour r\u00e9aliser d\u2019\u00e9ventuelles r\u00e9clamations ou s\u2019en d\u00e9fendre.<\/p>\n<p>Le demandeur pourra\u00a0<u>retirer \u00e0 tout moment les consentements<\/u>\u00a0donn\u00e9s. Le demandeur pourra exercer ses droits par e-mail \u00e0 l\u2019adresse info@bdrdiagnostics.com ou dans les bureaux situ\u00e9s Camino del Pil\u00f3n, n\u00ba 86, casa 7, local, 50011 Saragosse (Espagne), en joignant une photocopie de sa carte d\u2019identit\u00e9 et en indiquant le droit qu\u2019il souhaite exercer. Il est \u00e9galement possible de d\u00e9poser une plainte aupr\u00e8s de l\u2019Agence espagnole de protection des donn\u00e9es.<\/p>\n<p><strong>Quelles mesures de s\u00e9curit\u00e9 avons-nous mises en \u0153uvre ?<\/strong><\/p>\n<p>Dans le cadre de notre engagement \u00e0 garantir la s\u00e9curit\u00e9 et la confidentialit\u00e9 de vos donn\u00e9es personnelles, nous vous informons que nous avons adopt\u00e9 les mesures techniques et organisationnelles n\u00e9cessaires pour garantir la s\u00e9curit\u00e9 de vos donn\u00e9es personnelles et \u00e9viter leur alt\u00e9ration, perte, traitement ou acc\u00e8s non autoris\u00e9, compte tenu de l\u2019\u00e9tat de la technologie, de la nature des donn\u00e9es stock\u00e9es et des risques auxquels elles sont expos\u00e9es, conform\u00e9ment \u00e0 l\u2019art. 32 du RGPD UE 679\/2016.<\/p>\n<p><strong>Comment fonctionnent nos r\u00e9seaux sociaux ?<\/strong><\/p>\n<p>Nos r\u00e9seaux sociaux vous permettent de partager nos contenus ou de nous laisser vos commentaires, photos ou vid\u00e9os, si ceux-ci peuvent int\u00e9resser l\u2019ensemble de la communaut\u00e9.<\/p>\n<p>Nos r\u00e9seaux sociaux sont contr\u00f4l\u00e9s en permanence afin de r\u00e9pondre \u00e0 vos questions et commentaires dans les plus brefs d\u00e9lais.<\/p>\n<p>Pour que tout le monde puisse profiter de cet espace, il est important de respecter certains principes de coexistence :<\/p>\n<ol>\n<li>Vous \u00eates responsable du contenu que vous publiez. Veillez donc \u00e0 n\u2019enfreindre aucun droit, loi ou r\u00e8glement.<\/li>\n<li>Soignez la formulation et le ton, \u00e9vitez de publier des informations abusives, diffamatoires ou obsc\u00e8nes.s<\/li>\n<li>Respectez le droit \u00e0 la vie priv\u00e9e, ne faites pas de commentaires ill\u00e9gaux, offensants ou discriminatoires concernant des tiers.<\/li>\n<li>\u00c9vitez les commentaires malhonn\u00eates, trompeurs ou pouvant induire en erreur.<\/li>\n<li>Nous n\u2019autorisons ni les spams, ni les messages commerciaux ou publicitaires, ni les messages r\u00e9p\u00e9titifs.<\/li>\n<li>Nous n\u2019engagerons pas de conversation avec des profils que nous estimons faux.<\/li>\n<\/ol>\n<p>Veuillez noter que le contenu publi\u00e9 par nos abonn\u00e9s sur nos pages ne refl\u00e8te pas n\u00e9cessairement les opinions de notre entreprise.<\/p>\n<p>Si vos commentaires ne sont pas conformes aux r\u00e8gles de l\u2019entreprise, ils peuvent \u00eatre supprim\u00e9s, masqu\u00e9s ou bloqu\u00e9s. Toute personne publiant du contenu non autoris\u00e9 sera exclue de la communaut\u00e9.<\/p>\n<p>Nous nous r\u00e9servons le droit de modifier ces r\u00e8gles \u00e0 tout moment et sans pr\u00e9avis.<\/p>\n\t\t\t\t\t\t\t\t<\/div>\n\t\t\t\t<\/div>\n\t\t\t\t\t<\/div>\n\t\t<\/div>\n\t\t\t\t\t<\/div>\n\t\t<\/section>\n\t\t\t\t<\/div>\n\t\t","protected":false},"excerpt":{"rendered":"<p>Politique de confidentialit\u00e9 BLACKHILLS DIAGNOSTIC RESOURCES S.L.U., conform\u00e9ment aux dispositions du R\u00e8glement g\u00e9n\u00e9ral sur la protection des donn\u00e9es (R\u00e8glement (UE) 2016\/679), ainsi que de la Loi organique 3\/2018 du 5 d\u00e9cembre sur la protection des donn\u00e9es personnelles et la garantie des droits num\u00e9riques, informe les utilisateurs du site web https:\/\/www.bdrdiagnostics.com\/\u00a0: Qui est responsable du traitement [&hellip;]<\/p>\n","protected":false},"author":1,"featured_media":0,"parent":0,"menu_order":0,"comment_status":"closed","ping_status":"open","template":"","meta":{"footnotes":""},"class_list":["post-5897","page","type-page","status-publish","hentry"],"yoast_head":"<!-- This site is optimized with the Yoast SEO plugin v27.2 - https:\/\/yoast.com\/product\/yoast-seo-wordpress\/ -->\n<title>Politique de confidentialit\u00e9 - BDR | Blackhills Diagnostics Resources<\/title>\n<meta name=\"robots\" content=\"index, follow, max-snippet:-1, max-image-preview:large, max-video-preview:-1\" \/>\n<link rel=\"canonical\" href=\"https:\/\/www.bdrdiagnostics.com\/fr\/politique-de-confidentialite\/\" \/>\n<meta property=\"og:locale\" content=\"fr_FR\" \/>\n<meta property=\"og:type\" content=\"article\" \/>\n<meta property=\"og:title\" content=\"Politique de confidentialit\u00e9 - BDR | Blackhills Diagnostics Resources\" \/>\n<meta property=\"og:description\" content=\"Politique de confidentialit\u00e9 BLACKHILLS DIAGNOSTIC RESOURCES S.L.U., conform\u00e9ment aux dispositions du R\u00e8glement g\u00e9n\u00e9ral sur la protection des donn\u00e9es (R\u00e8glement (UE) 2016\/679), ainsi que de la Loi organique 3\/2018 du 5 d\u00e9cembre sur la protection des donn\u00e9es personnelles et la garantie des droits num\u00e9riques, informe les utilisateurs du site web https:\/\/www.bdrdiagnostics.com\/\u00a0: Qui est responsable du traitement [&hellip;]\" \/>\n<meta property=\"og:url\" content=\"https:\/\/www.bdrdiagnostics.com\/fr\/politique-de-confidentialite\/\" \/>\n<meta property=\"og:site_name\" content=\"BDR | Blackhills Diagnostics Resources\" \/>\n<meta property=\"article:modified_time\" content=\"2024-06-14T10:23:10+00:00\" \/>\n<meta name=\"twitter:card\" content=\"summary_large_image\" \/>\n<meta name=\"twitter:label1\" content=\"Dur\u00e9e de lecture estim\u00e9e\" \/>\n\t<meta name=\"twitter:data1\" content=\"6 minutes\" \/>\n<script type=\"application\/ld+json\" class=\"yoast-schema-graph\">{\"@context\":\"https:\/\/schema.org\",\"@graph\":[{\"@type\":\"WebPage\",\"@id\":\"https:\/\/www.bdrdiagnostics.com\/fr\/politique-de-confidentialite\/\",\"url\":\"https:\/\/www.bdrdiagnostics.com\/fr\/politique-de-confidentialite\/\",\"name\":\"Politique de confidentialit\u00e9 - BDR | Blackhills Diagnostics Resources\",\"isPartOf\":{\"@id\":\"https:\/\/www.bdrdiagnostics.com\/fr\/#website\"},\"datePublished\":\"2024-05-10T12:30:37+00:00\",\"dateModified\":\"2024-06-14T10:23:10+00:00\",\"breadcrumb\":{\"@id\":\"https:\/\/www.bdrdiagnostics.com\/fr\/politique-de-confidentialite\/#breadcrumb\"},\"inLanguage\":\"fr-FR\",\"potentialAction\":[{\"@type\":\"ReadAction\",\"target\":[\"https:\/\/www.bdrdiagnostics.com\/fr\/politique-de-confidentialite\/\"]}]},{\"@type\":\"BreadcrumbList\",\"@id\":\"https:\/\/www.bdrdiagnostics.com\/fr\/politique-de-confidentialite\/#breadcrumb\",\"itemListElement\":[{\"@type\":\"ListItem\",\"position\":1,\"name\":\"Home\",\"item\":\"https:\/\/www.bdrdiagnostics.com\/fr\/\"},{\"@type\":\"ListItem\",\"position\":2,\"name\":\"Politique de confidentialit\u00e9\"}]},{\"@type\":\"WebSite\",\"@id\":\"https:\/\/www.bdrdiagnostics.com\/fr\/#website\",\"url\":\"https:\/\/www.bdrdiagnostics.com\/fr\/\",\"name\":\"BDR | Blackhills Diagnostics Resources\",\"description\":\"Desarrollo de productos para el diagn\u00f3stico in vitro\",\"publisher\":{\"@id\":\"https:\/\/www.bdrdiagnostics.com\/fr\/#organization\"},\"potentialAction\":[{\"@type\":\"SearchAction\",\"target\":{\"@type\":\"EntryPoint\",\"urlTemplate\":\"https:\/\/www.bdrdiagnostics.com\/fr\/?s={search_term_string}\"},\"query-input\":{\"@type\":\"PropertyValueSpecification\",\"valueRequired\":true,\"valueName\":\"search_term_string\"}}],\"inLanguage\":\"fr-FR\"},{\"@type\":\"Organization\",\"@id\":\"https:\/\/www.bdrdiagnostics.com\/fr\/#organization\",\"name\":\"BDR | Blackhills Diagnostics Resources\",\"url\":\"https:\/\/www.bdrdiagnostics.com\/fr\/\",\"logo\":{\"@type\":\"ImageObject\",\"inLanguage\":\"fr-FR\",\"@id\":\"https:\/\/www.bdrdiagnostics.com\/fr\/#\/schema\/logo\/image\/\",\"url\":\"https:\/\/www.bdrdiagnostics.com\/wp-content\/uploads\/2021\/09\/bdr-logo.svg\",\"contentUrl\":\"https:\/\/www.bdrdiagnostics.com\/wp-content\/uploads\/2021\/09\/bdr-logo.svg\",\"width\":127,\"height\":53,\"caption\":\"BDR | Blackhills Diagnostics Resources\"},\"image\":{\"@id\":\"https:\/\/www.bdrdiagnostics.com\/fr\/#\/schema\/logo\/image\/\"}}]}<\/script>\n<!-- \/ Yoast SEO plugin. -->","yoast_head_json":{"title":"Politique de confidentialit\u00e9 - BDR | Blackhills Diagnostics Resources","robots":{"index":"index","follow":"follow","max-snippet":"max-snippet:-1","max-image-preview":"max-image-preview:large","max-video-preview":"max-video-preview:-1"},"canonical":"https:\/\/www.bdrdiagnostics.com\/fr\/politique-de-confidentialite\/","og_locale":"fr_FR","og_type":"article","og_title":"Politique de confidentialit\u00e9 - BDR | Blackhills Diagnostics Resources","og_description":"Politique de confidentialit\u00e9 BLACKHILLS DIAGNOSTIC RESOURCES S.L.U., conform\u00e9ment aux dispositions du R\u00e8glement g\u00e9n\u00e9ral sur la protection des donn\u00e9es (R\u00e8glement (UE) 2016\/679), ainsi que de la Loi organique 3\/2018 du 5 d\u00e9cembre sur la protection des donn\u00e9es personnelles et la garantie des droits num\u00e9riques, informe les utilisateurs du site web https:\/\/www.bdrdiagnostics.com\/\u00a0: Qui est responsable du traitement [&hellip;]","og_url":"https:\/\/www.bdrdiagnostics.com\/fr\/politique-de-confidentialite\/","og_site_name":"BDR | Blackhills Diagnostics Resources","article_modified_time":"2024-06-14T10:23:10+00:00","twitter_card":"summary_large_image","twitter_misc":{"Dur\u00e9e de lecture estim\u00e9e":"6 minutes"},"schema":{"@context":"https:\/\/schema.org","@graph":[{"@type":"WebPage","@id":"https:\/\/www.bdrdiagnostics.com\/fr\/politique-de-confidentialite\/","url":"https:\/\/www.bdrdiagnostics.com\/fr\/politique-de-confidentialite\/","name":"Politique de confidentialit\u00e9 - BDR | Blackhills Diagnostics Resources","isPartOf":{"@id":"https:\/\/www.bdrdiagnostics.com\/fr\/#website"},"datePublished":"2024-05-10T12:30:37+00:00","dateModified":"2024-06-14T10:23:10+00:00","breadcrumb":{"@id":"https:\/\/www.bdrdiagnostics.com\/fr\/politique-de-confidentialite\/#breadcrumb"},"inLanguage":"fr-FR","potentialAction":[{"@type":"ReadAction","target":["https:\/\/www.bdrdiagnostics.com\/fr\/politique-de-confidentialite\/"]}]},{"@type":"BreadcrumbList","@id":"https:\/\/www.bdrdiagnostics.com\/fr\/politique-de-confidentialite\/#breadcrumb","itemListElement":[{"@type":"ListItem","position":1,"name":"Home","item":"https:\/\/www.bdrdiagnostics.com\/fr\/"},{"@type":"ListItem","position":2,"name":"Politique de confidentialit\u00e9"}]},{"@type":"WebSite","@id":"https:\/\/www.bdrdiagnostics.com\/fr\/#website","url":"https:\/\/www.bdrdiagnostics.com\/fr\/","name":"BDR | Blackhills Diagnostics Resources","description":"Desarrollo de productos para el diagn\u00f3stico in vitro","publisher":{"@id":"https:\/\/www.bdrdiagnostics.com\/fr\/#organization"},"potentialAction":[{"@type":"SearchAction","target":{"@type":"EntryPoint","urlTemplate":"https:\/\/www.bdrdiagnostics.com\/fr\/?s={search_term_string}"},"query-input":{"@type":"PropertyValueSpecification","valueRequired":true,"valueName":"search_term_string"}}],"inLanguage":"fr-FR"},{"@type":"Organization","@id":"https:\/\/www.bdrdiagnostics.com\/fr\/#organization","name":"BDR | Blackhills Diagnostics Resources","url":"https:\/\/www.bdrdiagnostics.com\/fr\/","logo":{"@type":"ImageObject","inLanguage":"fr-FR","@id":"https:\/\/www.bdrdiagnostics.com\/fr\/#\/schema\/logo\/image\/","url":"https:\/\/www.bdrdiagnostics.com\/wp-content\/uploads\/2021\/09\/bdr-logo.svg","contentUrl":"https:\/\/www.bdrdiagnostics.com\/wp-content\/uploads\/2021\/09\/bdr-logo.svg","width":127,"height":53,"caption":"BDR | Blackhills Diagnostics Resources"},"image":{"@id":"https:\/\/www.bdrdiagnostics.com\/fr\/#\/schema\/logo\/image\/"}}]}},"_links":{"self":[{"href":"https:\/\/www.bdrdiagnostics.com\/fr\/wp-json\/wp\/v2\/pages\/5897","targetHints":{"allow":["GET"]}}],"collection":[{"href":"https:\/\/www.bdrdiagnostics.com\/fr\/wp-json\/wp\/v2\/pages"}],"about":[{"href":"https:\/\/www.bdrdiagnostics.com\/fr\/wp-json\/wp\/v2\/types\/page"}],"author":[{"embeddable":true,"href":"https:\/\/www.bdrdiagnostics.com\/fr\/wp-json\/wp\/v2\/users\/1"}],"replies":[{"embeddable":true,"href":"https:\/\/www.bdrdiagnostics.com\/fr\/wp-json\/wp\/v2\/comments?post=5897"}],"version-history":[{"count":7,"href":"https:\/\/www.bdrdiagnostics.com\/fr\/wp-json\/wp\/v2\/pages\/5897\/revisions"}],"predecessor-version":[{"id":6770,"href":"https:\/\/www.bdrdiagnostics.com\/fr\/wp-json\/wp\/v2\/pages\/5897\/revisions\/6770"}],"wp:attachment":[{"href":"https:\/\/www.bdrdiagnostics.com\/fr\/wp-json\/wp\/v2\/media?parent=5897"}],"curies":[{"name":"wp","href":"https:\/\/api.w.org\/{rel}","templated":true}]}}