{"id":8300,"date":"2025-01-17T09:43:14","date_gmt":"2025-01-17T08:43:14","guid":{"rendered":"https:\/\/www.bdrdiagnostics.com\/?page_id=8300"},"modified":"2025-01-17T09:59:00","modified_gmt":"2025-01-17T08:59:00","slug":"mentorat-et-soutien-a-linternationalisation-des-pme","status":"publish","type":"page","link":"https:\/\/www.bdrdiagnostics.com\/fr\/mentorat-et-soutien-a-linternationalisation-des-pme\/","title":{"rendered":"\u202fMentorat et soutien \u00e0 l\u2019internationalisation des PME\u202f"},"content":{"rendered":"\t\t<div data-elementor-type=\"wp-page\" data-elementor-id=\"8300\" class=\"elementor elementor-8300 elementor-8298\" data-elementor-post-type=\"page\">\n\t\t\t\t\t\t<section class=\"elementor-section elementor-top-section elementor-element elementor-element-f0e34ec elementor-section-boxed elementor-section-height-default elementor-section-height-default\" data-id=\"f0e34ec\" data-element_type=\"section\" data-e-type=\"section\" data-settings=\"{&quot;jet_parallax_layout_list&quot;:[{&quot;jet_parallax_layout_image&quot;:{&quot;url&quot;:&quot;&quot;,&quot;id&quot;:&quot;&quot;,&quot;size&quot;:&quot;&quot;},&quot;_id&quot;:&quot;6c5a817&quot;,&quot;jet_parallax_layout_image_tablet&quot;:{&quot;url&quot;:&quot;&quot;,&quot;id&quot;:&quot;&quot;,&quot;size&quot;:&quot;&quot;},&quot;jet_parallax_layout_image_mobile&quot;:{&quot;url&quot;:&quot;&quot;,&quot;id&quot;:&quot;&quot;,&quot;size&quot;:&quot;&quot;},&quot;jet_parallax_layout_speed&quot;:{&quot;unit&quot;:&quot;%&quot;,&quot;size&quot;:50,&quot;sizes&quot;:[]},&quot;jet_parallax_layout_type&quot;:&quot;scroll&quot;,&quot;jet_parallax_layout_direction&quot;:&quot;1&quot;,&quot;jet_parallax_layout_fx_direction&quot;:null,&quot;jet_parallax_layout_z_index&quot;:&quot;&quot;,&quot;jet_parallax_layout_bg_x&quot;:50,&quot;jet_parallax_layout_bg_x_tablet&quot;:&quot;&quot;,&quot;jet_parallax_layout_bg_x_mobile&quot;:&quot;&quot;,&quot;jet_parallax_layout_bg_y&quot;:50,&quot;jet_parallax_layout_bg_y_tablet&quot;:&quot;&quot;,&quot;jet_parallax_layout_bg_y_mobile&quot;:&quot;&quot;,&quot;jet_parallax_layout_bg_size&quot;:&quot;auto&quot;,&quot;jet_parallax_layout_bg_size_tablet&quot;:&quot;&quot;,&quot;jet_parallax_layout_bg_size_mobile&quot;:&quot;&quot;,&quot;jet_parallax_layout_animation_prop&quot;:&quot;transform&quot;,&quot;jet_parallax_layout_on&quot;:[&quot;desktop&quot;,&quot;tablet&quot;]}]}\">\n\t\t\t\t\t\t<div class=\"elementor-container elementor-column-gap-default\">\n\t\t\t\t\t<div class=\"elementor-column elementor-col-100 elementor-top-column elementor-element elementor-element-4fba49a\" data-id=\"4fba49a\" data-element_type=\"column\" data-e-type=\"column\">\n\t\t\t<div class=\"elementor-widget-wrap elementor-element-populated\">\n\t\t\t\t\t\t<div class=\"elementor-element elementor-element-9afbfe4 elementor-widget elementor-widget-text-editor\" data-id=\"9afbfe4\" data-element_type=\"widget\" data-e-type=\"widget\" data-widget_type=\"text-editor.default\">\n\t\t\t\t<div class=\"elementor-widget-container\">\n\t\t\t\t\t\t\t\t\t<h2 style=\"text-align: left;\"><span style=\"color: #fbaf31;\">Subventions 2024 de certification internationale du programme de \u00ab\u202fMentorat et soutien \u00e0 l\u2019internationalisation des PME\u202f\u00bb de la Chambre de commerce, d\u2019industrie, de services et de navigation d\u2019Espagne, dans le cadre du Plan de relance, de transformation et de r\u00e9silience (PRTR).<\/span><\/h2>\t\t\t\t\t\t\t\t<\/div>\n\t\t\t\t<\/div>\n\t\t\t\t<div class=\"elementor-element elementor-element-d25986e elementor-widget-divider--view-line elementor-widget elementor-widget-divider\" data-id=\"d25986e\" data-element_type=\"widget\" data-e-type=\"widget\" data-widget_type=\"divider.default\">\n\t\t\t\t<div class=\"elementor-widget-container\">\n\t\t\t\t\t\t\t<div class=\"elementor-divider\">\n\t\t\t<span class=\"elementor-divider-separator\">\n\t\t\t\t\t\t<\/span>\n\t\t<\/div>\n\t\t\t\t\t\t<\/div>\n\t\t\t\t<\/div>\n\t\t\t\t<div class=\"elementor-element elementor-element-129d098 elementor-widget elementor-widget-text-editor\" data-id=\"129d098\" data-element_type=\"widget\" data-e-type=\"widget\" data-widget_type=\"text-editor.default\">\n\t\t\t\t<div class=\"elementor-widget-container\">\n\t\t\t\t\t\t\t\t\t<p>Chez <strong>Blackhills Diagnostic Resources<\/strong>, nous sommes ravis d\u2019annoncer que nous avons \u00e9t\u00e9 b\u00e9n\u00e9ficiaires des <strong>Subventions 2024 de certification internationale<\/strong>, dans le cadre du <strong>Programme de \u00ab\u202fMentorat et soutien \u00e0 l\u2019internationalisation des PME\u202f\u00bb<\/strong>, promu par la <strong>Chambre de Commerce d\u2019Espagne<\/strong>. Cette initiative, incluse dans le <strong>Plan de relance, de transformation et de r\u00e9silience (PRTR)<\/strong>, vise \u00e0 renforcer la comp\u00e9titivit\u00e9 et l\u2019expansion des petites et moyennes entreprises espagnoles vers de nouveaux march\u00e9s.<\/p><p>L\u2019objectif du programme est de consolider les capacit\u00e9s d\u2019internationalisation du tissu productif, en favorisant l\u2019innovation, la num\u00e9risation et la durabilit\u00e9. Gr\u00e2ce \u00e0 ces subventions, <strong>BDR<\/strong> pourra continuer \u00e0 d\u00e9velopper sa pr\u00e9sence \u00e0 l\u2019\u00e9tranger, en valorisant ses solutions de diagnostic in vitro et en proposant des produits et services b\u00e9n\u00e9ficiant de certifications internationales qui garantissent la plus haute qualit\u00e9.<\/p><p>Chez <strong>BDR<\/strong>, nous continuerons \u00e0 \u0153uvrer pour consolider nos activit\u00e9s d\u2019exportation, am\u00e9liorer la formation de notre \u00e9quipe et diversifier nos march\u00e9s. Nous remercions les entit\u00e9s responsables de cette initiative et r\u00e9affirmons notre engagement en faveur de l\u2019innovation, de la comp\u00e9titivit\u00e9 et de la croissance durable.<\/p>\t\t\t\t\t\t\t\t<\/div>\n\t\t\t\t<\/div>\n\t\t\t\t\t<\/div>\n\t\t<\/div>\n\t\t\t\t\t<\/div>\n\t\t<\/section>\n\t\t\t\t<section class=\"elementor-section elementor-top-section elementor-element elementor-element-a8e058a elementor-section-boxed elementor-section-height-default elementor-section-height-default\" data-id=\"a8e058a\" data-element_type=\"section\" data-e-type=\"section\" data-settings=\"{&quot;jet_parallax_layout_list&quot;:[]}\">\n\t\t\t\t\t\t<div class=\"elementor-container elementor-column-gap-default\">\n\t\t\t\t\t<div class=\"elementor-column elementor-col-100 elementor-top-column elementor-element elementor-element-6869bd3\" data-id=\"6869bd3\" data-element_type=\"column\" data-e-type=\"column\">\n\t\t\t<div class=\"elementor-widget-wrap\">\n\t\t\t\t\t\t\t<\/div>\n\t\t<\/div>\n\t\t\t\t\t<\/div>\n\t\t<\/section>\n\t\t\t\t<\/div>\n\t\t","protected":false},"excerpt":{"rendered":"<p>Subventions 2024 de certification internationale du programme de \u00ab\u202fMentorat et soutien \u00e0 l\u2019internationalisation des PME\u202f\u00bb de la Chambre de commerce, d\u2019industrie, de services et de navigation d\u2019Espagne, dans le cadre du Plan de relance, de transformation et de r\u00e9silience (PRTR). Chez Blackhills Diagnostic Resources, nous sommes ravis d\u2019annoncer que nous avons \u00e9t\u00e9 b\u00e9n\u00e9ficiaires des Subventions [&hellip;]<\/p>\n","protected":false},"author":6,"featured_media":5727,"parent":0,"menu_order":0,"comment_status":"closed","ping_status":"closed","template":"","meta":{"footnotes":""},"class_list":["post-8300","page","type-page","status-publish","has-post-thumbnail","hentry"],"yoast_head":"<!-- This site is optimized with the Yoast SEO plugin v27.2 - https:\/\/yoast.com\/product\/yoast-seo-wordpress\/ -->\n<title>\u202fMentorat et soutien \u00e0 l\u2019internationalisation des PME\u202f - BDR | Blackhills Diagnostics Resources<\/title>\n<meta name=\"robots\" content=\"index, follow, max-snippet:-1, max-image-preview:large, max-video-preview:-1\" \/>\n<link rel=\"canonical\" href=\"https:\/\/www.bdrdiagnostics.com\/fr\/mentorat-et-soutien-a-linternationalisation-des-pme\/\" \/>\n<meta property=\"og:locale\" content=\"fr_FR\" \/>\n<meta property=\"og:type\" content=\"article\" \/>\n<meta property=\"og:title\" content=\"\u202fMentorat et soutien \u00e0 l\u2019internationalisation des PME\u202f - BDR | Blackhills Diagnostics Resources\" \/>\n<meta property=\"og:description\" content=\"Subventions 2024 de certification internationale du programme de \u00ab\u202fMentorat et soutien \u00e0 l\u2019internationalisation des PME\u202f\u00bb de la Chambre de commerce, d\u2019industrie, de services et de navigation d\u2019Espagne, dans le cadre du Plan de relance, de transformation et de r\u00e9silience (PRTR). Chez Blackhills Diagnostic Resources, nous sommes ravis d\u2019annoncer que nous avons \u00e9t\u00e9 b\u00e9n\u00e9ficiaires des Subventions [&hellip;]\" \/>\n<meta property=\"og:url\" content=\"https:\/\/www.bdrdiagnostics.com\/fr\/mentorat-et-soutien-a-linternationalisation-des-pme\/\" \/>\n<meta property=\"og:site_name\" content=\"BDR | Blackhills Diagnostics Resources\" \/>\n<meta property=\"article:modified_time\" content=\"2025-01-17T08:59:00+00:00\" \/>\n<meta property=\"og:image\" content=\"https:\/\/www.bdrdiagnostics.com\/wp-content\/uploads\/2023\/02\/IcexNextheader-2.png\" \/>\n\t<meta property=\"og:image:width\" content=\"823\" \/>\n\t<meta property=\"og:image:height\" content=\"252\" \/>\n\t<meta property=\"og:image:type\" content=\"image\/png\" \/>\n<meta name=\"twitter:card\" content=\"summary_large_image\" \/>\n<meta name=\"twitter:label1\" content=\"Dur\u00e9e de lecture estim\u00e9e\" \/>\n\t<meta name=\"twitter:data1\" content=\"2 minutes\" \/>\n<script type=\"application\/ld+json\" class=\"yoast-schema-graph\">{\"@context\":\"https:\/\/schema.org\",\"@graph\":[{\"@type\":\"WebPage\",\"@id\":\"https:\/\/www.bdrdiagnostics.com\/fr\/mentorat-et-soutien-a-linternationalisation-des-pme\/\",\"url\":\"https:\/\/www.bdrdiagnostics.com\/fr\/mentorat-et-soutien-a-linternationalisation-des-pme\/\",\"name\":\"\u202fMentorat et soutien \u00e0 l\u2019internationalisation des PME\u202f - BDR | Blackhills Diagnostics Resources\",\"isPartOf\":{\"@id\":\"https:\/\/www.bdrdiagnostics.com\/fr\/#website\"},\"primaryImageOfPage\":{\"@id\":\"https:\/\/www.bdrdiagnostics.com\/fr\/mentorat-et-soutien-a-linternationalisation-des-pme\/#primaryimage\"},\"image\":{\"@id\":\"https:\/\/www.bdrdiagnostics.com\/fr\/mentorat-et-soutien-a-linternationalisation-des-pme\/#primaryimage\"},\"thumbnailUrl\":\"https:\/\/www.bdrdiagnostics.com\/wp-content\/uploads\/2023\/02\/IcexNextheader-2.png\",\"datePublished\":\"2025-01-17T08:43:14+00:00\",\"dateModified\":\"2025-01-17T08:59:00+00:00\",\"breadcrumb\":{\"@id\":\"https:\/\/www.bdrdiagnostics.com\/fr\/mentorat-et-soutien-a-linternationalisation-des-pme\/#breadcrumb\"},\"inLanguage\":\"fr-FR\",\"potentialAction\":[{\"@type\":\"ReadAction\",\"target\":[\"https:\/\/www.bdrdiagnostics.com\/fr\/mentorat-et-soutien-a-linternationalisation-des-pme\/\"]}]},{\"@type\":\"ImageObject\",\"inLanguage\":\"fr-FR\",\"@id\":\"https:\/\/www.bdrdiagnostics.com\/fr\/mentorat-et-soutien-a-linternationalisation-des-pme\/#primaryimage\",\"url\":\"https:\/\/www.bdrdiagnostics.com\/wp-content\/uploads\/2023\/02\/IcexNextheader-2.png\",\"contentUrl\":\"https:\/\/www.bdrdiagnostics.com\/wp-content\/uploads\/2023\/02\/IcexNextheader-2.png\",\"width\":823,\"height\":252},{\"@type\":\"BreadcrumbList\",\"@id\":\"https:\/\/www.bdrdiagnostics.com\/fr\/mentorat-et-soutien-a-linternationalisation-des-pme\/#breadcrumb\",\"itemListElement\":[{\"@type\":\"ListItem\",\"position\":1,\"name\":\"Home\",\"item\":\"https:\/\/www.bdrdiagnostics.com\/fr\/\"},{\"@type\":\"ListItem\",\"position\":2,\"name\":\"\u202fMentorat et soutien \u00e0 l\u2019internationalisation des PME\u202f\"}]},{\"@type\":\"WebSite\",\"@id\":\"https:\/\/www.bdrdiagnostics.com\/fr\/#website\",\"url\":\"https:\/\/www.bdrdiagnostics.com\/fr\/\",\"name\":\"BDR | Blackhills Diagnostics Resources\",\"description\":\"Desarrollo de productos para el diagn\u00f3stico in vitro\",\"publisher\":{\"@id\":\"https:\/\/www.bdrdiagnostics.com\/fr\/#organization\"},\"potentialAction\":[{\"@type\":\"SearchAction\",\"target\":{\"@type\":\"EntryPoint\",\"urlTemplate\":\"https:\/\/www.bdrdiagnostics.com\/fr\/?s={search_term_string}\"},\"query-input\":{\"@type\":\"PropertyValueSpecification\",\"valueRequired\":true,\"valueName\":\"search_term_string\"}}],\"inLanguage\":\"fr-FR\"},{\"@type\":\"Organization\",\"@id\":\"https:\/\/www.bdrdiagnostics.com\/fr\/#organization\",\"name\":\"BDR | Blackhills Diagnostics Resources\",\"url\":\"https:\/\/www.bdrdiagnostics.com\/fr\/\",\"logo\":{\"@type\":\"ImageObject\",\"inLanguage\":\"fr-FR\",\"@id\":\"https:\/\/www.bdrdiagnostics.com\/fr\/#\/schema\/logo\/image\/\",\"url\":\"https:\/\/www.bdrdiagnostics.com\/wp-content\/uploads\/2021\/09\/bdr-logo.svg\",\"contentUrl\":\"https:\/\/www.bdrdiagnostics.com\/wp-content\/uploads\/2021\/09\/bdr-logo.svg\",\"width\":127,\"height\":53,\"caption\":\"BDR | Blackhills Diagnostics Resources\"},\"image\":{\"@id\":\"https:\/\/www.bdrdiagnostics.com\/fr\/#\/schema\/logo\/image\/\"}}]}<\/script>\n<!-- \/ Yoast SEO plugin. -->","yoast_head_json":{"title":"\u202fMentorat et soutien \u00e0 l\u2019internationalisation des PME\u202f - BDR | Blackhills Diagnostics Resources","robots":{"index":"index","follow":"follow","max-snippet":"max-snippet:-1","max-image-preview":"max-image-preview:large","max-video-preview":"max-video-preview:-1"},"canonical":"https:\/\/www.bdrdiagnostics.com\/fr\/mentorat-et-soutien-a-linternationalisation-des-pme\/","og_locale":"fr_FR","og_type":"article","og_title":"\u202fMentorat et soutien \u00e0 l\u2019internationalisation des PME\u202f - BDR | Blackhills Diagnostics Resources","og_description":"Subventions 2024 de certification internationale du programme de \u00ab\u202fMentorat et soutien \u00e0 l\u2019internationalisation des PME\u202f\u00bb de la Chambre de commerce, d\u2019industrie, de services et de navigation d\u2019Espagne, dans le cadre du Plan de relance, de transformation et de r\u00e9silience (PRTR). Chez Blackhills Diagnostic Resources, nous sommes ravis d\u2019annoncer que nous avons \u00e9t\u00e9 b\u00e9n\u00e9ficiaires des Subventions [&hellip;]","og_url":"https:\/\/www.bdrdiagnostics.com\/fr\/mentorat-et-soutien-a-linternationalisation-des-pme\/","og_site_name":"BDR | Blackhills Diagnostics Resources","article_modified_time":"2025-01-17T08:59:00+00:00","og_image":[{"width":823,"height":252,"url":"https:\/\/www.bdrdiagnostics.com\/wp-content\/uploads\/2023\/02\/IcexNextheader-2.png","type":"image\/png"}],"twitter_card":"summary_large_image","twitter_misc":{"Dur\u00e9e de lecture estim\u00e9e":"2 minutes"},"schema":{"@context":"https:\/\/schema.org","@graph":[{"@type":"WebPage","@id":"https:\/\/www.bdrdiagnostics.com\/fr\/mentorat-et-soutien-a-linternationalisation-des-pme\/","url":"https:\/\/www.bdrdiagnostics.com\/fr\/mentorat-et-soutien-a-linternationalisation-des-pme\/","name":"\u202fMentorat et soutien \u00e0 l\u2019internationalisation des PME\u202f - BDR | Blackhills Diagnostics Resources","isPartOf":{"@id":"https:\/\/www.bdrdiagnostics.com\/fr\/#website"},"primaryImageOfPage":{"@id":"https:\/\/www.bdrdiagnostics.com\/fr\/mentorat-et-soutien-a-linternationalisation-des-pme\/#primaryimage"},"image":{"@id":"https:\/\/www.bdrdiagnostics.com\/fr\/mentorat-et-soutien-a-linternationalisation-des-pme\/#primaryimage"},"thumbnailUrl":"https:\/\/www.bdrdiagnostics.com\/wp-content\/uploads\/2023\/02\/IcexNextheader-2.png","datePublished":"2025-01-17T08:43:14+00:00","dateModified":"2025-01-17T08:59:00+00:00","breadcrumb":{"@id":"https:\/\/www.bdrdiagnostics.com\/fr\/mentorat-et-soutien-a-linternationalisation-des-pme\/#breadcrumb"},"inLanguage":"fr-FR","potentialAction":[{"@type":"ReadAction","target":["https:\/\/www.bdrdiagnostics.com\/fr\/mentorat-et-soutien-a-linternationalisation-des-pme\/"]}]},{"@type":"ImageObject","inLanguage":"fr-FR","@id":"https:\/\/www.bdrdiagnostics.com\/fr\/mentorat-et-soutien-a-linternationalisation-des-pme\/#primaryimage","url":"https:\/\/www.bdrdiagnostics.com\/wp-content\/uploads\/2023\/02\/IcexNextheader-2.png","contentUrl":"https:\/\/www.bdrdiagnostics.com\/wp-content\/uploads\/2023\/02\/IcexNextheader-2.png","width":823,"height":252},{"@type":"BreadcrumbList","@id":"https:\/\/www.bdrdiagnostics.com\/fr\/mentorat-et-soutien-a-linternationalisation-des-pme\/#breadcrumb","itemListElement":[{"@type":"ListItem","position":1,"name":"Home","item":"https:\/\/www.bdrdiagnostics.com\/fr\/"},{"@type":"ListItem","position":2,"name":"\u202fMentorat et soutien \u00e0 l\u2019internationalisation des PME\u202f"}]},{"@type":"WebSite","@id":"https:\/\/www.bdrdiagnostics.com\/fr\/#website","url":"https:\/\/www.bdrdiagnostics.com\/fr\/","name":"BDR | Blackhills Diagnostics Resources","description":"Desarrollo de productos para el diagn\u00f3stico in vitro","publisher":{"@id":"https:\/\/www.bdrdiagnostics.com\/fr\/#organization"},"potentialAction":[{"@type":"SearchAction","target":{"@type":"EntryPoint","urlTemplate":"https:\/\/www.bdrdiagnostics.com\/fr\/?s={search_term_string}"},"query-input":{"@type":"PropertyValueSpecification","valueRequired":true,"valueName":"search_term_string"}}],"inLanguage":"fr-FR"},{"@type":"Organization","@id":"https:\/\/www.bdrdiagnostics.com\/fr\/#organization","name":"BDR | Blackhills Diagnostics Resources","url":"https:\/\/www.bdrdiagnostics.com\/fr\/","logo":{"@type":"ImageObject","inLanguage":"fr-FR","@id":"https:\/\/www.bdrdiagnostics.com\/fr\/#\/schema\/logo\/image\/","url":"https:\/\/www.bdrdiagnostics.com\/wp-content\/uploads\/2021\/09\/bdr-logo.svg","contentUrl":"https:\/\/www.bdrdiagnostics.com\/wp-content\/uploads\/2021\/09\/bdr-logo.svg","width":127,"height":53,"caption":"BDR | Blackhills Diagnostics Resources"},"image":{"@id":"https:\/\/www.bdrdiagnostics.com\/fr\/#\/schema\/logo\/image\/"}}]}},"_links":{"self":[{"href":"https:\/\/www.bdrdiagnostics.com\/fr\/wp-json\/wp\/v2\/pages\/8300","targetHints":{"allow":["GET"]}}],"collection":[{"href":"https:\/\/www.bdrdiagnostics.com\/fr\/wp-json\/wp\/v2\/pages"}],"about":[{"href":"https:\/\/www.bdrdiagnostics.com\/fr\/wp-json\/wp\/v2\/types\/page"}],"author":[{"embeddable":true,"href":"https:\/\/www.bdrdiagnostics.com\/fr\/wp-json\/wp\/v2\/users\/6"}],"replies":[{"embeddable":true,"href":"https:\/\/www.bdrdiagnostics.com\/fr\/wp-json\/wp\/v2\/comments?post=8300"}],"version-history":[{"count":4,"href":"https:\/\/www.bdrdiagnostics.com\/fr\/wp-json\/wp\/v2\/pages\/8300\/revisions"}],"predecessor-version":[{"id":8321,"href":"https:\/\/www.bdrdiagnostics.com\/fr\/wp-json\/wp\/v2\/pages\/8300\/revisions\/8321"}],"wp:featuredmedia":[{"embeddable":true,"href":"https:\/\/www.bdrdiagnostics.com\/fr\/wp-json\/wp\/v2\/media\/5727"}],"wp:attachment":[{"href":"https:\/\/www.bdrdiagnostics.com\/fr\/wp-json\/wp\/v2\/media?parent=8300"}],"curies":[{"name":"wp","href":"https:\/\/api.w.org\/{rel}","templated":true}]}}