{"id":9382,"date":"2025-10-30T15:02:47","date_gmt":"2025-10-30T14:02:47","guid":{"rendered":"https:\/\/www.bdrdiagnostics.com\/?page_id=9382"},"modified":"2025-10-30T15:24:24","modified_gmt":"2025-10-30T14:24:24","slug":"bdr-et-diagnostica-longwood-dirigent-un-projet-de-rd-finance-par-le-gouvernement-daragon","status":"publish","type":"page","link":"https:\/\/www.bdrdiagnostics.com\/fr\/bdr-et-diagnostica-longwood-dirigent-un-projet-de-rd-finance-par-le-gouvernement-daragon\/","title":{"rendered":"BDR et Diagn\u00f3stica Longwood dirigent un projet de R&amp;D financ\u00e9 par le Gouvernement d&rsquo;Aragon"},"content":{"rendered":"\t\t<div data-elementor-type=\"wp-page\" data-elementor-id=\"9382\" class=\"elementor elementor-9382 elementor-9380\" data-elementor-post-type=\"page\">\n\t\t\t\t\t\t<section class=\"elementor-section elementor-top-section elementor-element elementor-element-f0e34ec elementor-section-boxed elementor-section-height-default elementor-section-height-default\" data-id=\"f0e34ec\" data-element_type=\"section\" data-e-type=\"section\" data-settings=\"{&quot;jet_parallax_layout_list&quot;:[{&quot;jet_parallax_layout_image&quot;:{&quot;url&quot;:&quot;&quot;,&quot;id&quot;:&quot;&quot;,&quot;size&quot;:&quot;&quot;},&quot;_id&quot;:&quot;6c5a817&quot;,&quot;jet_parallax_layout_image_tablet&quot;:{&quot;url&quot;:&quot;&quot;,&quot;id&quot;:&quot;&quot;,&quot;size&quot;:&quot;&quot;},&quot;jet_parallax_layout_image_mobile&quot;:{&quot;url&quot;:&quot;&quot;,&quot;id&quot;:&quot;&quot;,&quot;size&quot;:&quot;&quot;},&quot;jet_parallax_layout_speed&quot;:{&quot;unit&quot;:&quot;%&quot;,&quot;size&quot;:50,&quot;sizes&quot;:[]},&quot;jet_parallax_layout_type&quot;:&quot;scroll&quot;,&quot;jet_parallax_layout_direction&quot;:&quot;1&quot;,&quot;jet_parallax_layout_fx_direction&quot;:null,&quot;jet_parallax_layout_z_index&quot;:&quot;&quot;,&quot;jet_parallax_layout_bg_x&quot;:50,&quot;jet_parallax_layout_bg_x_tablet&quot;:&quot;&quot;,&quot;jet_parallax_layout_bg_x_mobile&quot;:&quot;&quot;,&quot;jet_parallax_layout_bg_y&quot;:50,&quot;jet_parallax_layout_bg_y_tablet&quot;:&quot;&quot;,&quot;jet_parallax_layout_bg_y_mobile&quot;:&quot;&quot;,&quot;jet_parallax_layout_bg_size&quot;:&quot;auto&quot;,&quot;jet_parallax_layout_bg_size_tablet&quot;:&quot;&quot;,&quot;jet_parallax_layout_bg_size_mobile&quot;:&quot;&quot;,&quot;jet_parallax_layout_animation_prop&quot;:&quot;transform&quot;,&quot;jet_parallax_layout_on&quot;:[&quot;desktop&quot;,&quot;tablet&quot;]}]}\">\n\t\t\t\t\t\t<div class=\"elementor-container elementor-column-gap-default\">\n\t\t\t\t\t<div class=\"elementor-column elementor-col-100 elementor-top-column elementor-element elementor-element-4fba49a\" data-id=\"4fba49a\" data-element_type=\"column\" data-e-type=\"column\">\n\t\t\t<div class=\"elementor-widget-wrap elementor-element-populated\">\n\t\t\t\t\t\t<div class=\"elementor-element elementor-element-9afbfe4 elementor-widget elementor-widget-text-editor\" data-id=\"9afbfe4\" data-element_type=\"widget\" data-e-type=\"widget\" data-widget_type=\"text-editor.default\">\n\t\t\t\t<div class=\"elementor-widget-container\">\n\t\t\t\t\t\t\t\t\t<h2 style=\"text-align: left;\"><span style=\"color: #fbaf31;\">BDR et Diagn\u00f3stica Longwood dirigent un projet de R&#038;D financ\u00e9 par le Gouvernement d&rsquo;Aragon<\/span><\/h2>\t\t\t\t\t\t\t\t<\/div>\n\t\t\t\t<\/div>\n\t\t\t\t<div class=\"elementor-element elementor-element-d25986e elementor-widget-divider--view-line elementor-widget elementor-widget-divider\" data-id=\"d25986e\" data-element_type=\"widget\" data-e-type=\"widget\" data-widget_type=\"divider.default\">\n\t\t\t\t<div class=\"elementor-widget-container\">\n\t\t\t\t\t\t\t<div class=\"elementor-divider\">\n\t\t\t<span class=\"elementor-divider-separator\">\n\t\t\t\t\t\t<\/span>\n\t\t<\/div>\n\t\t\t\t\t\t<\/div>\n\t\t\t\t<\/div>\n\t\t\t\t<div class=\"elementor-element elementor-element-129d098 elementor-widget elementor-widget-text-editor\" data-id=\"129d098\" data-element_type=\"widget\" data-e-type=\"widget\" data-widget_type=\"text-editor.default\">\n\t\t\t\t<div class=\"elementor-widget-container\">\n\t\t\t\t\t\t\t\t\t<p>BDR et Diagn\u00f3stica Longwood ont obtenu une subvention du D\u00e9partement de l&rsquo;\u00c9conomie, de la Planification et de l&rsquo;Emploi du Gouvernement d&rsquo;Aragon, dans le cadre du programme d&rsquo;aide aux projets d&rsquo;entreprise de recherche industrielle et\/ou de d\u00e9veloppement exp\u00e9rimental.<\/p><p>Ce financement s&rsquo;inscrit dans la <b>Ligne de subvention : ORDONNANCE EPE\/71\/2023, du 27 janvier<\/b>, visant \u00e0 promouvoir en Aragon des projets li\u00e9s \u00e0 la mobilit\u00e9 durable ou au secteur pharmaceutique.<\/p><p>L&rsquo;objectif de cette aide, qui s&rsquo;\u00e9l\u00e8ve \u00e0 <b>500 235 \u20ac<\/b>, est le d\u00e9veloppement du projet intitul\u00e9 : \u00ab <b>Recherche d&rsquo;une nouvelle m\u00e9thode non invasive bas\u00e9e sur le g\u00e9notypage HLA \u00e0 partir d&rsquo;ARNm circulant pour la d\u00e9tection pr\u00e9coce du rejet d&rsquo;organes d\u00e9j\u00e0 transplant\u00e9s<\/b> \u00bb.<\/p>\t\t\t\t\t\t\t\t<\/div>\n\t\t\t\t<\/div>\n\t\t\t\t<div class=\"elementor-element elementor-element-3a98d46 elementor-widget elementor-widget-image\" data-id=\"3a98d46\" data-element_type=\"widget\" data-e-type=\"widget\" data-widget_type=\"image.default\">\n\t\t\t\t<div class=\"elementor-widget-container\">\n\t\t\t\t\t\t\t\t\t\t\t\t\t\t\t\t<a href=\"https:\/\/www.bdrdiagnostics.com\/wp-content\/uploads\/2025\/10\/Cartel-Subvencion.png\" data-elementor-open-lightbox=\"yes\" data-elementor-lightbox-title=\"Cartel Subvenci\u00f3n\" data-e-action-hash=\"#elementor-action%3Aaction%3Dlightbox%26settings%3DeyJpZCI6OTM4NywidXJsIjoiaHR0cHM6XC9cL3d3dy5iZHJkaWFnbm9zdGljcy5jb21cL3dwLWNvbnRlbnRcL3VwbG9hZHNcLzIwMjVcLzEwXC9DYXJ0ZWwtU3VidmVuY2lvbi5wbmcifQ%3D%3D\">\n\t\t\t\t\t\t\t<img fetchpriority=\"high\" decoding=\"async\" width=\"800\" height=\"564\" src=\"https:\/\/www.bdrdiagnostics.com\/wp-content\/uploads\/2025\/10\/Cartel-Subvencion-1024x722.png\" class=\"attachment-large size-large wp-image-9387\" alt=\"\" srcset=\"https:\/\/www.bdrdiagnostics.com\/wp-content\/uploads\/2025\/10\/Cartel-Subvencion-1024x722.png 1024w, https:\/\/www.bdrdiagnostics.com\/wp-content\/uploads\/2025\/10\/Cartel-Subvencion-300x211.png 300w, https:\/\/www.bdrdiagnostics.com\/wp-content\/uploads\/2025\/10\/Cartel-Subvencion-768x541.png 768w, https:\/\/www.bdrdiagnostics.com\/wp-content\/uploads\/2025\/10\/Cartel-Subvencion.png 1183w\" sizes=\"(max-width: 800px) 100vw, 800px\" \/>\t\t\t\t\t\t\t\t<\/a>\n\t\t\t\t\t\t\t\t\t\t\t\t\t\t\t<\/div>\n\t\t\t\t<\/div>\n\t\t\t\t<div class=\"elementor-element elementor-element-9d69fb4 elementor-widget elementor-widget-text-editor\" data-id=\"9d69fb4\" data-element_type=\"widget\" data-e-type=\"widget\" data-widget_type=\"text-editor.default\">\n\t\t\t\t<div class=\"elementor-widget-container\">\n\t\t\t\t\t\t\t\t\t<p>Cette initiative r\u00e9affirme l&rsquo;engagement de BDR et de Diagn\u00f3stica Longwood en faveur de l&rsquo;innovation dans le secteur de la sant\u00e9, contribuant au d\u00e9veloppement de nouvelles solutions diagnostiques susceptibles d&rsquo;am\u00e9liorer consid\u00e9rablement la qualit\u00e9 de vie des patients transplant\u00e9s.<\/p>\t\t\t\t\t\t\t\t<\/div>\n\t\t\t\t<\/div>\n\t\t\t\t\t<\/div>\n\t\t<\/div>\n\t\t\t\t\t<\/div>\n\t\t<\/section>\n\t\t\t\t<section class=\"elementor-section elementor-top-section elementor-element elementor-element-a8e058a elementor-section-boxed elementor-section-height-default elementor-section-height-default\" data-id=\"a8e058a\" data-element_type=\"section\" data-e-type=\"section\" data-settings=\"{&quot;jet_parallax_layout_list&quot;:[]}\">\n\t\t\t\t\t\t<div class=\"elementor-container elementor-column-gap-default\">\n\t\t\t\t\t<div class=\"elementor-column elementor-col-100 elementor-top-column elementor-element elementor-element-6869bd3\" data-id=\"6869bd3\" data-element_type=\"column\" data-e-type=\"column\">\n\t\t\t<div class=\"elementor-widget-wrap\">\n\t\t\t\t\t\t\t<\/div>\n\t\t<\/div>\n\t\t\t\t\t<\/div>\n\t\t<\/section>\n\t\t\t\t<\/div>\n\t\t","protected":false},"excerpt":{"rendered":"<p>BDR et Diagn\u00f3stica Longwood dirigent un projet de R&#038;D financ\u00e9 par le Gouvernement d&rsquo;Aragon BDR et Diagn\u00f3stica Longwood ont obtenu une subvention du D\u00e9partement de l&rsquo;\u00c9conomie, de la Planification et de l&rsquo;Emploi du Gouvernement d&rsquo;Aragon, dans le cadre du programme d&rsquo;aide aux projets d&rsquo;entreprise de recherche industrielle et\/ou de d\u00e9veloppement exp\u00e9rimental. Ce financement s&rsquo;inscrit dans [&hellip;]<\/p>\n","protected":false},"author":6,"featured_media":5727,"parent":0,"menu_order":0,"comment_status":"closed","ping_status":"closed","template":"","meta":{"footnotes":""},"class_list":["post-9382","page","type-page","status-publish","has-post-thumbnail","hentry"],"yoast_head":"<!-- This site is optimized with the Yoast SEO plugin v27.2 - https:\/\/yoast.com\/product\/yoast-seo-wordpress\/ -->\n<title>BDR et Diagn\u00f3stica Longwood dirigent un projet de R&amp;D financ\u00e9 par le Gouvernement d&#039;Aragon - BDR | Blackhills Diagnostics Resources<\/title>\n<meta name=\"robots\" content=\"index, follow, max-snippet:-1, max-image-preview:large, max-video-preview:-1\" \/>\n<link rel=\"canonical\" href=\"https:\/\/www.bdrdiagnostics.com\/fr\/bdr-et-diagnostica-longwood-dirigent-un-projet-de-rd-finance-par-le-gouvernement-daragon\/\" \/>\n<meta property=\"og:locale\" content=\"fr_FR\" \/>\n<meta property=\"og:type\" content=\"article\" \/>\n<meta property=\"og:title\" content=\"BDR et Diagn\u00f3stica Longwood dirigent un projet de R&amp;D financ\u00e9 par le Gouvernement d&#039;Aragon - BDR | Blackhills Diagnostics Resources\" \/>\n<meta property=\"og:description\" content=\"BDR et Diagn\u00f3stica Longwood dirigent un projet de R&#038;D financ\u00e9 par le Gouvernement d&rsquo;Aragon BDR et Diagn\u00f3stica Longwood ont obtenu une subvention du D\u00e9partement de l&rsquo;\u00c9conomie, de la Planification et de l&rsquo;Emploi du Gouvernement d&rsquo;Aragon, dans le cadre du programme d&rsquo;aide aux projets d&rsquo;entreprise de recherche industrielle et\/ou de d\u00e9veloppement exp\u00e9rimental. Ce financement s&rsquo;inscrit dans [&hellip;]\" \/>\n<meta property=\"og:url\" content=\"https:\/\/www.bdrdiagnostics.com\/fr\/bdr-et-diagnostica-longwood-dirigent-un-projet-de-rd-finance-par-le-gouvernement-daragon\/\" \/>\n<meta property=\"og:site_name\" content=\"BDR | Blackhills Diagnostics Resources\" \/>\n<meta property=\"article:modified_time\" content=\"2025-10-30T14:24:24+00:00\" \/>\n<meta property=\"og:image\" content=\"https:\/\/www.bdrdiagnostics.com\/wp-content\/uploads\/2023\/02\/IcexNextheader-2.png\" \/>\n\t<meta property=\"og:image:width\" content=\"823\" \/>\n\t<meta property=\"og:image:height\" content=\"252\" \/>\n\t<meta property=\"og:image:type\" content=\"image\/png\" \/>\n<meta name=\"twitter:card\" content=\"summary_large_image\" \/>\n<meta name=\"twitter:label1\" content=\"Dur\u00e9e de lecture estim\u00e9e\" \/>\n\t<meta name=\"twitter:data1\" content=\"2 minutes\" \/>\n<script type=\"application\/ld+json\" class=\"yoast-schema-graph\">{\"@context\":\"https:\/\/schema.org\",\"@graph\":[{\"@type\":\"WebPage\",\"@id\":\"https:\/\/www.bdrdiagnostics.com\/fr\/bdr-et-diagnostica-longwood-dirigent-un-projet-de-rd-finance-par-le-gouvernement-daragon\/\",\"url\":\"https:\/\/www.bdrdiagnostics.com\/fr\/bdr-et-diagnostica-longwood-dirigent-un-projet-de-rd-finance-par-le-gouvernement-daragon\/\",\"name\":\"BDR et Diagn\u00f3stica Longwood dirigent un projet de R&amp;D financ\u00e9 par le Gouvernement d'Aragon - BDR | Blackhills Diagnostics Resources\",\"isPartOf\":{\"@id\":\"https:\/\/www.bdrdiagnostics.com\/fr\/#website\"},\"primaryImageOfPage\":{\"@id\":\"https:\/\/www.bdrdiagnostics.com\/fr\/bdr-et-diagnostica-longwood-dirigent-un-projet-de-rd-finance-par-le-gouvernement-daragon\/#primaryimage\"},\"image\":{\"@id\":\"https:\/\/www.bdrdiagnostics.com\/fr\/bdr-et-diagnostica-longwood-dirigent-un-projet-de-rd-finance-par-le-gouvernement-daragon\/#primaryimage\"},\"thumbnailUrl\":\"https:\/\/www.bdrdiagnostics.com\/wp-content\/uploads\/2023\/02\/IcexNextheader-2.png\",\"datePublished\":\"2025-10-30T14:02:47+00:00\",\"dateModified\":\"2025-10-30T14:24:24+00:00\",\"breadcrumb\":{\"@id\":\"https:\/\/www.bdrdiagnostics.com\/fr\/bdr-et-diagnostica-longwood-dirigent-un-projet-de-rd-finance-par-le-gouvernement-daragon\/#breadcrumb\"},\"inLanguage\":\"fr-FR\",\"potentialAction\":[{\"@type\":\"ReadAction\",\"target\":[\"https:\/\/www.bdrdiagnostics.com\/fr\/bdr-et-diagnostica-longwood-dirigent-un-projet-de-rd-finance-par-le-gouvernement-daragon\/\"]}]},{\"@type\":\"ImageObject\",\"inLanguage\":\"fr-FR\",\"@id\":\"https:\/\/www.bdrdiagnostics.com\/fr\/bdr-et-diagnostica-longwood-dirigent-un-projet-de-rd-finance-par-le-gouvernement-daragon\/#primaryimage\",\"url\":\"https:\/\/www.bdrdiagnostics.com\/wp-content\/uploads\/2023\/02\/IcexNextheader-2.png\",\"contentUrl\":\"https:\/\/www.bdrdiagnostics.com\/wp-content\/uploads\/2023\/02\/IcexNextheader-2.png\",\"width\":823,\"height\":252},{\"@type\":\"BreadcrumbList\",\"@id\":\"https:\/\/www.bdrdiagnostics.com\/fr\/bdr-et-diagnostica-longwood-dirigent-un-projet-de-rd-finance-par-le-gouvernement-daragon\/#breadcrumb\",\"itemListElement\":[{\"@type\":\"ListItem\",\"position\":1,\"name\":\"Home\",\"item\":\"https:\/\/www.bdrdiagnostics.com\/fr\/\"},{\"@type\":\"ListItem\",\"position\":2,\"name\":\"BDR et Diagn\u00f3stica Longwood dirigent un projet de R&amp;D financ\u00e9 par le Gouvernement d&#8217;Aragon\"}]},{\"@type\":\"WebSite\",\"@id\":\"https:\/\/www.bdrdiagnostics.com\/fr\/#website\",\"url\":\"https:\/\/www.bdrdiagnostics.com\/fr\/\",\"name\":\"BDR | Blackhills Diagnostics Resources\",\"description\":\"Desarrollo de productos para el diagn\u00f3stico in vitro\",\"publisher\":{\"@id\":\"https:\/\/www.bdrdiagnostics.com\/fr\/#organization\"},\"potentialAction\":[{\"@type\":\"SearchAction\",\"target\":{\"@type\":\"EntryPoint\",\"urlTemplate\":\"https:\/\/www.bdrdiagnostics.com\/fr\/?s={search_term_string}\"},\"query-input\":{\"@type\":\"PropertyValueSpecification\",\"valueRequired\":true,\"valueName\":\"search_term_string\"}}],\"inLanguage\":\"fr-FR\"},{\"@type\":\"Organization\",\"@id\":\"https:\/\/www.bdrdiagnostics.com\/fr\/#organization\",\"name\":\"BDR | Blackhills Diagnostics Resources\",\"url\":\"https:\/\/www.bdrdiagnostics.com\/fr\/\",\"logo\":{\"@type\":\"ImageObject\",\"inLanguage\":\"fr-FR\",\"@id\":\"https:\/\/www.bdrdiagnostics.com\/fr\/#\/schema\/logo\/image\/\",\"url\":\"https:\/\/www.bdrdiagnostics.com\/wp-content\/uploads\/2021\/09\/bdr-logo.svg\",\"contentUrl\":\"https:\/\/www.bdrdiagnostics.com\/wp-content\/uploads\/2021\/09\/bdr-logo.svg\",\"width\":127,\"height\":53,\"caption\":\"BDR | Blackhills Diagnostics Resources\"},\"image\":{\"@id\":\"https:\/\/www.bdrdiagnostics.com\/fr\/#\/schema\/logo\/image\/\"}}]}<\/script>\n<!-- \/ Yoast SEO plugin. -->","yoast_head_json":{"title":"BDR et Diagn\u00f3stica Longwood dirigent un projet de R&amp;D financ\u00e9 par le Gouvernement d'Aragon - BDR | Blackhills Diagnostics Resources","robots":{"index":"index","follow":"follow","max-snippet":"max-snippet:-1","max-image-preview":"max-image-preview:large","max-video-preview":"max-video-preview:-1"},"canonical":"https:\/\/www.bdrdiagnostics.com\/fr\/bdr-et-diagnostica-longwood-dirigent-un-projet-de-rd-finance-par-le-gouvernement-daragon\/","og_locale":"fr_FR","og_type":"article","og_title":"BDR et Diagn\u00f3stica Longwood dirigent un projet de R&amp;D financ\u00e9 par le Gouvernement d'Aragon - BDR | Blackhills Diagnostics Resources","og_description":"BDR et Diagn\u00f3stica Longwood dirigent un projet de R&#038;D financ\u00e9 par le Gouvernement d&rsquo;Aragon BDR et Diagn\u00f3stica Longwood ont obtenu une subvention du D\u00e9partement de l&rsquo;\u00c9conomie, de la Planification et de l&rsquo;Emploi du Gouvernement d&rsquo;Aragon, dans le cadre du programme d&rsquo;aide aux projets d&rsquo;entreprise de recherche industrielle et\/ou de d\u00e9veloppement exp\u00e9rimental. Ce financement s&rsquo;inscrit dans [&hellip;]","og_url":"https:\/\/www.bdrdiagnostics.com\/fr\/bdr-et-diagnostica-longwood-dirigent-un-projet-de-rd-finance-par-le-gouvernement-daragon\/","og_site_name":"BDR | Blackhills Diagnostics Resources","article_modified_time":"2025-10-30T14:24:24+00:00","og_image":[{"width":823,"height":252,"url":"https:\/\/www.bdrdiagnostics.com\/wp-content\/uploads\/2023\/02\/IcexNextheader-2.png","type":"image\/png"}],"twitter_card":"summary_large_image","twitter_misc":{"Dur\u00e9e de lecture estim\u00e9e":"2 minutes"},"schema":{"@context":"https:\/\/schema.org","@graph":[{"@type":"WebPage","@id":"https:\/\/www.bdrdiagnostics.com\/fr\/bdr-et-diagnostica-longwood-dirigent-un-projet-de-rd-finance-par-le-gouvernement-daragon\/","url":"https:\/\/www.bdrdiagnostics.com\/fr\/bdr-et-diagnostica-longwood-dirigent-un-projet-de-rd-finance-par-le-gouvernement-daragon\/","name":"BDR et Diagn\u00f3stica Longwood dirigent un projet de R&amp;D financ\u00e9 par le Gouvernement d'Aragon - BDR | Blackhills Diagnostics Resources","isPartOf":{"@id":"https:\/\/www.bdrdiagnostics.com\/fr\/#website"},"primaryImageOfPage":{"@id":"https:\/\/www.bdrdiagnostics.com\/fr\/bdr-et-diagnostica-longwood-dirigent-un-projet-de-rd-finance-par-le-gouvernement-daragon\/#primaryimage"},"image":{"@id":"https:\/\/www.bdrdiagnostics.com\/fr\/bdr-et-diagnostica-longwood-dirigent-un-projet-de-rd-finance-par-le-gouvernement-daragon\/#primaryimage"},"thumbnailUrl":"https:\/\/www.bdrdiagnostics.com\/wp-content\/uploads\/2023\/02\/IcexNextheader-2.png","datePublished":"2025-10-30T14:02:47+00:00","dateModified":"2025-10-30T14:24:24+00:00","breadcrumb":{"@id":"https:\/\/www.bdrdiagnostics.com\/fr\/bdr-et-diagnostica-longwood-dirigent-un-projet-de-rd-finance-par-le-gouvernement-daragon\/#breadcrumb"},"inLanguage":"fr-FR","potentialAction":[{"@type":"ReadAction","target":["https:\/\/www.bdrdiagnostics.com\/fr\/bdr-et-diagnostica-longwood-dirigent-un-projet-de-rd-finance-par-le-gouvernement-daragon\/"]}]},{"@type":"ImageObject","inLanguage":"fr-FR","@id":"https:\/\/www.bdrdiagnostics.com\/fr\/bdr-et-diagnostica-longwood-dirigent-un-projet-de-rd-finance-par-le-gouvernement-daragon\/#primaryimage","url":"https:\/\/www.bdrdiagnostics.com\/wp-content\/uploads\/2023\/02\/IcexNextheader-2.png","contentUrl":"https:\/\/www.bdrdiagnostics.com\/wp-content\/uploads\/2023\/02\/IcexNextheader-2.png","width":823,"height":252},{"@type":"BreadcrumbList","@id":"https:\/\/www.bdrdiagnostics.com\/fr\/bdr-et-diagnostica-longwood-dirigent-un-projet-de-rd-finance-par-le-gouvernement-daragon\/#breadcrumb","itemListElement":[{"@type":"ListItem","position":1,"name":"Home","item":"https:\/\/www.bdrdiagnostics.com\/fr\/"},{"@type":"ListItem","position":2,"name":"BDR et Diagn\u00f3stica Longwood dirigent un projet de R&amp;D financ\u00e9 par le Gouvernement d&#8217;Aragon"}]},{"@type":"WebSite","@id":"https:\/\/www.bdrdiagnostics.com\/fr\/#website","url":"https:\/\/www.bdrdiagnostics.com\/fr\/","name":"BDR | Blackhills Diagnostics Resources","description":"Desarrollo de productos para el diagn\u00f3stico in vitro","publisher":{"@id":"https:\/\/www.bdrdiagnostics.com\/fr\/#organization"},"potentialAction":[{"@type":"SearchAction","target":{"@type":"EntryPoint","urlTemplate":"https:\/\/www.bdrdiagnostics.com\/fr\/?s={search_term_string}"},"query-input":{"@type":"PropertyValueSpecification","valueRequired":true,"valueName":"search_term_string"}}],"inLanguage":"fr-FR"},{"@type":"Organization","@id":"https:\/\/www.bdrdiagnostics.com\/fr\/#organization","name":"BDR | Blackhills Diagnostics Resources","url":"https:\/\/www.bdrdiagnostics.com\/fr\/","logo":{"@type":"ImageObject","inLanguage":"fr-FR","@id":"https:\/\/www.bdrdiagnostics.com\/fr\/#\/schema\/logo\/image\/","url":"https:\/\/www.bdrdiagnostics.com\/wp-content\/uploads\/2021\/09\/bdr-logo.svg","contentUrl":"https:\/\/www.bdrdiagnostics.com\/wp-content\/uploads\/2021\/09\/bdr-logo.svg","width":127,"height":53,"caption":"BDR | Blackhills Diagnostics Resources"},"image":{"@id":"https:\/\/www.bdrdiagnostics.com\/fr\/#\/schema\/logo\/image\/"}}]}},"_links":{"self":[{"href":"https:\/\/www.bdrdiagnostics.com\/fr\/wp-json\/wp\/v2\/pages\/9382","targetHints":{"allow":["GET"]}}],"collection":[{"href":"https:\/\/www.bdrdiagnostics.com\/fr\/wp-json\/wp\/v2\/pages"}],"about":[{"href":"https:\/\/www.bdrdiagnostics.com\/fr\/wp-json\/wp\/v2\/types\/page"}],"author":[{"embeddable":true,"href":"https:\/\/www.bdrdiagnostics.com\/fr\/wp-json\/wp\/v2\/users\/6"}],"replies":[{"embeddable":true,"href":"https:\/\/www.bdrdiagnostics.com\/fr\/wp-json\/wp\/v2\/comments?post=9382"}],"version-history":[{"count":4,"href":"https:\/\/www.bdrdiagnostics.com\/fr\/wp-json\/wp\/v2\/pages\/9382\/revisions"}],"predecessor-version":[{"id":9405,"href":"https:\/\/www.bdrdiagnostics.com\/fr\/wp-json\/wp\/v2\/pages\/9382\/revisions\/9405"}],"wp:featuredmedia":[{"embeddable":true,"href":"https:\/\/www.bdrdiagnostics.com\/fr\/wp-json\/wp\/v2\/media\/5727"}],"wp:attachment":[{"href":"https:\/\/www.bdrdiagnostics.com\/fr\/wp-json\/wp\/v2\/media?parent=9382"}],"curies":[{"name":"wp","href":"https:\/\/api.w.org\/{rel}","templated":true}]}}